 {"id":4824,"date":"2025-11-24T14:45:23","date_gmt":"2025-11-24T13:45:23","guid":{"rendered":"https:\/\/aunitypartner.com\/?post_type=product&#038;p=4824"},"modified":"2025-12-18T11:39:39","modified_gmt":"2025-12-18T10:39:39","slug":"2-x-anion-anti-aging-balance-na-suchu-plet-face-tonicum-intimwashlotion","status":"publish","type":"product","link":"https:\/\/aunitypartner.com\/en\/produkt\/2-x-anion-anti-aging-balance-na-suchu-plet-face-tonicum-intimwashlotion\/","title":{"rendered":"2 x ANION ANTI-AGING BALANCE na such\u00fa ple\u0165  + Face Tonicum + Intimwashlotion"},"content":{"rendered":"<p>Promo mesiaca<\/p>\n<p>Sada kvalitnej kozmetiky aunity ANION s \u00fa\u010dinkom ani\u00f3nov.<\/p>\n<p>&nbsp;<\/p>\n","protected":false},"excerpt":{"rendered":"<p>Sada kvalitnej kozmetiky aunity ANION s \u00fa\u010dinkom ani\u00f3nov<\/p>\n<p>Promo mesiaca<\/p>\n","protected":false},"featured_media":3506,"comment_status":"open","ping_status":"closed","template":"","meta":[],"product_brand":[],"product_cat":[37,47],"product_tag":[],"class_list":{"0":"post-4824","1":"product","2":"type-product","3":"status-publish","4":"has-post-thumbnail","6":"product_cat-anionova-kozmetika-aunity","7":"product_cat-promo-akcia-mesiaca","9":"first","10":"instock","11":"taxable","12":"shipping-taxable","13":"purchasable","14":"product-type-simple"},"_links":{"self":[{"href":"https:\/\/aunitypartner.com\/en\/wp-json\/wp\/v2\/product\/4824","targetHints":{"allow":["GET"]}}],"collection":[{"href":"https:\/\/aunitypartner.com\/en\/wp-json\/wp\/v2\/product"}],"about":[{"href":"https:\/\/aunitypartner.com\/en\/wp-json\/wp\/v2\/types\/product"}],"replies":[{"embeddable":true,"href":"https:\/\/aunitypartner.com\/en\/wp-json\/wp\/v2\/comments?post=4824"}],"wp:featuredmedia":[{"embeddable":true,"href":"https:\/\/aunitypartner.com\/en\/wp-json\/wp\/v2\/media\/3506"}],"wp:attachment":[{"href":"https:\/\/aunitypartner.com\/en\/wp-json\/wp\/v2\/media?parent=4824"}],"wp:term":[{"taxonomy":"product_brand","embeddable":true,"href":"https:\/\/aunitypartner.com\/en\/wp-json\/wp\/v2\/product_brand?post=4824"},{"taxonomy":"product_cat","embeddable":true,"href":"https:\/\/aunitypartner.com\/en\/wp-json\/wp\/v2\/product_cat?post=4824"},{"taxonomy":"product_tag","embeddable":true,"href":"https:\/\/aunitypartner.com\/en\/wp-json\/wp\/v2\/product_tag?post=4824"}],"curies":[{"name":"wp","href":"https:\/\/api.w.org\/{rel}","templated":true}]}}