 {"id":4822,"date":"2025-11-24T14:31:49","date_gmt":"2025-11-24T13:31:49","guid":{"rendered":"https:\/\/aunitypartner.com\/?post_type=product&#038;p=4822"},"modified":"2026-03-19T10:06:11","modified_gmt":"2026-03-19T09:06:11","slug":"anion-anti-aging-balance-krem-na-normalnu-plet-anion-intimwashlotion","status":"publish","type":"product","link":"https:\/\/aunitypartner.com\/en\/produkt\/anion-anti-aging-balance-krem-na-normalnu-plet-anion-intimwashlotion\/","title":{"rendered":"ANION ANTI-AGING BALANCE kr\u00e9m na norm\u00e1lnu ple\u0165 + Anion Intimwashlotion"},"content":{"rendered":"<p><b>Promo mesiaca\u00a0<\/b><\/p>\n<p>Podrobn\u00fd popis jednotliv\u00fdch produktov zaraden\u00fdch do tejto varianty:<\/p>\n<p><a href=\"https:\/\/aunitypartner.com\/produkt\/anion-anti-aging-balance-krem-na-normalnu-plet\/\" target=\"_blank\" rel=\"noopener\">ANION ANTI-AGING BALANCE kr\u00e9m na norm\u00e1l. ple\u0165 50 ml PR\u00cdRODN\u00c1 KOZMETIKA \u2013 AUNITY PARTNER<\/a><\/p>\n<p><a href=\"https:\/\/aunitypartner.com\/produkt\/anion-intimwaschlotion\/\" target=\"_blank\" rel=\"noopener\">ANION INTIMWASHLOTION sprchovac\u00ed g\u00e9l na int\u00edm. hygienu \u2013 AUNITY PARTNER<\/a><\/p>\n","protected":false},"excerpt":{"rendered":"<p>ANION ANTI-AGING BALANCE kr\u00e9m na norm\u00e1lnu ple\u0165 + ANION Intimwashlotion (int\u00edmne sprchovacie mydlo)<\/p>\n<p>Promo mesiaca<\/p>\n","protected":false},"featured_media":3506,"comment_status":"open","ping_status":"closed","template":"","meta":[],"product_brand":[],"product_cat":[37,47],"product_tag":[],"class_list":{"0":"post-4822","1":"product","2":"type-product","3":"status-publish","4":"has-post-thumbnail","6":"product_cat-anionova-kozmetika-aunity","7":"product_cat-promo-akcia-mesiaca","9":"first","10":"instock","11":"taxable","12":"shipping-taxable","13":"purchasable","14":"product-type-simple"},"_links":{"self":[{"href":"https:\/\/aunitypartner.com\/en\/wp-json\/wp\/v2\/product\/4822","targetHints":{"allow":["GET"]}}],"collection":[{"href":"https:\/\/aunitypartner.com\/en\/wp-json\/wp\/v2\/product"}],"about":[{"href":"https:\/\/aunitypartner.com\/en\/wp-json\/wp\/v2\/types\/product"}],"replies":[{"embeddable":true,"href":"https:\/\/aunitypartner.com\/en\/wp-json\/wp\/v2\/comments?post=4822"}],"wp:featuredmedia":[{"embeddable":true,"href":"https:\/\/aunitypartner.com\/en\/wp-json\/wp\/v2\/media\/3506"}],"wp:attachment":[{"href":"https:\/\/aunitypartner.com\/en\/wp-json\/wp\/v2\/media?parent=4822"}],"wp:term":[{"taxonomy":"product_brand","embeddable":true,"href":"https:\/\/aunitypartner.com\/en\/wp-json\/wp\/v2\/product_brand?post=4822"},{"taxonomy":"product_cat","embeddable":true,"href":"https:\/\/aunitypartner.com\/en\/wp-json\/wp\/v2\/product_cat?post=4822"},{"taxonomy":"product_tag","embeddable":true,"href":"https:\/\/aunitypartner.com\/en\/wp-json\/wp\/v2\/product_tag?post=4822"}],"curies":[{"name":"wp","href":"https:\/\/api.w.org\/{rel}","templated":true}]}}