 {"id":4038,"date":"2025-03-04T11:56:48","date_gmt":"2025-03-04T10:56:48","guid":{"rendered":"https:\/\/aunitypartner.com\/?post_type=product&#038;p=4038"},"modified":"2025-07-19T14:12:05","modified_gmt":"2025-07-19T12:12:05","slug":"bio-lacto-bifido","status":"publish","type":"product","link":"https:\/\/aunitypartner.com\/en\/produkt\/bio-lacto-bifido\/","title":{"rendered":"BIO LACTO BIFIDO DE-\u00d6KO-006"},"content":{"rendered":"<p>Cielen\u00e9 z\u00e1sobenie organizmu mlie\u010dnymi bakt\u00e9riami s <strong>aunity Bio Lacto Bifido DE-\u00d6KO-006<\/strong><\/p>\n<p>Bio Lacto Bifido obsahuje <strong>Bifidobacterium longum<\/strong> a <strong>Lactobacillus gasseri<\/strong>, ktor\u00e9 prin\u00e1\u0161aj\u00fa viacero potenci\u00e1lnych v\u00fdhod pre organizmus. Tieto probiotick\u00e9 bakt\u00e9rie m\u00f4\u017eu <strong>podporova\u0165 zdravie \u010driev, posil\u0148ova\u0165 imunitn\u00fd syst\u00e9m<\/strong> (~80 % imunitn\u00e9ho syst\u00e9mu sa nach\u00e1dza v \u010drev\u00e1ch) a p\u00f4sobi\u0165 <strong>protiz\u00e1palovo<\/strong>. Okrem toho m\u00f4\u017eu <strong>priaznivo ovplyv\u0148ova\u0165 zdravie poko\u017eky<\/strong> a <strong>podporova\u0165 regul\u00e1ciu hmotnosti<\/strong> zlep\u0161en\u00edm metabolizmu a zn\u00ed\u017een\u00edm vstreb\u00e1vania tukov v \u010drev\u00e1ch.<\/p>\n<p><strong>Inform\u00e1cie o produkte:<\/strong><\/p>\n<p><strong>Odpor\u00fa\u010dan\u00e9 d\u00e1vkovanie:<\/strong> U\u017e\u00edvajte 1 kapsulu denne, prehltnite ju vcelku a zapite dostato\u010dn\u00fdm mno\u017estvom vody.<br \/>\n<strong>Balenie obsahuje<\/strong>: 40 kaps\u00fal (40 denn\u00fdch d\u00e1vok)<br \/>\n<strong>Nomin\u00e1lne mno\u017estvo:<\/strong> 10,3 g<br \/>\n<strong>Obchodn\u00e9 ozna\u010denie:<\/strong> Bio v\u00fd\u017eivov\u00fd doplnok na cielen\u00e9 z\u00e1sobenie organizmu mlie\u010dnymi bakt\u00e9riami DE-\u00d6KO-006<br \/>\n<strong>Skladovanie<\/strong>: Skladujte na chladnom, suchom a tmavom mieste.<br \/>\n<strong>Minim\u00e1lna doba pou\u017eite\u013enosti<\/strong>: uveden\u00e1 na spodnej strane obalu<\/p>\n<p>Podrobn\u00e9 zlo\u017eenie je uveden\u00e9 v pr\u00edbalovom let\u00e1ku.<\/p>\n<p><a href=\"https:\/\/aunitypartner.com\/wp-content\/uploads\/2025\/03\/BIO-LACTO-BIFIDO_pribalovy-letak.pdf\" target=\"_blank\" rel=\"noopener\">BIO LACTO BIFIDO pr\u00edbalov\u00fd let\u00e1k<\/a><\/p>\n","protected":false},"excerpt":{"rendered":"<p class=\"black\">Bio doplnok v\u00fd\u017eivy na cielen\u00e9 dod\u00e1vanie bakt\u00e9ri\u00ed mlie\u010dneho kvasenia<\/p>\n","protected":false},"featured_media":4036,"comment_status":"open","ping_status":"closed","template":"","meta":[],"product_brand":[],"product_cat":[39],"product_tag":[],"class_list":{"0":"post-4038","1":"product","2":"type-product","3":"status-publish","4":"has-post-thumbnail","6":"product_cat-vyziva-aunity","8":"first","9":"instock","10":"taxable","11":"shipping-taxable","12":"purchasable","13":"product-type-simple"},"_links":{"self":[{"href":"https:\/\/aunitypartner.com\/en\/wp-json\/wp\/v2\/product\/4038","targetHints":{"allow":["GET"]}}],"collection":[{"href":"https:\/\/aunitypartner.com\/en\/wp-json\/wp\/v2\/product"}],"about":[{"href":"https:\/\/aunitypartner.com\/en\/wp-json\/wp\/v2\/types\/product"}],"replies":[{"embeddable":true,"href":"https:\/\/aunitypartner.com\/en\/wp-json\/wp\/v2\/comments?post=4038"}],"wp:featuredmedia":[{"embeddable":true,"href":"https:\/\/aunitypartner.com\/en\/wp-json\/wp\/v2\/media\/4036"}],"wp:attachment":[{"href":"https:\/\/aunitypartner.com\/en\/wp-json\/wp\/v2\/media?parent=4038"}],"wp:term":[{"taxonomy":"product_brand","embeddable":true,"href":"https:\/\/aunitypartner.com\/en\/wp-json\/wp\/v2\/product_brand?post=4038"},{"taxonomy":"product_cat","embeddable":true,"href":"https:\/\/aunitypartner.com\/en\/wp-json\/wp\/v2\/product_cat?post=4038"},{"taxonomy":"product_tag","embeddable":true,"href":"https:\/\/aunitypartner.com\/en\/wp-json\/wp\/v2\/product_tag?post=4038"}],"curies":[{"name":"wp","href":"https:\/\/api.w.org\/{rel}","templated":true}]}}