 {"id":3487,"date":"2024-10-08T20:51:05","date_gmt":"2024-10-08T18:51:05","guid":{"rendered":"https:\/\/aunitypartner.com\/?post_type=product&#038;p=3487"},"modified":"2026-04-10T20:34:42","modified_gmt":"2026-04-10T18:34:42","slug":"kurkuma-premium-pulver-1000g","status":"publish","type":"product","link":"https:\/\/aunitypartner.com\/en\/produkt\/kurkuma-premium-pulver-1000g\/","title":{"rendered":"KURKUMA PREMIUM PULVER 1000g"},"content":{"rendered":"<p>Pr\u00e9miov\u00e1 kurkuma v pr\u00e1\u0161ku<\/p>\n<p>Obsah 1000 g<\/p>\n<p><strong>Odpor\u00fa\u010dan\u00e9 pou\u017eitie:<\/strong>\u00a0Na pr\u00edpravu \u201ezlat\u00e9ho mlieka\u201c, smoothies, na dochutenie a zafarbenie tepl\u00fdch jed\u00e1l alebo jednoducho rozmie\u0161ajte v hor\u00facej vode s p\u00e1r kvapkami jedl\u00e9ho oleja a vychutnajte si.<br \/>\n<strong>Obsah:<\/strong> Pr\u00e1\u0161ok<br \/>\n<strong>Nomin\u00e1lna hmotnos\u0165:<\/strong>\u00a01000 g<br \/>\n<strong>Obchodn\u00e9 ozna\u010denie::<\/strong> 100% \u010dist\u00e1\u00a0kurkuma v\u00a0pr\u00e1\u0161ku\u00a0s obsahom 5% kurkum\u00ednu<br \/>\n<strong>Skladovanie:<\/strong> Uchov\u00e1vajte na chladnom, suchom a tmavom mieste.<br \/>\n<strong>Minim\u00e1lna doba spotreby:<\/strong> vi\u010f potla\u010d na spodnej strane\u00a0balenia<\/p>\n<p><strong>Bez obsahu:\u00a0 <\/strong>ak\u00fdchko\u013evek pr\u00eddavn\u00fdch l\u00e1tok, farb\u00edv a konzerva\u010dn\u00fdch l\u00e1tok.<\/p>\n<p>Podrobn\u00fd popis produktu je uveden\u00fd v pr\u00edbalovom let\u00e1ku.<\/p>\n<p><a href=\"https:\/\/aunitypartner.com\/wp-content\/uploads\/2025\/03\/KURKUMA-PREMIUM-PULVER_pribalovy-letak.pdf\" target=\"_blank\" rel=\"noopener\">KURKUMA PREMIUM PULVER pr\u00edbalov\u00fd let\u00e1k<\/a><\/p>\n","protected":false},"excerpt":{"rendered":"<p>100% \u010dist\u00e1 kurkuma v pr\u00e1\u0161ku s obsahom 5% kurkum\u00ednu<\/p>\n<p>&nbsp;<\/p>\n","protected":false},"featured_media":3485,"comment_status":"open","ping_status":"closed","template":"","meta":[],"product_brand":[],"product_cat":[39],"product_tag":[],"class_list":{"0":"post-3487","1":"product","2":"type-product","3":"status-publish","4":"has-post-thumbnail","6":"product_cat-vyziva-aunity","8":"first","9":"instock","10":"taxable","11":"shipping-taxable","12":"purchasable","13":"product-type-simple"},"_links":{"self":[{"href":"https:\/\/aunitypartner.com\/en\/wp-json\/wp\/v2\/product\/3487","targetHints":{"allow":["GET"]}}],"collection":[{"href":"https:\/\/aunitypartner.com\/en\/wp-json\/wp\/v2\/product"}],"about":[{"href":"https:\/\/aunitypartner.com\/en\/wp-json\/wp\/v2\/types\/product"}],"replies":[{"embeddable":true,"href":"https:\/\/aunitypartner.com\/en\/wp-json\/wp\/v2\/comments?post=3487"}],"wp:featuredmedia":[{"embeddable":true,"href":"https:\/\/aunitypartner.com\/en\/wp-json\/wp\/v2\/media\/3485"}],"wp:attachment":[{"href":"https:\/\/aunitypartner.com\/en\/wp-json\/wp\/v2\/media?parent=3487"}],"wp:term":[{"taxonomy":"product_brand","embeddable":true,"href":"https:\/\/aunitypartner.com\/en\/wp-json\/wp\/v2\/product_brand?post=3487"},{"taxonomy":"product_cat","embeddable":true,"href":"https:\/\/aunitypartner.com\/en\/wp-json\/wp\/v2\/product_cat?post=3487"},{"taxonomy":"product_tag","embeddable":true,"href":"https:\/\/aunitypartner.com\/en\/wp-json\/wp\/v2\/product_tag?post=3487"}],"curies":[{"name":"wp","href":"https:\/\/api.w.org\/{rel}","templated":true}]}}