 {"id":3297,"date":"2024-08-19T21:45:57","date_gmt":"2024-08-19T19:45:57","guid":{"rendered":"https:\/\/aunitypartner.com\/?post_type=product&#038;p=3297"},"modified":"2026-04-22T13:13:27","modified_gmt":"2026-04-22T11:13:27","slug":"bio-ashwagandha-ksm-66","status":"publish","type":"product","link":"https:\/\/aunitypartner.com\/en\/produkt\/bio-ashwagandha-ksm-66\/","title":{"rendered":"BIO ASHWAGANDHA (KSM-66\u00ae)"},"content":{"rendered":"<p><strong>Bio Ashwagandha (KSM-66\u00ae)<\/strong><\/p>\n<p>DE-\u00d6KO-006 doplnok stravy s organick\u00fdm extraktom z kore\u0148a Ashwagandha + s 5% withanolidmi<\/p>\n<p>Bio Ashwagandha od aunity s\u00a0obsahom zna\u010dkovej ingrediencie KSM-66\u00ae\u201c je kvalitn\u00e1 a organick\u00e1 formu ashwagandhy, ktor\u00e1 je zn\u00e1ma svojimi schopnos\u0165ami zni\u017eova\u0165 stres a posil\u0148ova\u0165. Ashwagandha m\u00e1 ozna\u010denie deklaruj\u00face ekologick\u00fa certifik\u00e1ciu.<\/p>\n<p><strong>Inform\u00e1cie o produkte:<\/strong><\/p>\n<p><strong>Odpor\u00fa\u010dan\u00e9 d\u00e1vkovanie:<\/strong> 2 kapsuly denne bez \u017euvania zapi\u0165 dostato\u010dn\u00fdm mno\u017estvom vody.<br \/>\n<strong>Obsah:<\/strong> 180 kaps\u00fal (90 porci\u00ed)<br \/>\n<strong>Nomin\u00e1lne mno\u017estvo n\u00e1plne<\/strong>: 64,8 g<br \/>\n<strong>Predajn\u00fd n\u00e1zov:<\/strong> Bio doplnok stravy s organick\u00fdm extraktom z kore\u0148a Ashwagandha + s 5% withanolidmi<br \/>\n<strong>Skladovanie:<\/strong> Skladujte na chladnom, suchom a tmavom mieste<br \/>\n<strong>Minim\u00e1lna doba pou\u017eite\u013enosti:<\/strong> uveden\u00e1 na spodnej strane obalu spodnej strane obalu<\/p>\n<p>Podrobn\u00e9 zlo\u017eenie je uveden\u00e9 v pr\u00edbalovom let\u00e1ku.<\/p>\n<p><a href=\"https:\/\/aunitypartner.com\/wp-content\/uploads\/2025\/01\/BIO-ASHWAGANDHA_pribalovy-letak.pdf\" target=\"_blank\" rel=\"noopener\">BIO ASHWAGANDHA pr\u00edbalov\u00fd let\u00e1k<\/a><\/p>\n","protected":false},"excerpt":{"rendered":"<p><strong>Bio Ashwagandha (KSM-66\u00ae) <\/strong>obsah 180 kaps\u00fal<\/p>\n<p>DE-\u00d6KO-006 doplnok stravy s organick\u00fdm extraktom z kore\u0148a Ashwagandha + s 5% withanolidmi<\/p>\n<p>Bio Ashwagandha od aunity s obsahom zna\u010dkovej ingrediencie KSM-66\u00ae\u201c je kvalitn\u00e1 a organick\u00e1 formu ashwagandhy, ktor\u00e1 je zn\u00e1ma svojimi schopnos\u0165ami zni\u017eova\u0165 stres a posil\u0148ova\u0165.<\/p>\n","protected":false},"featured_media":3285,"comment_status":"open","ping_status":"closed","template":"","meta":[],"product_brand":[],"product_cat":[39],"product_tag":[],"class_list":{"0":"post-3297","1":"product","2":"type-product","3":"status-publish","4":"has-post-thumbnail","6":"product_cat-vyziva-aunity","8":"first","9":"instock","10":"taxable","11":"shipping-taxable","12":"purchasable","13":"product-type-simple"},"_links":{"self":[{"href":"https:\/\/aunitypartner.com\/en\/wp-json\/wp\/v2\/product\/3297","targetHints":{"allow":["GET"]}}],"collection":[{"href":"https:\/\/aunitypartner.com\/en\/wp-json\/wp\/v2\/product"}],"about":[{"href":"https:\/\/aunitypartner.com\/en\/wp-json\/wp\/v2\/types\/product"}],"replies":[{"embeddable":true,"href":"https:\/\/aunitypartner.com\/en\/wp-json\/wp\/v2\/comments?post=3297"}],"wp:featuredmedia":[{"embeddable":true,"href":"https:\/\/aunitypartner.com\/en\/wp-json\/wp\/v2\/media\/3285"}],"wp:attachment":[{"href":"https:\/\/aunitypartner.com\/en\/wp-json\/wp\/v2\/media?parent=3297"}],"wp:term":[{"taxonomy":"product_brand","embeddable":true,"href":"https:\/\/aunitypartner.com\/en\/wp-json\/wp\/v2\/product_brand?post=3297"},{"taxonomy":"product_cat","embeddable":true,"href":"https:\/\/aunitypartner.com\/en\/wp-json\/wp\/v2\/product_cat?post=3297"},{"taxonomy":"product_tag","embeddable":true,"href":"https:\/\/aunitypartner.com\/en\/wp-json\/wp\/v2\/product_tag?post=3297"}],"curies":[{"name":"wp","href":"https:\/\/api.w.org\/{rel}","templated":true}]}}