 {"id":3292,"date":"2024-08-19T21:15:49","date_gmt":"2024-08-19T19:15:49","guid":{"rendered":"https:\/\/aunitypartner.com\/?post_type=product&#038;p=3292"},"modified":"2026-04-20T23:17:36","modified_gmt":"2026-04-20T21:17:36","slug":"collagen-lift-drink-s-citronovou-prichoutou-400g","status":"publish","type":"product","link":"https:\/\/aunitypartner.com\/en\/produkt\/collagen-lift-drink-s-citronovou-prichoutou-400g\/","title":{"rendered":"COLLAGEN LIFT DRINK S CITR\u00d3NOVOU PR\u00cdCHU\u0164OU  400g"},"content":{"rendered":"<p>COLLAGEN-LIFT-DRINK\u00a0 S CITR\u00d3NOVOU PR\u00cdCHU\u0164OU<strong>\u00a0<\/strong>400g<\/p>\n","protected":false},"excerpt":{"rendered":"<p>COLLAGEN-LIFT-DRINK\u00a0 S CITR\u00d3NOVOU PR\u00cdCHU\u0164OU<strong>\u00a0<\/strong>400g<\/p>\n","protected":false},"featured_media":3283,"comment_status":"open","ping_status":"closed","template":"","meta":[],"product_brand":[],"product_cat":[37,39],"product_tag":[],"class_list":{"0":"post-3292","1":"product","2":"type-product","3":"status-publish","4":"has-post-thumbnail","6":"product_cat-anionova-kozmetika-aunity","7":"product_cat-vyziva-aunity","9":"first","10":"instock","11":"taxable","12":"shipping-taxable","13":"purchasable","14":"product-type-simple"},"_links":{"self":[{"href":"https:\/\/aunitypartner.com\/en\/wp-json\/wp\/v2\/product\/3292","targetHints":{"allow":["GET"]}}],"collection":[{"href":"https:\/\/aunitypartner.com\/en\/wp-json\/wp\/v2\/product"}],"about":[{"href":"https:\/\/aunitypartner.com\/en\/wp-json\/wp\/v2\/types\/product"}],"replies":[{"embeddable":true,"href":"https:\/\/aunitypartner.com\/en\/wp-json\/wp\/v2\/comments?post=3292"}],"wp:featuredmedia":[{"embeddable":true,"href":"https:\/\/aunitypartner.com\/en\/wp-json\/wp\/v2\/media\/3283"}],"wp:attachment":[{"href":"https:\/\/aunitypartner.com\/en\/wp-json\/wp\/v2\/media?parent=3292"}],"wp:term":[{"taxonomy":"product_brand","embeddable":true,"href":"https:\/\/aunitypartner.com\/en\/wp-json\/wp\/v2\/product_brand?post=3292"},{"taxonomy":"product_cat","embeddable":true,"href":"https:\/\/aunitypartner.com\/en\/wp-json\/wp\/v2\/product_cat?post=3292"},{"taxonomy":"product_tag","embeddable":true,"href":"https:\/\/aunitypartner.com\/en\/wp-json\/wp\/v2\/product_tag?post=3292"}],"curies":[{"name":"wp","href":"https:\/\/api.w.org\/{rel}","templated":true}]}}