 {"id":3162,"date":"2024-07-03T12:16:22","date_gmt":"2024-07-03T10:16:22","guid":{"rendered":"https:\/\/aunitypartner.com\/?post_type=product&#038;p=3162"},"modified":"2026-04-21T18:29:22","modified_gmt":"2026-04-21T16:29:22","slug":"bio-kakao-pulver","status":"publish","type":"product","link":"https:\/\/aunitypartner.com\/en\/produkt\/bio-kakao-pulver\/","title":{"rendered":"BIO KAKAO PULVER"},"content":{"rendered":"<p>DE-\u00d6KO-006 Kakaov\u00fd pr\u00e1\u0161ok s 99% organick\u00e9ho kakaa<\/p>\n<p>Obsah: 300g<\/p>\n<p><strong>99 % najkvalitnej\u0161ieho bio kakaa<\/strong><br \/>\n<strong>1 % bio slne\u010dnicov\u00e9ho lecit\u00ednu<\/strong> (emulg\u00e1tor)<br \/>\n<strong>0 % pridan\u00e9ho cukru alebo sladidiel<\/strong><br \/>\n<strong>Anionizovan\u00e9<\/strong> (koncentr\u00e1t morskej soli**)<\/p>\n<p>**\u0160peci\u00e1lna ani\u00f3nov\u00e1 formula pozost\u00e1vaj\u00faca z a\u017e 70-n\u00e1sobne koncentrovanej morskej soli. Bohat\u00e9 na miner\u00e1ly a stopov\u00e9 prvky.<\/p>\n<p>Vychutnajte si lahodn\u00fa chu\u0165 kvalitn\u00e9ho bio kakaa &#8211; \u010dist\u00fa, jemn\u00fa a bez pridan\u00e9ho cukru.<\/p>\n<p><strong>Odpor\u00fa\u010dan\u00e9 pou\u017eitie:<\/strong> Vychutnajte si n\u00e1\u0161 organick\u00fd kakaov\u00fd pr\u00e1\u0161ok v hor\u00facich \u010dokol\u00e1dov\u00fdch n\u00e1pojoch, smoothies alebo jednoducho ako pr\u00edsadu na pe\u010denie. Oboha\u0165te si\u00a0napr\u00edklad jogurt, m\u00fcsli alebo k\u00e1vu \u010dokol\u00e1dov\u00fdm n\u00e1dychom \u010di\u00a0pripravte r\u00fazne energeticky v\u00fddatn\u00e9 pe\u010divo\u00a0s orechmi, dat\u013eami a mnoh\u00fdm \u010fal\u0161\u00edm s pridan\u00edm tohto produktu<br \/>\nOsla\u010fte pod\u013ea chuti medom, javorov\u00fdm sirupom alebo sladidlom pod\u013ea vlastn\u00e9ho v\u00fdberu.<\/p>\n<p><strong>Obsah:<\/strong> Kakaov\u00fd pr\u00e1\u0161ok<br \/>\n<strong>Nomin\u00e1lne mno\u017estvo:<\/strong> 300 g<br \/>\n<strong>Predajn\u00fd popis:<\/strong> DE-\u00d6KO-006 Kakaov\u00fd pr\u00e1\u0161ok z 99 % organick\u00e9ho kakaa.<br \/>\n<strong>Skladovanie:<\/strong> Skladujte na chladnom, suchom a tmavom mieste.<br \/>\n<strong>Trvanlivos\u0165:<\/strong> uveden\u00e9 na spodnej strane obalu<\/p>\n<p>&nbsp;<\/p>\n","protected":false},"excerpt":{"rendered":"<p>DE-\u00d6KO-006 Kakaov\u00fd pr\u00e1\u0161ok s 99% organick\u00e9ho kakaa<\/p>\n<p>Obsah: 300g<\/p>\n<p>&nbsp;<\/p>\n","protected":false},"featured_media":3159,"comment_status":"closed","ping_status":"closed","template":"","meta":[],"product_brand":[],"product_cat":[38],"product_tag":[],"class_list":{"0":"post-3162","1":"product","2":"type-product","3":"status-publish","4":"has-post-thumbnail","6":"product_cat-kakao-kava-a-caj-aunity","8":"first","9":"instock","10":"taxable","11":"shipping-taxable","12":"purchasable","13":"product-type-simple"},"_links":{"self":[{"href":"https:\/\/aunitypartner.com\/en\/wp-json\/wp\/v2\/product\/3162","targetHints":{"allow":["GET"]}}],"collection":[{"href":"https:\/\/aunitypartner.com\/en\/wp-json\/wp\/v2\/product"}],"about":[{"href":"https:\/\/aunitypartner.com\/en\/wp-json\/wp\/v2\/types\/product"}],"replies":[{"embeddable":true,"href":"https:\/\/aunitypartner.com\/en\/wp-json\/wp\/v2\/comments?post=3162"}],"wp:featuredmedia":[{"embeddable":true,"href":"https:\/\/aunitypartner.com\/en\/wp-json\/wp\/v2\/media\/3159"}],"wp:attachment":[{"href":"https:\/\/aunitypartner.com\/en\/wp-json\/wp\/v2\/media?parent=3162"}],"wp:term":[{"taxonomy":"product_brand","embeddable":true,"href":"https:\/\/aunitypartner.com\/en\/wp-json\/wp\/v2\/product_brand?post=3162"},{"taxonomy":"product_cat","embeddable":true,"href":"https:\/\/aunitypartner.com\/en\/wp-json\/wp\/v2\/product_cat?post=3162"},{"taxonomy":"product_tag","embeddable":true,"href":"https:\/\/aunitypartner.com\/en\/wp-json\/wp\/v2\/product_tag?post=3162"}],"curies":[{"name":"wp","href":"https:\/\/api.w.org\/{rel}","templated":true}]}}