 {"id":2772,"date":"2024-02-04T16:19:42","date_gmt":"2024-02-04T15:19:42","guid":{"rendered":"https:\/\/aunitypartner.com\/?post_type=product&#038;p=2772"},"modified":"2026-04-30T09:15:07","modified_gmt":"2026-04-30T07:15:07","slug":"natural-premium-collagen-500g","status":"publish","type":"product","link":"https:\/\/aunitypartner.com\/en\/produkt\/natural-premium-collagen-500g\/","title":{"rendered":"NATURAL PREMIUM COLLAGEN 500g"},"content":{"rendered":"<p>NATURAL PREMIUM COLLAGEN 500g<\/p>\n<p><strong>Inform\u00e1cie o produkte:<\/strong><\/p>\n<p><strong>Odpor\u00fa\u010dan\u00e9 d\u00e1vkovanie:<\/strong> Jednu denn\u00fa d\u00e1vku (15 g pr\u00e1\u0161ku = cca 2 mierne kopcovit\u00e9 polievkov\u00e9 ly\u017eice) zamie\u0161a\u0165 do pribli\u017ene 300 ml studenej alebo teplej pitnej vody, k\u00e1vy, \u010daju, m\u00fcsli alebo jogurtu. Alternat\u00edvne m\u00f4\u017eete pr\u00e1\u0161ok vlo\u017ei\u0165 do \u0161ejkra a pretrepa\u0165.<br \/>\n<strong>Netto hmotnos\u0165:<\/strong> 500 g<br \/>\n<strong>Obchodn\u00e9 ozna\u010denie:<\/strong> V\u00fd\u017eivov\u00fd doplnok z kolag\u00e9nov\u00e9ho hydrolyz\u00e1tu<br \/>\n<strong>Skladovanie:<\/strong> Uchov\u00e1vajte na chladnom, suchom a tmavom mieste.<br \/>\n<strong>Minim\u00e1lna doba pou\u017eite\u013enosti<\/strong>: Uveden\u00e1 na zadnej strane obalu<\/p>\n<p>Podrobn\u00e9 zlo\u017eenie je uveden\u00e9 v pr\u00edbalovom let\u00e1ku.<\/p>\n<p><a href=\"https:\/\/aunitypartner.com\/wp-content\/uploads\/2025\/02\/NATURAL-PREMIUM-COLLAGEN_pribalovy-letak.pdf\" target=\"_blank\" rel=\"noopener\">NATURAL PREMIUM COLLAGEN pr\u00edbalov\u00fd let\u00e1k<\/a><\/p>\n","protected":false},"excerpt":{"rendered":"<p>aunity NATURAL PREMIUM COLLAGEN 500g<\/p>\n","protected":false},"featured_media":2770,"comment_status":"open","ping_status":"closed","template":"","meta":[],"product_brand":[],"product_cat":[37,39],"product_tag":[],"class_list":{"0":"post-2772","1":"product","2":"type-product","3":"status-publish","4":"has-post-thumbnail","6":"product_cat-anionova-kozmetika-aunity","7":"product_cat-vyziva-aunity","9":"first","10":"instock","11":"taxable","12":"shipping-taxable","13":"purchasable","14":"product-type-simple"},"_links":{"self":[{"href":"https:\/\/aunitypartner.com\/en\/wp-json\/wp\/v2\/product\/2772","targetHints":{"allow":["GET"]}}],"collection":[{"href":"https:\/\/aunitypartner.com\/en\/wp-json\/wp\/v2\/product"}],"about":[{"href":"https:\/\/aunitypartner.com\/en\/wp-json\/wp\/v2\/types\/product"}],"replies":[{"embeddable":true,"href":"https:\/\/aunitypartner.com\/en\/wp-json\/wp\/v2\/comments?post=2772"}],"wp:featuredmedia":[{"embeddable":true,"href":"https:\/\/aunitypartner.com\/en\/wp-json\/wp\/v2\/media\/2770"}],"wp:attachment":[{"href":"https:\/\/aunitypartner.com\/en\/wp-json\/wp\/v2\/media?parent=2772"}],"wp:term":[{"taxonomy":"product_brand","embeddable":true,"href":"https:\/\/aunitypartner.com\/en\/wp-json\/wp\/v2\/product_brand?post=2772"},{"taxonomy":"product_cat","embeddable":true,"href":"https:\/\/aunitypartner.com\/en\/wp-json\/wp\/v2\/product_cat?post=2772"},{"taxonomy":"product_tag","embeddable":true,"href":"https:\/\/aunitypartner.com\/en\/wp-json\/wp\/v2\/product_tag?post=2772"}],"curies":[{"name":"wp","href":"https:\/\/api.w.org\/{rel}","templated":true}]}}