 {"id":2703,"date":"2024-01-25T18:18:30","date_gmt":"2024-01-25T17:18:30","guid":{"rendered":"https:\/\/aunitypartner.com\/?post_type=product&#038;p=2703"},"modified":"2025-01-08T12:51:26","modified_gmt":"2025-01-08T11:51:26","slug":"immun-atemkraft-premium-extrakt","status":"publish","type":"product","link":"https:\/\/aunitypartner.com\/en\/produkt\/immun-atemkraft-premium-extrakt\/","title":{"rendered":"IMMUN ATEMKRAFT PREMIUM EXTRAKT"},"content":{"rendered":"<p>IMMUN ATEMKRAFT PREMIUM EXTRAKT<\/p>\n<p>DOPLNOK V\u00dd\u017dIVY S BYLINKAMI, VITAM\u00cdNOM C A ZINKOM<\/p>\n<p>aunity IMMUN ATEMKRAFT \/\u00a0 Immune Breathing Power<\/p>\n<p>V\u00fd\u017eivov\u00fd doplnok pre deti a dospievaj\u00facich z byl\u00edn, s vitam\u00ednom C a zinkom na podporu obranyschopnosti organizmu, zdrav\u00e9ho d\u00fdchania<\/p>\n<p>&nbsp;<\/p>\n","protected":false},"excerpt":{"rendered":"<p>IMMUN ATEMKRAFT PREMIUM EXTRAKT<\/p>\n<p>DOPLNOK V\u00dd\u017dIVY S BYLINKAMI, VITAM\u00cdNOM C A ZINKOM<\/p>\n<p>&nbsp;<\/p>\n","protected":false},"featured_media":2683,"comment_status":"open","ping_status":"closed","template":"","meta":[],"product_brand":[],"product_cat":[39,57],"product_tag":[],"class_list":{"0":"post-2703","1":"product","2":"type-product","3":"status-publish","4":"has-post-thumbnail","6":"product_cat-vyziva-aunity","7":"product_cat-vyziva-aunity-pre-deti","9":"first","10":"instock","11":"taxable","12":"shipping-taxable","13":"purchasable","14":"product-type-simple"},"_links":{"self":[{"href":"https:\/\/aunitypartner.com\/en\/wp-json\/wp\/v2\/product\/2703","targetHints":{"allow":["GET"]}}],"collection":[{"href":"https:\/\/aunitypartner.com\/en\/wp-json\/wp\/v2\/product"}],"about":[{"href":"https:\/\/aunitypartner.com\/en\/wp-json\/wp\/v2\/types\/product"}],"replies":[{"embeddable":true,"href":"https:\/\/aunitypartner.com\/en\/wp-json\/wp\/v2\/comments?post=2703"}],"wp:featuredmedia":[{"embeddable":true,"href":"https:\/\/aunitypartner.com\/en\/wp-json\/wp\/v2\/media\/2683"}],"wp:attachment":[{"href":"https:\/\/aunitypartner.com\/en\/wp-json\/wp\/v2\/media?parent=2703"}],"wp:term":[{"taxonomy":"product_brand","embeddable":true,"href":"https:\/\/aunitypartner.com\/en\/wp-json\/wp\/v2\/product_brand?post=2703"},{"taxonomy":"product_cat","embeddable":true,"href":"https:\/\/aunitypartner.com\/en\/wp-json\/wp\/v2\/product_cat?post=2703"},{"taxonomy":"product_tag","embeddable":true,"href":"https:\/\/aunitypartner.com\/en\/wp-json\/wp\/v2\/product_tag?post=2703"}],"curies":[{"name":"wp","href":"https:\/\/api.w.org\/{rel}","templated":true}]}}