 {"id":2701,"date":"2024-01-25T17:55:57","date_gmt":"2024-01-25T16:55:57","guid":{"rendered":"https:\/\/aunitypartner.com\/?post_type=product&#038;p=2701"},"modified":"2026-04-29T22:01:30","modified_gmt":"2026-04-29T20:01:30","slug":"omega-3-balance-pre-deti","status":"publish","type":"product","link":"https:\/\/aunitypartner.com\/en\/produkt\/omega-3-balance-pre-deti\/","title":{"rendered":"OMEGA-3 BALANCE PRE DETI 100ml"},"content":{"rendered":"<p><strong>AUNITY OMEGA3 BALANCE PRE DETI \u2013 RYB\u00cd OLEJ, POKLAD Z MORA<\/strong><\/p>\n<p>aunity OMEGA3 BALANCE je vysoko kvalitn\u00fd pr\u00edrodn\u00fd omega-3 ryb\u00ed olej zo 100\u202f% vo\u013en\u00e9ho rybolovu s pr\u00eddavkom extra panensk\u00e9ho olivov\u00e9ho oleja, citr\u00f3nov\u00e9ho oleja na zjemnenie chuti, pr\u00edrodn\u00e9ho vitam\u00ednu E, vitam\u00ednu K2-MK7 (all-trans, K2VITAL\u00ae od Kappa) a vitam\u00ednu D3. Pom\u00e1ha regulova\u0165 a udr\u017eiava\u0165 optim\u00e1lnu hladinu omega-3 a rovnov\u00e1hu medzi omega-6 a omega-3 mastn\u00fdmi kyselinami v tele a podporuje regul\u00e1ciu krvn\u00e9ho tlaku, srdce, mozog, o\u010di, svaly a imunitn\u00fd syst\u00e9m.<\/p>\n<p>Pozit\u00edvny \u00fa\u010dinok sa dosahuje pri dennom pr\u00edjme 250 mg EPA a DHA. U\u017e\u00edvan\u00edm jednej polievkovej ly\u017eice aunity OMEGA 3 BALANCE z\u00edskate 670 mg (2,5 ml) &#8211; 1340 mg (5 ml) omega-3 mastn\u00fdch kysel\u00edn.<\/p>\n<h4><strong>Inform\u00e1cie o produkte:<\/strong><\/h4>\n<p><strong>Odpor\u00fa\u010dan\u00e9 d\u00e1vkovanie: <\/strong>Deti od 7 do 19 rokov 5 ml , deti od 0 &#8211; 7 rokov 2,5 ml (pod\u013ea prilo\u017een\u00e9ho n\u00e1vodu na d\u00e1vkovanie) denne ako doplnok stravy.\u00a0<strong><br \/>\n<\/strong><strong>Nomin\u00e1lne mno\u017estvo: <\/strong>100 ml<strong><br \/>\nObchodn\u00e9 ozna\u010denie: <\/strong>V\u00fd\u017eivov\u00fd doplnok s omega 3 mastn\u00fdmi kyselinami, extra panensk\u00fdm olivov\u00fdm olejom, citr\u00f3nov\u00fdm olejom, vitam\u00ednom E, vitam\u00ednom K2-MK7 (all-trans, K2VITAL\u00ae od spolo\u010dnosti Kappa), vitam\u00ednom D3.<strong><br \/>\nSkladovanie: <\/strong>Chr\u00e1\u0148te pred priamym svetlom. Otvoren\u00fa f\u013ea\u0161u je potrebn\u00e9 skladova\u0165 v papierovej krabi\u010dke v chladni\u010dke. Pred pou\u017eit\u00edm f\u013ea\u0161u kr\u00e1tko pretrepte. Otvoren\u00e1 f\u013ea\u0161a by sa mala spotrebova\u0165 do 6-8 t\u00fd\u017ed\u0148ov! Pri skladovan\u00ed pri teplote do 4 \u00baC m\u00f4\u017ee by\u0165 olej mierne zakalen\u00fd v d\u00f4sledku flokul\u00e1cie (vyzr\u00e1\u017eania). Olej sa po nieko\u013ek\u00fdch min\u00fatach pri izbovej teplote op\u00e4\u0165 vy\u010d\u00edri. V\u00fdrobok uchov\u00e1vajte mimo dosahu mal\u00fdch det\u00ed!<strong><br \/>\nMinim\u00e1lna doba pou\u017eite\u013enosti: <\/strong>Uveden\u00e1 na v\u00fdrobku.<\/p>\n<p>\u010eal\u0161ie inform\u00e1cie n\u00e1jdete v let\u00e1ku prilo\u017eenom v krabi\u010dke produktu a<\/p>\n<p>Podrobn\u00e9 zlo\u017eenie je uveden\u00e9 v pr\u00edbalovom let\u00e1ku.<\/p>\n<p><a href=\"https:\/\/aunitypartner.com\/wp-content\/uploads\/2025\/07\/Omega3BALANCE-KINDER_pribalovy-letak.pdf\" target=\"_blank\" rel=\"noopener\">OMEGA3 BALANCE PRE DETI pr\u00edbalov\u00fd let\u00e1k<\/a><\/p>\n","protected":false},"excerpt":{"rendered":"<p>Doplnok v\u00fd\u017eivy pre deti z pr\u00edrodn\u00e9ho rybieho oleja z vo\u013ene \u017eij\u00facich r\u00fdb, extra panensk\u00e9ho olivov\u00e9ho oleja, citr\u00f3nov\u00e9ho oleja, pr\u00edrodn\u00e9ho vitam\u00ednu E, vitam\u00ednu K2 a vitam\u00ednu D3<\/p>\n","protected":false},"featured_media":2691,"comment_status":"open","ping_status":"closed","template":"","meta":[],"product_brand":[],"product_cat":[39,57],"product_tag":[],"class_list":{"0":"post-2701","1":"product","2":"type-product","3":"status-publish","4":"has-post-thumbnail","6":"product_cat-vyziva-aunity","7":"product_cat-vyziva-aunity-pre-deti","9":"first","10":"instock","11":"taxable","12":"shipping-taxable","13":"purchasable","14":"product-type-simple"},"_links":{"self":[{"href":"https:\/\/aunitypartner.com\/en\/wp-json\/wp\/v2\/product\/2701","targetHints":{"allow":["GET"]}}],"collection":[{"href":"https:\/\/aunitypartner.com\/en\/wp-json\/wp\/v2\/product"}],"about":[{"href":"https:\/\/aunitypartner.com\/en\/wp-json\/wp\/v2\/types\/product"}],"replies":[{"embeddable":true,"href":"https:\/\/aunitypartner.com\/en\/wp-json\/wp\/v2\/comments?post=2701"}],"wp:featuredmedia":[{"embeddable":true,"href":"https:\/\/aunitypartner.com\/en\/wp-json\/wp\/v2\/media\/2691"}],"wp:attachment":[{"href":"https:\/\/aunitypartner.com\/en\/wp-json\/wp\/v2\/media?parent=2701"}],"wp:term":[{"taxonomy":"product_brand","embeddable":true,"href":"https:\/\/aunitypartner.com\/en\/wp-json\/wp\/v2\/product_brand?post=2701"},{"taxonomy":"product_cat","embeddable":true,"href":"https:\/\/aunitypartner.com\/en\/wp-json\/wp\/v2\/product_cat?post=2701"},{"taxonomy":"product_tag","embeddable":true,"href":"https:\/\/aunitypartner.com\/en\/wp-json\/wp\/v2\/product_tag?post=2701"}],"curies":[{"name":"wp","href":"https:\/\/api.w.org\/{rel}","templated":true}]}}