 {"id":2698,"date":"2024-01-25T17:10:12","date_gmt":"2024-01-25T16:10:12","guid":{"rendered":"https:\/\/aunitypartner.com\/?post_type=product&#038;p=2698"},"modified":"2026-03-17T13:56:55","modified_gmt":"2026-03-17T12:56:55","slug":"bio-sporulina-chlorella","status":"publish","type":"product","link":"https:\/\/aunitypartner.com\/en\/produkt\/bio-sporulina-chlorella\/","title":{"rendered":"BIO SPIRULINA+CHLORELLA"},"content":{"rendered":"<h3>BIO SPIRULINA+CHLORELLA<\/h3>\n<h4>DE-\u00d6KO-006 Doplnok v\u00fd\u017eivy s bio spirulinou a bio chlorellou<\/h4>\n<p>Kombin\u00e1cia organickej spiruliny a organickej chlorelly v kvalitnom v\u00fd\u017eivovom doplnku, ktor\u00fd podporuje zdravie a vitalitu. Starostlivo vybran\u00e9 riasy s\u00fa pestovan\u00e9, zberan\u00e9 a spracovan\u00e9 pod\u013ea pr\u00edsnych ekologick\u00fdch smern\u00edc s cie\u013eom produktu najvy\u0161\u0161ej kvality.<\/p>\n<p><strong>Inform\u00e1cie o produkte:<\/strong><\/p>\n<p><strong>Odpor\u00fa\u010dan\u00e9 d\u00e1vkovanie:<\/strong> U\u017e\u00edvajte 3 x 4 tablety denne nerozhryzen\u00e9 s dostato\u010dn\u00fdm mno\u017estvom vody.<br \/>\n<strong>Balenie obsahuje<\/strong>: 500 tabliet<br \/>\n<strong>Nomin\u00e1lne mno\u017estvo:<\/strong> 200 g<br \/>\n<strong>Po\u010det porci\u00ed (denn\u00fdch d\u00e1vok):<\/strong> 42<br \/>\n<strong>Predajn\u00fd n\u00e1zov:<\/strong> V\u00fd\u017eivov\u00fd doplnok s bio &#8211; spirulinou a bio &#8211; chlorellou DE-\u00d6KO-006<br \/>\n<strong>Skladovanie<\/strong>: Skladujte na chladnom, suchom a tmavom mieste.<br \/>\n<strong>Minim\u00e1lna doba pou\u017eite\u013enosti<\/strong>: uveden\u00e1 na spodnej strane obalu<\/p>\n<p>Podrobn\u00e9 zlo\u017eenie je uveden\u00e9 v pr\u00edbalovom let\u00e1ku.<\/p>\n<p><a href=\"https:\/\/aunitypartner.com\/wp-content\/uploads\/2025\/01\/BIO-SPIRULINACHLORELLA_pribalovy-letak.pdf\" target=\"_blank\" rel=\"noopener\">BIO SPIRULINA+CHLORELLA pr\u00edbalov\u00fd-let\u00e1k<\/a><\/p>\n","protected":false},"excerpt":{"rendered":"<p>BIO SPIRULINA+CHLORELLA<\/p>\n<p>DE-\u00d6KO-006 Doplnok v\u00fd\u017eivy s bio spirulinou a bio chlorellou<\/p>\n","protected":false},"featured_media":2679,"comment_status":"open","ping_status":"closed","template":"","meta":[],"product_brand":[],"product_cat":[39],"product_tag":[],"class_list":{"0":"post-2698","1":"product","2":"type-product","3":"status-publish","4":"has-post-thumbnail","6":"product_cat-vyziva-aunity","8":"first","9":"instock","10":"taxable","11":"shipping-taxable","12":"purchasable","13":"product-type-simple"},"_links":{"self":[{"href":"https:\/\/aunitypartner.com\/en\/wp-json\/wp\/v2\/product\/2698","targetHints":{"allow":["GET"]}}],"collection":[{"href":"https:\/\/aunitypartner.com\/en\/wp-json\/wp\/v2\/product"}],"about":[{"href":"https:\/\/aunitypartner.com\/en\/wp-json\/wp\/v2\/types\/product"}],"replies":[{"embeddable":true,"href":"https:\/\/aunitypartner.com\/en\/wp-json\/wp\/v2\/comments?post=2698"}],"wp:featuredmedia":[{"embeddable":true,"href":"https:\/\/aunitypartner.com\/en\/wp-json\/wp\/v2\/media\/2679"}],"wp:attachment":[{"href":"https:\/\/aunitypartner.com\/en\/wp-json\/wp\/v2\/media?parent=2698"}],"wp:term":[{"taxonomy":"product_brand","embeddable":true,"href":"https:\/\/aunitypartner.com\/en\/wp-json\/wp\/v2\/product_brand?post=2698"},{"taxonomy":"product_cat","embeddable":true,"href":"https:\/\/aunitypartner.com\/en\/wp-json\/wp\/v2\/product_cat?post=2698"},{"taxonomy":"product_tag","embeddable":true,"href":"https:\/\/aunitypartner.com\/en\/wp-json\/wp\/v2\/product_tag?post=2698"}],"curies":[{"name":"wp","href":"https:\/\/api.w.org\/{rel}","templated":true}]}}