 {"id":2697,"date":"2024-01-25T16:37:58","date_gmt":"2024-01-25T15:37:58","guid":{"rendered":"https:\/\/aunitypartner.com\/?post_type=product&#038;p=2697"},"modified":"2026-04-20T23:17:36","modified_gmt":"2026-04-20T21:17:36","slug":"curcuma-complex","status":"publish","type":"product","link":"https:\/\/aunitypartner.com\/en\/produkt\/curcuma-complex\/","title":{"rendered":"CURCUMA COMPLEX"},"content":{"rendered":"<p><strong>Inform\u00e1cie o produkte:<\/strong><\/p>\n<p><strong>Odpor\u00fa\u010dan\u00e9 d\u00e1vkovanie:<\/strong> U\u017e\u00edvajte 1 nerozhryznut\u00fa kapsulu denne s dostato\u010dn\u00fdm mno\u017estvom tekutiny<br \/>\n<strong>Balenie obsahuje<\/strong>: 90 kaps\u00fal<br \/>\n<strong>Nomin\u00e1lne mno\u017estvo:<\/strong> 65,6 g<br \/>\n<strong>Obchodn\u00e9 ozna\u010denie:<\/strong> V\u00fd\u017eivov\u00fd doplnok s extraktom z kurkumy, pr\u00e1\u0161kom z kurkumy a extraktom z \u010dierneho korenia (piper\u00ednom).<br \/>\n<strong>Skladovanie<\/strong>: Skladujte na chladnom, suchom a tmavom mieste.<br \/>\n<strong>Minim\u00e1lna doba pou\u017eite\u013enosti<\/strong>: uveden\u00e1 na spodnej strane obalu<\/p>\n<p>Podrobn\u00e9 zlo\u017eenie je uveden\u00e9 v pr\u00edbalovom let\u00e1ku.<\/p>\n<p><a href=\"https:\/\/aunitypartner.com\/curcuma-complex_pribalovy-letak\/\" target=\"_blank\" rel=\"noopener\">CURCUMA COMPLEX pr\u00edbalov\u00fd let\u00e1k<\/a><\/p>\n","protected":false},"excerpt":{"rendered":"<p>V\u00fd\u017eivov\u00fd doplnok s extraktom z kurkumy, pr\u00e1\u0161kom z kurkumy a extraktom z \u010dierneho korenia (piper\u00ednom).<\/p>\n","protected":false},"featured_media":2681,"comment_status":"open","ping_status":"closed","template":"","meta":[],"product_brand":[],"product_cat":[39],"product_tag":[],"class_list":{"0":"post-2697","1":"product","2":"type-product","3":"status-publish","4":"has-post-thumbnail","6":"product_cat-vyziva-aunity","8":"first","9":"instock","10":"taxable","11":"shipping-taxable","12":"purchasable","13":"product-type-simple"},"_links":{"self":[{"href":"https:\/\/aunitypartner.com\/en\/wp-json\/wp\/v2\/product\/2697","targetHints":{"allow":["GET"]}}],"collection":[{"href":"https:\/\/aunitypartner.com\/en\/wp-json\/wp\/v2\/product"}],"about":[{"href":"https:\/\/aunitypartner.com\/en\/wp-json\/wp\/v2\/types\/product"}],"replies":[{"embeddable":true,"href":"https:\/\/aunitypartner.com\/en\/wp-json\/wp\/v2\/comments?post=2697"}],"wp:featuredmedia":[{"embeddable":true,"href":"https:\/\/aunitypartner.com\/en\/wp-json\/wp\/v2\/media\/2681"}],"wp:attachment":[{"href":"https:\/\/aunitypartner.com\/en\/wp-json\/wp\/v2\/media?parent=2697"}],"wp:term":[{"taxonomy":"product_brand","embeddable":true,"href":"https:\/\/aunitypartner.com\/en\/wp-json\/wp\/v2\/product_brand?post=2697"},{"taxonomy":"product_cat","embeddable":true,"href":"https:\/\/aunitypartner.com\/en\/wp-json\/wp\/v2\/product_cat?post=2697"},{"taxonomy":"product_tag","embeddable":true,"href":"https:\/\/aunitypartner.com\/en\/wp-json\/wp\/v2\/product_tag?post=2697"}],"curies":[{"name":"wp","href":"https:\/\/api.w.org\/{rel}","templated":true}]}}