 {"id":2696,"date":"2024-01-25T16:11:53","date_gmt":"2024-01-25T15:11:53","guid":{"rendered":"https:\/\/aunitypartner.com\/?post_type=product&#038;p=2696"},"modified":"2026-03-31T19:59:26","modified_gmt":"2026-03-31T17:59:26","slug":"astaxanthin","status":"publish","type":"product","link":"https:\/\/aunitypartner.com\/en\/produkt\/astaxanthin\/","title":{"rendered":"ASTAXANTHIN"},"content":{"rendered":"<h4>V\u00fd\u017eivov\u00fd doplnok s astaxant\u00ednom<\/h4>\n<p>Astaxant\u00edn z \u010dist\u00e9ho pr\u00e1\u0161ku z rias Haematococcus pluvialis &#8211; v\u00fd\u017eivov\u00fd doplnok pre komplexn\u00e9 zdravie<\/p>\n<p><strong>Inform\u00e1cie o produkte:<\/strong><\/p>\n<p><strong>Odpor\u00fa\u010dan\u00e9 d\u00e1vkovanie:<\/strong> U\u017e\u00edvajte 1 nerozhryzen\u00fa kapsulu denne s dostato\u010dn\u00fdm mno\u017estvom vody pred jedlom<br \/>\n<strong>Balenie obsahuje<\/strong>: 180 kaps\u00fal<br \/>\n<strong>Nomin\u00e1lne mno\u017estvo:<\/strong> 90 g<br \/>\n<strong>Obchodn\u00e9 ozna\u010denie:<\/strong> V\u00fd\u017eivov\u00fd doplnok z \u010dist\u00e9ho pr\u00e1\u0161ku riasy Haematococcus pluvialis<br \/>\n<strong>Skladovanie<\/strong>: Skladujte na chladnom, suchom a tmavom mieste.<br \/>\n<strong>Minim\u00e1lna doba pou\u017eite\u013enosti<\/strong>: uveden\u00e1 na spodnej strane obalu<\/p>\n<p>Podrobn\u00e9 zlo\u017eenie je uveden\u00e9 v pr\u00edbalovom let\u00e1ku.<\/p>\n<p><a href=\"https:\/\/aunitypartner.com\/wp-content\/uploads\/2025\/02\/ASTAXANTHIN_pribalovy-letak.pdf\" target=\"_blank\" rel=\"noopener\">ASTAXANTHIN pr\u00edbalov\u00fd let\u00e1k<\/a><\/p>\n","protected":false},"excerpt":{"rendered":"<p>ASTAXANTHIN 180 kaps\u00fal<\/p>\n<p>DOPLNOK V\u00dd\u017dIVY VYROBEN\u00dd Z \u010cIST\u00c9HO EXTRAKTU Z RIASY HAEMATOCOCCUS PLUVIALIS<\/p>\n","protected":false},"featured_media":2677,"comment_status":"open","ping_status":"closed","template":"","meta":[],"product_brand":[],"product_cat":[39],"product_tag":[],"class_list":{"0":"post-2696","1":"product","2":"type-product","3":"status-publish","4":"has-post-thumbnail","6":"product_cat-vyziva-aunity","8":"first","9":"instock","10":"taxable","11":"shipping-taxable","12":"purchasable","13":"product-type-simple"},"_links":{"self":[{"href":"https:\/\/aunitypartner.com\/en\/wp-json\/wp\/v2\/product\/2696","targetHints":{"allow":["GET"]}}],"collection":[{"href":"https:\/\/aunitypartner.com\/en\/wp-json\/wp\/v2\/product"}],"about":[{"href":"https:\/\/aunitypartner.com\/en\/wp-json\/wp\/v2\/types\/product"}],"replies":[{"embeddable":true,"href":"https:\/\/aunitypartner.com\/en\/wp-json\/wp\/v2\/comments?post=2696"}],"wp:featuredmedia":[{"embeddable":true,"href":"https:\/\/aunitypartner.com\/en\/wp-json\/wp\/v2\/media\/2677"}],"wp:attachment":[{"href":"https:\/\/aunitypartner.com\/en\/wp-json\/wp\/v2\/media?parent=2696"}],"wp:term":[{"taxonomy":"product_brand","embeddable":true,"href":"https:\/\/aunitypartner.com\/en\/wp-json\/wp\/v2\/product_brand?post=2696"},{"taxonomy":"product_cat","embeddable":true,"href":"https:\/\/aunitypartner.com\/en\/wp-json\/wp\/v2\/product_cat?post=2696"},{"taxonomy":"product_tag","embeddable":true,"href":"https:\/\/aunitypartner.com\/en\/wp-json\/wp\/v2\/product_tag?post=2696"}],"curies":[{"name":"wp","href":"https:\/\/api.w.org\/{rel}","templated":true}]}}