 {"id":2695,"date":"2024-01-25T15:42:22","date_gmt":"2024-01-25T14:42:22","guid":{"rendered":"https:\/\/aunitypartner.com\/?post_type=product&#038;p=2695"},"modified":"2025-06-20T00:25:22","modified_gmt":"2025-06-19T22:25:22","slug":"msm-premium-140-kapsul","status":"publish","type":"product","link":"https:\/\/aunitypartner.com\/en\/produkt\/msm-premium-140-kapsul\/","title":{"rendered":"MSM PREMIUM 140 kaps\u00fal"},"content":{"rendered":"<p>MSM PREMIUM 140 kaps\u00fal<\/p>\n","protected":false},"excerpt":{"rendered":"<p>MSM PREMIUM 140 kaps\u00fal<\/p>\n<p>DOPLNOK V\u00dd\u017dIVY S METYLSULFONYLMET\u00c1NOM (MSM)<\/p>\n","protected":false},"featured_media":1980,"comment_status":"open","ping_status":"closed","template":"","meta":[],"product_brand":[],"product_cat":[39],"product_tag":[],"class_list":{"0":"post-2695","1":"product","2":"type-product","3":"status-publish","4":"has-post-thumbnail","6":"product_cat-vyziva-aunity","8":"first","9":"instock","10":"taxable","11":"shipping-taxable","12":"purchasable","13":"product-type-simple"},"_links":{"self":[{"href":"https:\/\/aunitypartner.com\/en\/wp-json\/wp\/v2\/product\/2695","targetHints":{"allow":["GET"]}}],"collection":[{"href":"https:\/\/aunitypartner.com\/en\/wp-json\/wp\/v2\/product"}],"about":[{"href":"https:\/\/aunitypartner.com\/en\/wp-json\/wp\/v2\/types\/product"}],"replies":[{"embeddable":true,"href":"https:\/\/aunitypartner.com\/en\/wp-json\/wp\/v2\/comments?post=2695"}],"wp:featuredmedia":[{"embeddable":true,"href":"https:\/\/aunitypartner.com\/en\/wp-json\/wp\/v2\/media\/1980"}],"wp:attachment":[{"href":"https:\/\/aunitypartner.com\/en\/wp-json\/wp\/v2\/media?parent=2695"}],"wp:term":[{"taxonomy":"product_brand","embeddable":true,"href":"https:\/\/aunitypartner.com\/en\/wp-json\/wp\/v2\/product_brand?post=2695"},{"taxonomy":"product_cat","embeddable":true,"href":"https:\/\/aunitypartner.com\/en\/wp-json\/wp\/v2\/product_cat?post=2695"},{"taxonomy":"product_tag","embeddable":true,"href":"https:\/\/aunitypartner.com\/en\/wp-json\/wp\/v2\/product_tag?post=2695"}],"curies":[{"name":"wp","href":"https:\/\/api.w.org\/{rel}","templated":true}]}}