 {"id":2653,"date":"2024-01-17T16:07:48","date_gmt":"2024-01-17T15:07:48","guid":{"rendered":"https:\/\/aunitypartner.com\/?post_type=product&#038;p=2653"},"modified":"2025-08-17T22:20:13","modified_gmt":"2025-08-17T20:20:13","slug":"klincekovy-olej-z-pucikov-kvetov","status":"publish","type":"product","link":"https:\/\/aunitypartner.com\/en\/produkt\/klincekovy-olej-z-pucikov-kvetov\/","title":{"rendered":"KLIN\u010cEKOV\u00dd OLEJ Z P\u00da\u010cIKOV KVETOV, 10ml, 100 % \u00e9terick\u00fd olej"},"content":{"rendered":"<p><strong>KLIN\u010cEKOV\u00dd OLEJ<\/strong><\/p>\n<p><b>100% pr\u00edrodn\u00fd esenci\u00e1lny<\/b> <strong>olej,<\/strong><b> obsah 10ml<\/b><\/p>\n<p>N\u00e1\u0161 klin\u010dekov\u00fd esenci\u00e1lny olej je vysokokvalitn\u00fd, prirodzene \u010dist\u00fd produkt z\u00edskan\u00fd zo su\u0161en\u00fdch p\u00fa\u010dikov kvetu klin\u010dekovn\u00edka (Syzygium aromaticum). Klin\u010dekov\u00fd olej je zn\u00e1my svojou charakteristickou teplou, korenistou v\u00f4\u0148ou a v\u0161estrann\u00fdm pou\u017eit\u00edm. Tento esenci\u00e1lny olej je cenn\u00fdm produktom, ktor\u00fd sa \u0161iroko pou\u017e\u00edva v aromaterapii, naturopatii a kozmetickom priemysle.<\/p>\n<p><strong>Vlastnosti:<\/strong><\/p>\n<p>Pr\u00edrodn\u00fd p\u00f4vod: N\u00e1\u0161 klin\u010dekov\u00fd olej sa z\u00edskava z klin\u010dekov jemnou parnou destil\u00e1ciou a neobsahuje \u0161kodliv\u00e9 pr\u00edsady ani chemik\u00e1lie. Je to \u010disto pr\u00edrodn\u00fd produkt.<\/p>\n<p>Aromaterapia: Klin\u010dekov\u00fd olej m\u00e1 bohat\u00fa, korenist\u00fa v\u00f4\u0148u so zemit\u00fdmi a sladk\u00fdmi podt\u00f3nmi. Pou\u017e\u00edva sa v aromaterapii, aby sa vyu\u017eili jeho povzbudzuj\u00face a n\u00e1ladu zlep\u0161uj\u00face vlastnosti. M\u00f4\u017ee pom\u00f4c\u0165 zv\u00fd\u0161i\u0165 du\u0161evn\u00fa jasnos\u0165 a koncentr\u00e1ciu.<\/p>\n<p><strong>N\u00e1vod na pou\u017eitie pri aromaterapii:<\/strong><\/p>\n<p>Do difuz\u00e9ra pridajte nieko\u013eko kvapiek klin\u010dekov\u00e9ho oleja, aby ste vytvorili povzbudzuj\u00facu a povzn\u00e1\u0161aj\u00facu atmosf\u00e9ru.<\/p>\n<p>Upozornenie:<\/p>\n<p>Klin\u010dekov\u00fd olej je ve\u013emi koncentrovan\u00fd, preto by sa mal pri aplik\u00e1cii na poko\u017eku v\u017edy mal riedi\u0165 s rastlinn\u00fdm olejom (plivov\u00fdm, kokosov\u00fdm a pod.)<\/p>\n","protected":false},"excerpt":{"rendered":"<p>100% pr\u00edrodn\u00fd esenci\u00e1lny olej, obsah 10ml<\/p>\n","protected":false},"featured_media":2649,"comment_status":"closed","ping_status":"closed","template":"","meta":[],"product_brand":[],"product_cat":[40],"product_tag":[],"class_list":{"0":"post-2653","1":"product","2":"type-product","3":"status-publish","4":"has-post-thumbnail","6":"product_cat-etericke-oleje-aunity","8":"first","9":"instock","10":"taxable","11":"shipping-taxable","12":"purchasable","13":"product-type-simple"},"_links":{"self":[{"href":"https:\/\/aunitypartner.com\/en\/wp-json\/wp\/v2\/product\/2653","targetHints":{"allow":["GET"]}}],"collection":[{"href":"https:\/\/aunitypartner.com\/en\/wp-json\/wp\/v2\/product"}],"about":[{"href":"https:\/\/aunitypartner.com\/en\/wp-json\/wp\/v2\/types\/product"}],"replies":[{"embeddable":true,"href":"https:\/\/aunitypartner.com\/en\/wp-json\/wp\/v2\/comments?post=2653"}],"wp:featuredmedia":[{"embeddable":true,"href":"https:\/\/aunitypartner.com\/en\/wp-json\/wp\/v2\/media\/2649"}],"wp:attachment":[{"href":"https:\/\/aunitypartner.com\/en\/wp-json\/wp\/v2\/media?parent=2653"}],"wp:term":[{"taxonomy":"product_brand","embeddable":true,"href":"https:\/\/aunitypartner.com\/en\/wp-json\/wp\/v2\/product_brand?post=2653"},{"taxonomy":"product_cat","embeddable":true,"href":"https:\/\/aunitypartner.com\/en\/wp-json\/wp\/v2\/product_cat?post=2653"},{"taxonomy":"product_tag","embeddable":true,"href":"https:\/\/aunitypartner.com\/en\/wp-json\/wp\/v2\/product_tag?post=2653"}],"curies":[{"name":"wp","href":"https:\/\/api.w.org\/{rel}","templated":true}]}}