 {"id":2652,"date":"2024-01-17T16:00:24","date_gmt":"2024-01-17T15:00:24","guid":{"rendered":"https:\/\/aunitypartner.com\/?post_type=product&#038;p=2652"},"modified":"2025-12-18T13:39:22","modified_gmt":"2025-12-18T12:39:22","slug":"kadidlovnik-indicky-10ml","status":"publish","type":"product","link":"https:\/\/aunitypartner.com\/en\/produkt\/kadidlovnik-indicky-10ml\/","title":{"rendered":"KADIDLOVN\u00cdK INDICK\u00dd, 10ml, 100 % \u00e9terick\u00fd olej"},"content":{"rendered":"<p><strong>KADIDLOVN\u00cdK INDICK\u00dd<\/strong><\/p>\n<p><b>100% pr\u00edrodn\u00fd esenci\u00e1lny<\/b> <strong>olej,<\/strong><b> obsah 10ml<\/b><\/p>\n<p>N\u00e1\u0161 esenci\u00e1lny olej Olibanum z Indie je vz\u00e1cny a aromatick\u00fd pr\u00edrodn\u00fd produkt z\u00edskavan\u00fd zo \u017eivice stromu Boswellia serrata. Tento konkr\u00e9tny strom poch\u00e1dza z Indie a u\u017e po st\u00e1ro\u010dia je cenen\u00fd pre svoje mnoh\u00e9 zdravotn\u00e9 a duchovn\u00e9 vyu\u017eitie. Esenci\u00e1lny olej Olibanum sa \u010dasto ozna\u010duje ako kadidlov\u00fd olej a je zn\u00e1my svojou v\u00fdraznou, upokojuj\u00facou v\u00f4\u0148ou a v\u0161estrann\u00fdm vyu\u017eit\u00edm.<\/p>\n<p><strong>Vlastnosti\u00a0a pr\u00ednosy:<\/strong><\/p>\n<p>Pr\u00edrodn\u00fd p\u00f4vod: n\u00e1\u0161 kadidlovn\u00edkov\u00fd olej sa z\u00edskava \u0161etrnou destil\u00e1ciou \u017eivice bez pou\u017eitia \u0161kodliv\u00fdch chemik\u00e1li\u00ed alebo pr\u00edsad. Ide o \u010dist\u00fd, nefal\u0161ovan\u00fd pr\u00edrodn\u00fd produkt.<\/p>\n<p><strong>Aromaterapia<\/strong>:<\/p>\n<p>Olibanum olej m\u00e1 tepl\u00fa, zemit\u00fa v\u00f4\u0148u s jemn\u00fdmi citrusov\u00fdmi t\u00f3nmi.\u00a0V aromaterapii sa cen\u00ed na zmiernenie stresu, podporu relax\u00e1cie a vytvorenie upokojuj\u00facej atmosf\u00e9ry.<\/p>\n<p>Duchovn\u00e9 pou\u017eitie: Olibanum olej m\u00e1 dlh\u00fa hist\u00f3riu v n\u00e1bo\u017eensk\u00fdch a duchovn\u00fdch obradoch. \u010casto sa pou\u017e\u00edva pri medit\u00e1cii a modlitbe na zv\u00fd\u0161enie koncentr\u00e1cie a preh\u013abenie duchovn\u00fdch z\u00e1\u017eitkov.<\/p>\n<p><strong>N\u00e1vod na pou\u017eitie pri aromaterapii:<\/strong><\/p>\n<p>Pridajte nieko\u013eko kvapiek do difuz\u00e9ra alebo vonnej lampy, aby ste vytvorili relaxa\u010dn\u00e9 a pokojn\u00e9 prostredie.Upozornenie:<\/p>\n<p>Esenci\u00e1lne oleje s\u00fa vysoko koncentrovan\u00e9 a odpor\u00fa\u010da sa dodr\u017eiava\u0165 n\u00e1vod na pou\u017eitie a odpor\u00fa\u010dania na riedenie.<\/p>\n<p>Upozornenie:<\/p>\n<p>Je d\u00f4le\u017eit\u00e9 si uvedomi\u0165, \u017ee esenci\u00e1lne oleje s\u00fa siln\u00e9 a pred ich pou\u017eit\u00edm je potrebn\u00e9 prija\u0165 ur\u010dit\u00e9 bezpe\u010dnostn\u00e9 opatrenia.<\/p>\n<p>\u00c9terick\u00e9 oleje by sa mali v\u017edy riedi\u0165 a pou\u017e\u00edva\u0165 opatrne, preto\u017ee pri nespr\u00e1vnom pou\u017e\u00edvan\u00ed m\u00f4\u017eu ma\u0165 aj ved\u013eaj\u0161ie \u00fa\u010dinky. Osobitn\u00fa pozornos\u0165 treba venova\u0165 ich pou\u017e\u00edvaniu u det\u00ed a tehotn\u00fdch \u017eien.<\/p>\n","protected":false},"excerpt":{"rendered":"<p>100% pr\u00edrodn\u00fd esenci\u00e1lny olej, obsah 10ml<\/p>\n","protected":false},"featured_media":2647,"comment_status":"closed","ping_status":"closed","template":"","meta":[],"product_brand":[],"product_cat":[40],"product_tag":[],"class_list":{"0":"post-2652","1":"product","2":"type-product","3":"status-publish","4":"has-post-thumbnail","6":"product_cat-etericke-oleje-aunity","8":"first","9":"instock","10":"taxable","11":"shipping-taxable","12":"purchasable","13":"product-type-simple"},"_links":{"self":[{"href":"https:\/\/aunitypartner.com\/en\/wp-json\/wp\/v2\/product\/2652","targetHints":{"allow":["GET"]}}],"collection":[{"href":"https:\/\/aunitypartner.com\/en\/wp-json\/wp\/v2\/product"}],"about":[{"href":"https:\/\/aunitypartner.com\/en\/wp-json\/wp\/v2\/types\/product"}],"replies":[{"embeddable":true,"href":"https:\/\/aunitypartner.com\/en\/wp-json\/wp\/v2\/comments?post=2652"}],"wp:featuredmedia":[{"embeddable":true,"href":"https:\/\/aunitypartner.com\/en\/wp-json\/wp\/v2\/media\/2647"}],"wp:attachment":[{"href":"https:\/\/aunitypartner.com\/en\/wp-json\/wp\/v2\/media?parent=2652"}],"wp:term":[{"taxonomy":"product_brand","embeddable":true,"href":"https:\/\/aunitypartner.com\/en\/wp-json\/wp\/v2\/product_brand?post=2652"},{"taxonomy":"product_cat","embeddable":true,"href":"https:\/\/aunitypartner.com\/en\/wp-json\/wp\/v2\/product_cat?post=2652"},{"taxonomy":"product_tag","embeddable":true,"href":"https:\/\/aunitypartner.com\/en\/wp-json\/wp\/v2\/product_tag?post=2652"}],"curies":[{"name":"wp","href":"https:\/\/api.w.org\/{rel}","templated":true}]}}