 {"id":2644,"date":"2024-01-17T15:18:26","date_gmt":"2024-01-17T14:18:26","guid":{"rendered":"https:\/\/aunitypartner.com\/?post_type=product&#038;p=2644"},"modified":"2026-03-02T11:12:07","modified_gmt":"2026-03-02T10:12:07","slug":"l-tryptophan","status":"publish","type":"product","link":"https:\/\/aunitypartner.com\/en\/produkt\/l-tryptophan\/","title":{"rendered":"L-TRYPTOPHAN"},"content":{"rendered":"<h4>Podpora emocion\u00e1lnej pohody a kvalitn\u00e9ho sp\u00e1nku<\/h4>\n<p>L-tryptof\u00e1n od aunity je navrhnut\u00fd tak, aby podporoval emocion\u00e1lnu rovnov\u00e1hu a pomohol dosiahnu\u0165 pokojn\u00fd no\u010dn\u00fd sp\u00e1nok. L-tryptof\u00e1n je esenci\u00e1lna aminokyselina, ktor\u00e1 sa v tele premie\u0148a na s\u00e9roton\u00edn, neurotransmiter, ktor\u00fd hr\u00e1 k\u013e\u00fa\u010dov\u00fa \u00falohu pri regul\u00e1cii n\u00e1lady a sp\u00e1nku.<\/p>\n<p><strong>Inform\u00e1cie o produkte:<\/strong><\/p>\n<p><strong>Odpor\u00fa\u010dan\u00e9 d\u00e1vkovanie:<\/strong> U\u017e\u00edvajte 1 kapsulu denne 30 min\u00fat pred span\u00edm, prehltnite ju vcelku a zapite dostato\u010dn\u00fdm mno\u017estvom vody<br \/>\n<strong>Obsah:<\/strong> 120 kaps\u00fal<br \/>\n<strong>Nomin\u00e1lne mno\u017estvo n\u00e1plne<\/strong>: 75 g<br \/>\n<strong>Obchodn\u00e9 ozna\u010denie:<\/strong>\u00a0V\u00fd\u017eivov\u00fd doplnok s L-tryptof\u00e1nom<br \/>\n<strong>Skladovanie:<\/strong> Skladujte na chladnom, suchom a tmavom mieste<br \/>\n<strong>Minim\u00e1lna doba pou\u017eite\u013enosti:<\/strong> uveden\u00e1 na spodnej strane obalu<\/p>\n<p>Podrobn\u00e9 zlo\u017eenie je uveden\u00e9 v pr\u00edbalovom let\u00e1ku.<\/p>\n<p><a href=\"https:\/\/aunitypartner.com\/wp-content\/uploads\/2025\/02\/PL_L-TRYPTOPHAN_pribalovy-letak.pdf\" target=\"_blank\" rel=\"noopener\">L &#8211; TRYPTOPHAN pr\u00edbalov\u00fd let\u00e1k<\/a><\/p>\n","protected":false},"excerpt":{"rendered":"<p>L -TRYPTOPHAN \/ 120 kaps\u00fal<\/p>\n<p>L-tryptof\u00e1n &#8211; podpora pre emocion\u00e1lnu pohodu a pokojn\u00fd sp\u00e1nok<\/p>\n","protected":false},"featured_media":2642,"comment_status":"open","ping_status":"closed","template":"","meta":[],"product_brand":[],"product_cat":[39],"product_tag":[],"class_list":{"0":"post-2644","1":"product","2":"type-product","3":"status-publish","4":"has-post-thumbnail","6":"product_cat-vyziva-aunity","8":"first","9":"instock","10":"taxable","11":"shipping-taxable","12":"purchasable","13":"product-type-simple"},"_links":{"self":[{"href":"https:\/\/aunitypartner.com\/en\/wp-json\/wp\/v2\/product\/2644","targetHints":{"allow":["GET"]}}],"collection":[{"href":"https:\/\/aunitypartner.com\/en\/wp-json\/wp\/v2\/product"}],"about":[{"href":"https:\/\/aunitypartner.com\/en\/wp-json\/wp\/v2\/types\/product"}],"replies":[{"embeddable":true,"href":"https:\/\/aunitypartner.com\/en\/wp-json\/wp\/v2\/comments?post=2644"}],"wp:featuredmedia":[{"embeddable":true,"href":"https:\/\/aunitypartner.com\/en\/wp-json\/wp\/v2\/media\/2642"}],"wp:attachment":[{"href":"https:\/\/aunitypartner.com\/en\/wp-json\/wp\/v2\/media?parent=2644"}],"wp:term":[{"taxonomy":"product_brand","embeddable":true,"href":"https:\/\/aunitypartner.com\/en\/wp-json\/wp\/v2\/product_brand?post=2644"},{"taxonomy":"product_cat","embeddable":true,"href":"https:\/\/aunitypartner.com\/en\/wp-json\/wp\/v2\/product_cat?post=2644"},{"taxonomy":"product_tag","embeddable":true,"href":"https:\/\/aunitypartner.com\/en\/wp-json\/wp\/v2\/product_tag?post=2644"}],"curies":[{"name":"wp","href":"https:\/\/api.w.org\/{rel}","templated":true}]}}