 {"id":2555,"date":"2023-11-26T22:25:37","date_gmt":"2023-11-26T21:25:37","guid":{"rendered":"https:\/\/aunitypartner.com\/?post_type=product&#038;p=2555"},"modified":"2025-11-24T14:13:56","modified_gmt":"2025-11-24T13:13:56","slug":"https-aunitypartner-com-produkt-anion-anti-aging-balance-krem-na-norm-plet-50-ml-promo-mesiaca","status":"publish","type":"product","link":"https:\/\/aunitypartner.com\/en\/produkt\/https-aunitypartner-com-produkt-anion-anti-aging-balance-krem-na-norm-plet-50-ml-promo-mesiaca\/","title":{"rendered":"2 x ANION ANTI-AGING BALANCE kr\u00e9m na norm\u00e1l. ple\u0165 50 ml"},"content":{"rendered":"<p><b>ANION ANTI-AGING BALANCE<span class=\"Apple-converted-space\">\u00a0 <\/span><br \/>\nkr\u00e9m na norm\u00e1lnu ple\u0165<\/b><\/p>\n<ul>\n<li>Pr\u00edrodn\u00fd hydrata\u010dn\u00fd a regenera\u010dn\u00fd kr\u00e9m pre \u0148u a pre neho s\u00a0\u00fa\u010dinkom ani\u00f3nov, miner\u00e1lov, aloe vera, kyselinou hyalur\u00f3novou, s\u00a0olejom z\u00a0hroznov\u00fdch jadierok a\u00a0v\u00fd\u0165a\u017ekom z\u00a0kr\u00e1\u013eovsk\u00e9ho ovocia mangastan (Garcinia mangostana)<\/li>\n<li>Obsahuje pr\u00edrodn\u00e9 zlo\u017eky a <b>jedine\u010dn\u00fa ani\u00f3nov\u00fa formulu, vyvinut\u00fa spolo\u010dnos\u0165ou aunity<\/b>.<\/li>\n<\/ul>\n<p><b>Akt\u00edvne zlo\u017eky: Vari Stan PE (extrakt mangostanu), olej z hroznov\u00fdch jadier, kyselina hyalur\u00f3nov\u00e1, Terry\u00ae Aloe Vera Gel, pr\u00edrodn\u00fd parfumov\u00fd olej<\/b><\/p>\n<p><b>\u00da\u010cINKY: <\/b>Kombin\u00e1cia pr\u00edrodn\u00fdch l\u00e1tok a\u00a0ani\u00f3nov v\u00a0zlo\u017een\u00ed tohto produktu m\u00e1 tieto \u00fa\u010dinky:<\/p>\n<ul>\n<li>Poko\u017eku h\u013abkovo hydratuje a vy\u017eivuje<span class=\"Apple-converted-space\">\u00a0<\/span><\/li>\n<li>Reguluje tvorbu ko\u017en\u00e9ho mazu<\/li>\n<li>S\u0165ahuje p\u00f3ry, upokojuje a\u00a0regeneruje<\/li>\n<li>P\u00f4sob\u00ed protiz\u00e1palovo<\/li>\n<li>V\u010faka svojmu obrovsk\u00e9mu antioxida\u010dn\u00e9mu potenci\u00e1lu spoma\u013euje proces starnutia poko\u017eky a\u00a0vznik vr\u00e1sok<\/li>\n<li>Vyrovn\u00e1va pH poko\u017eky, tonizuje ju, rozjas\u0148uje, omladzuje<\/li>\n<li>Pri pravidelnom pou\u017e\u00edvan\u00ed sa st\u00e1va poko\u017eka jemnou, hebkou, zdravej farby<\/li>\n<\/ul>\n<p><span class=\"Apple-converted-space\">\u00a0 \u00a0 \u00a0 \u00a0 \u00a0 \u00a0 \u00a0 \u00a0 \u00a0<\/span><\/p>\n<p>Pou\u017eitie:<\/p>\n<p>ANION ANTI-AGING BALANCE je pripraven\u00fd na<span class=\"Apple-converted-space\">\u00a0 <\/span>ka\u017edodenn\u00fa starostlivos\u0165.<\/p>\n<p>Najprv poko\u017eku r\u00e1no a ve\u010der o\u0161etrite pr\u00edpravkom ANION FACE &#8211; TONICOM a potom naneste mal\u00e9 mno\u017estvo na o\u0161etren\u00fa tv\u00e1r, krk a dekolt a jemne vmas\u00edrujte do poko\u017eky.<\/p>\n<p>Popis akt\u00edvnych zlo\u017eiek_<\/p>\n<p><b>V\u00fd\u0165a\u017eok mangostanu<\/b><\/p>\n<ul>\n<li>Ovocie mangostanu m\u00e1 prirodzen\u00e9 antibakteri\u00e1lne vlastnosti, obsahuje antimikrobi\u00e1lne l\u00e1tky, ktor\u00e9 s\u00fa ve\u013emi \u00fa\u010dinn\u00e9 pri lie\u010dbe mnoh\u00fdch be\u017en\u00fdch ko\u017en\u00fdch probl\u00e9mov.<span class=\"Apple-converted-space\">\u00a0<\/span><\/li>\n<li>Akn\u00e9, \u0161kvrny na poko\u017eke, mastn\u00e1 poko\u017eka a such\u00e1 poko\u017eka sa daj\u00fa vylie\u010di\u0165 kr\u00e9mom s extraktom z mangostanu.<span class=\"Apple-converted-space\">\u00a0<\/span><\/li>\n<li>V \u0161upke tohto ovocia je najviac pr\u00edtomn\u00fdch xant\u00f3nov\u00fdch zl\u00fa\u010den\u00edn v porovnan\u00ed s ostatn\u00fdmi druhmi ovocia.<span class=\"Apple-converted-space\">\u00a0<\/span><\/li>\n<li>Pom\u00e1haj\u00fa lie\u010di\u0165 ko\u017en\u00e9 choroby, zregenerova\u0165 a chr\u00e1ni\u0165 po\u0161koden\u00e9 bunky. Starnutie je sp\u00f4soben\u00e9 oxid\u00e1ciou.<span class=\"Apple-converted-space\">\u00a0<\/span><\/li>\n<li>Mangostan je pln\u00fd antioxidantov, ako s\u00fa katech\u00edny (antioxidanty nach\u00e1dzaj\u00face sa v zelenom \u010daji).<span class=\"Apple-converted-space\">\u00a0<\/span><\/li>\n<li>Tieto l\u00e1tky ve\u013emi pom\u00e1haj\u00fa v boji proti vo\u013en\u00fdm radik\u00e1lom.<\/li>\n<\/ul>\n<p><b>Olej z\u00a0hroznov\u00fdch jadierok<\/b><\/p>\n<ul>\n<li>Pozoruhodn\u00fd, r\u00fdchly \u00fa\u010dinok proti vr\u00e1skam. Dod\u00e1va poko\u017eke pru\u017enos\u0165 a pevnos\u0165<span class=\"Apple-converted-space\">\u00a0 <\/span>H\u013abkovo hydratuje poko\u017eku.<span class=\"Apple-converted-space\">\u00a0<\/span><\/li>\n<li>Predch\u00e1dza a lie\u010di akn\u00e9 &#8211; p\u00f4sob\u00ed protiz\u00e1palovo na mastn\u00fa ple\u0165.<span class=\"Apple-converted-space\">\u00a0<\/span><\/li>\n<li>Odpor\u00fa\u010da sa pre efekt zjemnenia a odstr\u00e1nenia nedokonalost\u00ed poko\u017eky.<span class=\"Apple-converted-space\">\u00a0<\/span><\/li>\n<li>Bohat\u00fd na flavonoidy &#8211; pom\u00e1ha zvy\u0161ova\u0165 synt\u00e9zu kolag\u00e9nu v\u00a0bunk\u00e1ch.<span class=\"Apple-converted-space\">\u00a0<\/span><\/li>\n<li>Olej je odpor\u00fa\u010dan\u00fd pre mastn\u00fa alebo zmie\u0161an\u00fa ple\u0165<span class=\"Apple-converted-space\">\u00a0 <\/span>Zabra\u0148uje vzniku vr\u00e1sok a zn\u00e1mkam bunkov\u00e9ho starnutia. Tonick\u00fd a povzbudzuj\u00faci \u00fa\u010dinok na poko\u017eku.<span class=\"Apple-converted-space\">\u00a0<\/span><\/li>\n<li>Vynikaj\u00faci pri relaxa\u010dn\u00fdch mas\u00e1\u017each.<\/li>\n<\/ul>\n<p><b>Kyselina hyalur\u00f3nov\u00e1<span class=\"Apple-converted-space\">\u00a0<\/span><\/b><\/p>\n<ul>\n<li>Kyselina hyalur\u00f3nov\u00e1 je prirodzene sa vyskytuj\u00faci<span class=\"Apple-converted-space\">\u00a0 <\/span>glykosaminoglyk\u00e1n, teda ide o molekulu typu line\u00e1rneho polysacharidu, ktorej sa pripisuj\u00fa z\u00e1zra\u010dn\u00e9 vlastnosti. Je to zvlh\u010dova\u010d, ktor\u00fd existuje v \u013eudskom tele prirodzene a vo ve\u013ekom mno\u017estve. Ka\u017ed\u00fd 1 gram kyseliny hyalur\u00f3novej m\u00e1 kapacitu viaza\u0165 a\u017e 6 litrov vody.<span class=\"Apple-converted-space\">\u00a0<\/span><\/li>\n<li>Migr\u00e1cia buniek v tele sa teda ur\u00fdch\u013euje, \u010do vedie k lep\u0161ej obnove buniek a zv\u00fd\u0161en\u00e9mu pr\u00edlivu \u017eiv\u00edn a kysl\u00edka.<span class=\"Apple-converted-space\">\u00a0<\/span><\/li>\n<li>Pom\u00e1ha hoji\u0165 jazvy, udr\u017euje poko\u017eku pevn\u00fa a pru\u017en\u00fa stimuluje tvorbu nov\u00fdch kolag\u00e9nov\u00fdch a elast\u00ednov\u00fdch vl\u00e1kien.<span class=\"Apple-converted-space\">\u00a0<\/span><\/li>\n<\/ul>\n<p><b>ALOE BARBADENSIS LEAF JUICE POWDER<span class=\"Apple-converted-space\">\u00a0<\/span><\/b><\/p>\n<ul>\n<li>Aloe Vera je pln\u00e1 vitam\u00ednov (A, B, C, E), miner\u00e1lov, aminokysel\u00edn a \u010fal\u0161\u00edch blahodarn\u00fdch l\u00e1tok.<span class=\"Apple-converted-space\">\u00a0<\/span><\/li>\n<li>Vynik\u00e1 hlavne svojimi hydrata\u010dn\u00fdmi a upokojuj\u00facimi \u00fa\u010dinkami. Ve\u013emi priaznivo p\u00f4sob\u00ed na podr\u00e1\u017eden\u00fa, \u010di sp\u00e1len\u00fa poko\u017eku od slnie\u010dka, ktor\u00fa chlad\u00ed a hoj\u00ed z\u00e1rove\u0148.<span class=\"Apple-converted-space\">\u00a0<\/span><\/li>\n<li>Poko\u017eke navracia straten\u00fa hydrat\u00e1ciu a elasticitu, podporuje hojenie buniek.<span class=\"Apple-converted-space\">\u00a0<\/span><\/li>\n<li>Podporuje regenera\u010dn\u00e9 schopnosti poko\u017eky, je vhodn\u00e1 aj na hojenie drobn\u00fdch r\u00e1n. Je to siln\u00fd antioxidant, vyu\u017e\u00edva sa aj pri lie\u010dbe ko\u017en\u00fdch probl\u00e9mov ako s\u00fa ekz\u00e9my, lupienka, dermatit\u00edda.<span class=\"Apple-converted-space\">\u00a0<\/span><\/li>\n<\/ul>\n<p><b>Terry\u00ae Aloe Vera Gel<span class=\"Apple-converted-space\">\u00a0<\/span><\/b><\/p>\n<ul>\n<li>M\u00e1 zvlh\u010dovacie vlastnosti pre poko\u017eku, udr\u017euje ju pru\u017en\u00fa, zdrav\u00fa a \u017eiariv\u00fa.<span class=\"Apple-converted-space\">\u00a0<\/span><\/li>\n<li>Aloe vera je na poko\u017eku ide\u00e1lna, preto\u017ee poko\u017eku vy\u017eivuje bez toho, aby ju za\u0165a\u017eovala.<span class=\"Apple-converted-space\">\u00a0<\/span><\/li>\n<li>Je vhodn\u00e1 aj na t\u00fa najcitlivej\u0161iu poko\u017eku, nesp\u00f4sobuje precitlivenos\u0165. Aloe vera tie\u017e pom\u00e1ha vyrovna\u0165 hladinu pH poko\u017eky.<\/li>\n<\/ul>\n<p>Ingrediencie:<span class=\"Apple-converted-space\">\u00a0<\/span><\/p>\n<p>AQUA (VODA), CAPRYLIC\/CAPRIC TRIGLYCERIDE, CETEARYL ALCOHOL, LACTOBACILLUS FERMENT, PROPANEDIOL, VITIS VINIFERA (GRAPE) SEED OIL, DICAPRYLYL CARBONATE, GLYCERIN, UNDECANE, ALOE BARBADENSIS LEAF JUICE POWDER, GARCINIA MANGOSTANA PEEL EXTRACT, TRIDECANE, CETEARYL GLUCOSIDE, MARIS SAL (SEA SALT), SODIUM HYALURONATE, GLYCERYL STEARATE, HYDROGENATED COCO-GLYCERIDES, ACACIA SENEGAL GUM, XANTHAN GUM, SODIUM COCOYL GLUTAMATE, SODIUM DEHYDROACETATE, TOCOPHEROL, GLUCOSE, TETRASODIUM GLUTAMATE DIACETATE, CITRIC ACID, HELIANTHUS ANNUUS (SUNFLOWER) SEED OIL, PARFUM (FRAGRANCE), LIMONENE, LINALOOL, CITRAL, GERANIOL, CITRONELLOL, FARNESOL<\/p>\n<p><b>Obsah:<span class=\"Apple-converted-space\">\u00a0 <\/span>50 ml<\/b><\/p>\n<p><span class=\"Apple-converted-space\">\u00a0<\/span><\/p>\n","protected":false},"excerpt":{"rendered":"<p>2 x ANION ANTI-AGING BALANCE KR\u00c9M NA NORMALNU PLE\u0164, pr\u00edrodn\u00e1 kozmetika \/<span class=\"Apple-converted-space\">\u00a0 <\/span>obsah 150 ml<\/p>\n<p>Promo mesiaca<\/p>\n","protected":false},"featured_media":3506,"comment_status":"open","ping_status":"closed","template":"","meta":[],"product_brand":[],"product_cat":[37,47],"product_tag":[],"class_list":{"0":"post-2555","1":"product","2":"type-product","3":"status-publish","4":"has-post-thumbnail","6":"product_cat-anionova-kozmetika-aunity","7":"product_cat-promo-akcia-mesiaca","9":"first","10":"instock","11":"taxable","12":"shipping-taxable","13":"purchasable","14":"product-type-simple"},"_links":{"self":[{"href":"https:\/\/aunitypartner.com\/en\/wp-json\/wp\/v2\/product\/2555","targetHints":{"allow":["GET"]}}],"collection":[{"href":"https:\/\/aunitypartner.com\/en\/wp-json\/wp\/v2\/product"}],"about":[{"href":"https:\/\/aunitypartner.com\/en\/wp-json\/wp\/v2\/types\/product"}],"replies":[{"embeddable":true,"href":"https:\/\/aunitypartner.com\/en\/wp-json\/wp\/v2\/comments?post=2555"}],"wp:featuredmedia":[{"embeddable":true,"href":"https:\/\/aunitypartner.com\/en\/wp-json\/wp\/v2\/media\/3506"}],"wp:attachment":[{"href":"https:\/\/aunitypartner.com\/en\/wp-json\/wp\/v2\/media?parent=2555"}],"wp:term":[{"taxonomy":"product_brand","embeddable":true,"href":"https:\/\/aunitypartner.com\/en\/wp-json\/wp\/v2\/product_brand?post=2555"},{"taxonomy":"product_cat","embeddable":true,"href":"https:\/\/aunitypartner.com\/en\/wp-json\/wp\/v2\/product_cat?post=2555"},{"taxonomy":"product_tag","embeddable":true,"href":"https:\/\/aunitypartner.com\/en\/wp-json\/wp\/v2\/product_tag?post=2555"}],"curies":[{"name":"wp","href":"https:\/\/api.w.org\/{rel}","templated":true}]}}