 {"id":2554,"date":"2023-11-26T22:13:17","date_gmt":"2023-11-26T21:13:17","guid":{"rendered":"https:\/\/aunitypartner.com\/?post_type=product&#038;p=2554"},"modified":"2026-03-15T07:23:35","modified_gmt":"2026-03-15T06:23:35","slug":"anion-anti-aging-balance-krem-na-suchu-plet-50-ml-promo-mesiaca","status":"publish","type":"product","link":"https:\/\/aunitypartner.com\/en\/produkt\/anion-anti-aging-balance-krem-na-suchu-plet-50-ml-promo-mesiaca\/","title":{"rendered":"2 x ANION ANTI-AGING BALANCE kr\u00e9m na such\u00fa ple\u0165 50 ml \/ Promo mesiaca"},"content":{"rendered":"<p><b>ANION ANTI-AGING BALANCE<span class=\"Apple-converted-space\">\u00a0 <\/span><br \/>\nkr\u00e9m na such\u00fa ple\u0165<\/b><\/p>\n<ul>\n<li>Pr\u00edrodn\u00fd intenz\u00edvny hydrata\u010dn\u00fd a regenera\u010dn\u00fd kr\u00e9m pre \u0148u a pre neho s\u00a0\u00fa\u010dinkom ani\u00f3nov, s\u00a0provitam\u00ednom B5, bambuck\u00fdm maslom, avok\u00e1dov\u00fdm olejom,<span class=\"Apple-converted-space\">\u00a0 <\/span>olejom z\u00a0hroznov\u00fdch semien a\u00a0kyselinou hyalur\u00f3novou a\u00a0aloe vera<span class=\"Apple-converted-space\">\u00a0<\/span><\/li>\n<li>Obsahuje pr\u00edrodn\u00e9 zlo\u017eky a <b>jedine\u010dn\u00fa ani\u00f3nov\u00fa formulu, vyvinut\u00fa spolo\u010dnos\u0165ou aunity<\/b>.<\/li>\n<\/ul>\n<p><b>Akt\u00edvne zlo\u017eky: Provitam\u00edn B5, bambuck\u00e9 maslo, avok\u00e1dov\u00fd olej, olej z\u00a0hroznov\u00fdch semien, kyselina hyalur\u00f3nov\u00e1, g\u00e9l z aloe vera Terry\u00ae, pr\u00edrodn\u00fd parfumov\u00fd olej<\/b><\/p>\n<p><b>\u00da\u010cINKY: <\/b>Kombin\u00e1cia pr\u00edrodn\u00fdch l\u00e1tok a\u00a0ani\u00f3nov v\u00a0zlo\u017een\u00ed tohto produktu m\u00e1 tieto \u00fa\u010dinky:<\/p>\n<ul>\n<li>Poko\u017eku h\u013abkovo hydratuje a vy\u017eivuje<span class=\"Apple-converted-space\">\u00a0<\/span><\/li>\n<li>Reguluje tvorbu ko\u017en\u00e9ho mazu<\/li>\n<li>S\u0165ahuje p\u00f3ry, upokojuje a\u00a0regeneruje a chr\u00e1ni<\/li>\n<li>P\u00f4sob\u00ed protiz\u00e1palovo<\/li>\n<li>V\u010faka svojmu obrovsk\u00e9mu antioxida\u010dn\u00e9mu potenci\u00e1lu spoma\u013euje proces starnutia poko\u017eky a\u00a0vznik vr\u00e1sok<\/li>\n<li>Vyrovn\u00e1va pH poko\u017eky, tonizuje ju, rozjas\u0148uje, omladzuje<\/li>\n<li>Pri pravidelnom pou\u017e\u00edvan\u00ed sa st\u00e1va poko\u017eka jemnou, hebkou, zdravej farby<\/li>\n<\/ul>\n<p><span class=\"Apple-converted-space\">\u00a0 \u00a0 \u00a0 \u00a0 \u00a0 \u00a0 \u00a0 \u00a0 \u00a0<\/span><\/p>\n<p>Pou\u017eitie:<\/p>\n<ul>\n<li>ANION ANTI-AGING BALANCE je pripraven\u00fd na<span class=\"Apple-converted-space\">\u00a0 <\/span>ka\u017edodenn\u00fa starostlivos\u0165.<\/li>\n<li>Najprv poko\u017eku r\u00e1no a\u00a0ve\u010der o\u0161etrite pr\u00edpravkom ANION FACE &#8211; TONIC a\u00a0potom naneste mal\u00e9 mno\u017estvo na o\u0161etren\u00fa tv\u00e1r, oblas\u0165 krku a dekolt a jemne vmas\u00edrujte do poko\u017eky.<span class=\"Apple-converted-space\">\u00a0<\/span><\/li>\n<li>\u00da\u010dinky ANION ANTI-AGING BALANCE pr\u00edrodn\u00e9ho kr\u00e9mu pre such\u00fa poko\u017eku poc\u00edtite u\u017e po prv\u00fdm pou\u017eitiach. Av\u0161ak na dosiahnutie \u00a0h\u013abkovej regener\u00e1cie a\u00a0omladenie poko\u017eky sa odpor\u00fa\u010da pou\u017e\u00edva\u0165 kombin\u00e1ciu produktov<span class=\"Apple-converted-space\">\u00a0 <\/span>ANION FACE- TONIC spolu s\u00a0kr\u00e9mom <a href=\"https:\/\/www.slovenskowinaliteservis.sk\/m_shop_catalogue.php?id=3e854ddb-6f40-4421-9b3b-ad4763f9d0e9\"><b>ANION ANTI-AGING BALANCE<span class=\"Apple-converted-space\">\u00a0<\/span><\/b><\/a><b> na such\u00fa ple\u0165<\/b> ka\u017ed\u00fd de\u0148 r\u00e1no a\u00a0ve\u010der minim\u00e1lne po dobu min. 120 dn\u00ed.<\/li>\n<\/ul>\n<p>Popis akt\u00edvnych zlo\u017eiek:<\/p>\n<p><b>Provitam\u00edn B5<span class=\"Apple-converted-space\">\u00a0<\/span><\/b><\/p>\n<ul>\n<li>Provitam\u00edn B5, D-panthenol je prekurzorom vitam\u00ednu B5 a\u00a0po<span class=\"Apple-converted-space\">\u00a0 <\/span>preniknut\u00ed do poko\u017eky sa r\u00fdchlo premen\u00ed na kyselinu pantot\u00e9nov\u00fa, ktor\u00e1 m\u00e1 prirodzene hydrata\u010dn\u00e9, regenera\u010dn\u00e9, upokojuj\u00face a hojiv\u00e9 vlastnosti.<span class=\"Apple-converted-space\">\u00a0<\/span><\/li>\n<li>Zlep\u0161uje kvalitu poko\u017eky. Aplik\u00e1cia produktov obsahuj\u00facich panthenol na poko\u017eku stimuluje synt\u00e9zu keratinocytov a mno\u017eenie fibroblastov (buniek epidermy, ktor\u00e9 ju tvoria), \u010d\u00edm stimuluje obnovu buniek,<span class=\"Apple-converted-space\">\u00a0 <\/span>posil\u0148uje kolag\u00e9nov\u00e9 vl\u00e1kna.<span class=\"Apple-converted-space\">\u00a0<\/span><\/li>\n<li>Podporuje hojenie l\u00e9zi\u00ed a ur\u00fdch\u013euje regener\u00e1ciu poko\u017eky, navy\u0161e prenik\u00e1 do v\u0161etk\u00fdch vrstiev poko\u017eky a zvy\u0161uje ich hydrat\u00e1ciu a m\u00e1 protiz\u00e1palov\u00fd \u00fa\u010dinok. Pom\u00e1ha obmedzi\u0165 tvorbu vr\u00e1sok a spomali\u0165 pr\u00edznaky starnutia.<\/li>\n<\/ul>\n<p><b>Bambuck\u00e9 maslo<\/b><\/p>\n<ul>\n<li>Pomocou ve\u013ek\u00e9ho obsahu vitam\u00ednov a mastn\u00fdch kysel\u00edn poko\u017eku zvlh\u010duje, vy\u017eivuje a\u00a0chr\u00e1ni.<span class=\"Apple-converted-space\">\u00a0<\/span><\/li>\n<li>V\u010faka obsahu kyseliny \u0161koricovej m\u00e1 protiz\u00e1palov\u00e9 vlastnosti, chr\u00e1ni poko\u017eku pred \u00fa\u010dinkom ultrafialov\u00e9ho \u017eiarenia a\u00a0je prospe\u0161n\u00e9 pri lie\u010dbe akn\u00e9.<span class=\"Apple-converted-space\">\u00a0<\/span><\/li>\n<li>Bambuck\u00e9 maslo stimuluje produkciu kolag\u00e9nu, chr\u00e1ni poko\u017eku a predch\u00e1dza jej dehydrat\u00e1cii a vzniku vr\u00e1sok.<span class=\"Apple-converted-space\">\u00a0<\/span><\/li>\n<li>Obsahuje katech\u00edny,<span class=\"Apple-converted-space\">\u00a0 <\/span>cenn\u00e9 antioxidanty, ktor\u00e9 chr\u00e1nia poko\u017eku pred vo\u013en\u00fdmi radik\u00e1lmi a\u00a0oxida\u010dn\u00fdm stresom.<span class=\"Apple-converted-space\">\u00a0<\/span><\/li>\n<li>V\u010faka obsahu mastn\u00fdch kysel\u00edn (olejov\u00e1, palmitov\u00e1, ste\u00e1rov\u00e1) chr\u00e1ni poko\u017eku pred vysu\u0161en\u00edm a dehydrat\u00e1ciou.<span class=\"Apple-converted-space\">\u00a0<\/span><\/li>\n<li>Bambuck\u00e9 maslo zmier\u0148uje \u00fa\u010dinky siln\u00fdch mrazov, vetra a slne\u010dn\u00e9ho \u017eiarenia<\/li>\n<\/ul>\n<p><b>AVOK\u00c1DOV\u00dd OLEJ<\/b><\/p>\n<ul>\n<li>Avok\u00e1dov\u00fd olej m\u00e1 siln\u00e9 antibakteri\u00e1lne, v\u00fd\u017eivn\u00e9, zvlh\u010dovacie a regenera\u010dn\u00e9 vlastnosti.<span class=\"Apple-converted-space\">\u00a0<\/span><\/li>\n<li>Obsahuje vysok\u00fa koncentr\u00e1ciu vitam\u00ednov a stopov\u00fdch prvkov, ako je sod\u00edk, v\u00e1pnik, drasl\u00edk a zinok. Vitam\u00edny A a\u00a0E obsiahnut\u00e9 v\u00a0avok\u00e1dovom oleji<span class=\"Apple-converted-space\">\u00a0 <\/span>s\u00fa obzvl\u00e1\u0161\u0165 prospe\u0161n\u00e9 pre zdravie poko\u017eky.<span class=\"Apple-converted-space\">\u00a0<\/span><\/li>\n<li>Avok\u00e1dov\u00fd olej zabra\u0148uje skor\u00e9mu vzniku vr\u00e1sok sp\u00f4soben\u00fdch nedostatkom elast\u00ednu a kolag\u00e9nu a tie\u017e bojuje proti stareck\u00fdm \u0161kvrn\u00e1m. Pom\u00e1ha spomali\u0165 proces starnutia, vyhladi\u0165 vr\u00e1sky a chr\u00e1ni pred vo\u013en\u00fdmi radik\u00e1lmi.<span class=\"Apple-converted-space\">\u00a0<\/span><\/li>\n<li>Olej<span class=\"Apple-converted-space\">\u00a0 <\/span>pom\u00e1ha poko\u017eke zotavi\u0165 sa z pobytu na slnku.<\/li>\n<\/ul>\n<p><b>ALOE BARBADENSIS LEAF JUICE POWDER<span class=\"Apple-converted-space\">\u00a0<\/span><\/b><\/p>\n<ul>\n<li>Aloe Vera je pln\u00e1 vitam\u00ednov (A, B, C, E), miner\u00e1lov, aminokysel\u00edn a \u010fal\u0161\u00edch blahodarn\u00fdch l\u00e1tok.<span class=\"Apple-converted-space\">\u00a0<\/span><\/li>\n<li>Vynik\u00e1 hlavne svojimi hydrata\u010dn\u00fdmi a upokojuj\u00facimi \u00fa\u010dinkami. Ve\u013emi priaznivo p\u00f4sob\u00ed na podr\u00e1\u017eden\u00fa, \u010di sp\u00e1len\u00fa poko\u017eku od slnie\u010dka, ktor\u00fa chlad\u00ed a hoj\u00ed z\u00e1rove\u0148.<span class=\"Apple-converted-space\">\u00a0<\/span><\/li>\n<li>Poko\u017eke navracia straten\u00fa hydrat\u00e1ciu a elasticitu, podporuje hojenie buniek.<span class=\"Apple-converted-space\">\u00a0<\/span><\/li>\n<li>Podporuje regenera\u010dn\u00e9 schopnosti poko\u017eky, je vhodn\u00e1 aj na hojenie drobn\u00fdch r\u00e1n. Je to siln\u00fd antioxidant, vyu\u017e\u00edva sa aj pri lie\u010dbe ko\u017en\u00fdch probl\u00e9mov ako s\u00fa ekz\u00e9my, lupienka, dermatit\u00edda.<span class=\"Apple-converted-space\">\u00a0<\/span><\/li>\n<\/ul>\n<p><b>Terry\u00ae Aloe Vera Gel<span class=\"Apple-converted-space\">\u00a0<\/span><\/b><\/p>\n<ul>\n<li>M\u00e1 zvlh\u010dovacie vlastnosti pre poko\u017eku, udr\u017euje ju pru\u017en\u00fa, zdrav\u00fa a \u017eiariv\u00fa.<span class=\"Apple-converted-space\">\u00a0<\/span><\/li>\n<li>Aloe vera je na poko\u017eku ide\u00e1lna, preto\u017ee poko\u017eku vy\u017eivuje bez toho, aby ju za\u0165a\u017eovala.<span class=\"Apple-converted-space\">\u00a0<\/span><\/li>\n<li>Je vhodn\u00e1 aj na t\u00fa najcitlivej\u0161iu poko\u017eku, nesp\u00f4sobuje precitlivenos\u0165. Aloe vera tie\u017e pom\u00e1ha vyrovna\u0165 hladinu pH poko\u017eky.<\/li>\n<\/ul>\n<p>Odpor\u00fa\u010danie:<\/p>\n<ul>\n<li>Podporu \u00fa\u010dinnosti ANION ANTI-AGING BALANCE pr\u00edrodn\u00e9ho kr\u00e9mu pre norm\u00e1lnu poko\u017eku m\u00f4\u017eeme dosiahnu\u0165 u\u017e\u00edvan\u00edm produktu aunity Collagen Lift Drink.<\/li>\n<\/ul>\n<p>Ingrediencie:<span class=\"Apple-converted-space\">\u00a0<\/span><\/p>\n<p>AQUA (VODA), CETEARYL ALCOHOL, BUTYROSPERMUM PARKII (SHEA) BUTTER, VITIS VINIFERA (GRAPE) SEED OIL, OLUS OIL, LACTOBACILLUS FERMENT, PANTHENOL, UNDECANE, PERSEA GRATISSIMA (AVOCADO) OIL, TRIDECANE, ALOE BARBADENSIS LEAF JUICE POWDER, SODIUM HYALURONATE, MARIS SAL (SEA SALT), HYDROGENATED VEGETABLE OIL, ACACIA SENEGAL GUM, CETEARYL GLUCOSIDE, SODIUM GLUCONATE, XANTHAN GUM, SODIUM COCOYL GLUTAMATE, SODIUM DEHYDROACETATE, CITRIC ACID, TOCOPHEROL, HELIANTHUS ANNUUS (SUNFLOWER) SEED OIL, GLUCOSE, PARFUM (FRAGRANCE), LIMONENE, LINALOOL, CITRAL, GERANIOL, CITRONELLOL, FARNESOL<\/p>\n<p><b>Obsah:<span class=\"Apple-converted-space\">\u00a0 <\/span>50 ml<\/b><\/p>\n","protected":false},"excerpt":{"rendered":"<p>2 x ANION ANTI-AGING BALANCE kr\u00e9m na such\u00fa ple\u0165 50 ml PR\u00cdRODN\u00c1 KOZMETIKA<span class=\"Apple-converted-space\">\u00a0<\/span><\/p>\n<p>Promo mesiaca<\/p>\n","protected":false},"featured_media":3506,"comment_status":"open","ping_status":"closed","template":"","meta":[],"product_brand":[],"product_cat":[37,47],"product_tag":[],"class_list":{"0":"post-2554","1":"product","2":"type-product","3":"status-publish","4":"has-post-thumbnail","6":"product_cat-anionova-kozmetika-aunity","7":"product_cat-promo-akcia-mesiaca","9":"first","10":"instock","11":"taxable","12":"shipping-taxable","13":"purchasable","14":"product-type-simple"},"_links":{"self":[{"href":"https:\/\/aunitypartner.com\/en\/wp-json\/wp\/v2\/product\/2554","targetHints":{"allow":["GET"]}}],"collection":[{"href":"https:\/\/aunitypartner.com\/en\/wp-json\/wp\/v2\/product"}],"about":[{"href":"https:\/\/aunitypartner.com\/en\/wp-json\/wp\/v2\/types\/product"}],"replies":[{"embeddable":true,"href":"https:\/\/aunitypartner.com\/en\/wp-json\/wp\/v2\/comments?post=2554"}],"wp:featuredmedia":[{"embeddable":true,"href":"https:\/\/aunitypartner.com\/en\/wp-json\/wp\/v2\/media\/3506"}],"wp:attachment":[{"href":"https:\/\/aunitypartner.com\/en\/wp-json\/wp\/v2\/media?parent=2554"}],"wp:term":[{"taxonomy":"product_brand","embeddable":true,"href":"https:\/\/aunitypartner.com\/en\/wp-json\/wp\/v2\/product_brand?post=2554"},{"taxonomy":"product_cat","embeddable":true,"href":"https:\/\/aunitypartner.com\/en\/wp-json\/wp\/v2\/product_cat?post=2554"},{"taxonomy":"product_tag","embeddable":true,"href":"https:\/\/aunitypartner.com\/en\/wp-json\/wp\/v2\/product_tag?post=2554"}],"curies":[{"name":"wp","href":"https:\/\/api.w.org\/{rel}","templated":true}]}}