 {"id":2551,"date":"2023-11-26T20:26:16","date_gmt":"2023-11-26T19:26:16","guid":{"rendered":"https:\/\/aunitypartner.com\/?post_type=product&#038;p=2551"},"modified":"2026-04-22T13:43:59","modified_gmt":"2026-04-22T11:43:59","slug":"2-x-deepure-pu-erh-tee-essence-100ks-05g-50ks-classic-or-50-ks-so-zensenom-promo-mesiaca","status":"publish","type":"product","link":"https:\/\/aunitypartner.com\/en\/produkt\/2-x-deepure-pu-erh-tee-essence-100ks-05g-50ks-classic-or-50-ks-so-zensenom-promo-mesiaca\/","title":{"rendered":"2 x DEEPURE-PU-ERH-TEE Essence 100ks 0,5g (50ks Classic Or. + 50 ks so \u017een\u0161enom) \/ Promo mesiaca"},"content":{"rendered":"<p>2\u00a0 x Deepure Pu &#8211; Erh Tee, esenci\u00e1lny detoxika\u010dn\u00fd \u010daj 100 ks (50 x Classic Original + 50 x so \u017een\u0161enom)<\/p>\n","protected":false},"excerpt":{"rendered":"<p>2 x Deepure Pu &#8211; Erh Tee, esenci\u00e1lny detoxika\u010dn\u00fd \u010daj 100 ks (50 x Classic Original + 50 x so \u017een\u0161enom)<\/p>\n","protected":false},"featured_media":3506,"comment_status":"closed","ping_status":"closed","template":"","meta":[],"product_brand":[],"product_cat":[38,47],"product_tag":[],"class_list":{"0":"post-2551","1":"product","2":"type-product","3":"status-publish","4":"has-post-thumbnail","6":"product_cat-kakao-kava-a-caj-aunity","7":"product_cat-promo-akcia-mesiaca","9":"first","10":"instock","11":"taxable","12":"shipping-taxable","13":"purchasable","14":"product-type-simple"},"_links":{"self":[{"href":"https:\/\/aunitypartner.com\/en\/wp-json\/wp\/v2\/product\/2551","targetHints":{"allow":["GET"]}}],"collection":[{"href":"https:\/\/aunitypartner.com\/en\/wp-json\/wp\/v2\/product"}],"about":[{"href":"https:\/\/aunitypartner.com\/en\/wp-json\/wp\/v2\/types\/product"}],"replies":[{"embeddable":true,"href":"https:\/\/aunitypartner.com\/en\/wp-json\/wp\/v2\/comments?post=2551"}],"wp:featuredmedia":[{"embeddable":true,"href":"https:\/\/aunitypartner.com\/en\/wp-json\/wp\/v2\/media\/3506"}],"wp:attachment":[{"href":"https:\/\/aunitypartner.com\/en\/wp-json\/wp\/v2\/media?parent=2551"}],"wp:term":[{"taxonomy":"product_brand","embeddable":true,"href":"https:\/\/aunitypartner.com\/en\/wp-json\/wp\/v2\/product_brand?post=2551"},{"taxonomy":"product_cat","embeddable":true,"href":"https:\/\/aunitypartner.com\/en\/wp-json\/wp\/v2\/product_cat?post=2551"},{"taxonomy":"product_tag","embeddable":true,"href":"https:\/\/aunitypartner.com\/en\/wp-json\/wp\/v2\/product_tag?post=2551"}],"curies":[{"name":"wp","href":"https:\/\/api.w.org\/{rel}","templated":true}]}}