 {"id":2046,"date":"2023-06-29T11:11:00","date_gmt":"2023-06-29T09:11:00","guid":{"rendered":"https:\/\/aunitypartner.com\/?post_type=product&#038;p=2046"},"modified":"2025-06-23T21:48:39","modified_gmt":"2025-06-23T19:48:39","slug":"organic-barleygrasspowder-zeleny-jacmen-200g","status":"publish","type":"product","link":"https:\/\/aunitypartner.com\/en\/produkt\/organic-barleygrasspowder-zeleny-jacmen-200g\/","title":{"rendered":"ORGANIC BARLEYGRASSPOWDER \/ ZELEN\u00dd JA\u010cME\u0147 200g"},"content":{"rendered":"<p>100% bio pr\u00e1\u0161ok zo zelen\u00e9ho ja\u010dme\u0148a<\/p>\n<p><strong>Inform\u00e1cie o produkte:<\/strong><\/p>\n<p><strong>Odpor\u00fa\u010dan\u00e9 d\u00e1vkovanie:<\/strong> 3 vrchovat\u00e9 d\u00e1vkovacie ly\u017eice denne (zodpoved\u00e1 pribli\u017ene 10 g) zamie\u0161ajte do tekutiny alebo pridajte do jedla (mo\u017eno prida\u0165 do smoothies, d\u017e\u00fasov, polievok alebo do vody)<br \/>\n<strong>Nomin\u00e1lne mno\u017estvo:<\/strong>\u00a0200 g<br \/>\n<strong>Po\u010det porci\u00ed (denn\u00fdch d\u00e1vok):<\/strong> 20<br \/>\n<strong>Predajn\u00fd n\u00e1zov:<\/strong>\u00a0V\u00fd\u017eivov\u00fd doplnok s bio \u2013 spirulinou a bio \u2013 chlorellou DE-\u00d6KO-006<br \/>\n<strong>Skladovanie<\/strong>: Skladujte na chladnom, suchom a tmavom mieste.<br \/>\n<strong>Minim\u00e1lna doba pou\u017eite\u013enosti<\/strong>: uveden\u00e1 na spodnej strane obalu<\/p>\n<p><strong>Bez obsahu:<\/strong>\u00a0sladidiel,\u00a0 s\u00f3je, \u0161krobu, p\u0161enice, vajec, lepku, mlieka, orechov, zeleru, r\u00fdb, m\u00e4kk\u00fd\u0161ov, k\u00f4rovcov, sezamu, hor\u010dice, sulf\u00e1tov, lupiny, oxidu siri\u010dit\u00e9ho, umel\u00fdch farb\u00edv, ar\u00f3m a konzerva\u010dn\u00fdch l\u00e1tok<\/p>\n<p>Podrobn\u00e9 zlo\u017eenie je uveden\u00e9 v pr\u00edbalovom let\u00e1ku.<\/p>\n<p><a href=\"https:\/\/aunitypartner.com\/wp-content\/uploads\/2025\/03\/ZELENY-JACMEN_pribalovy-letak.pdf\" target=\"_blank\" rel=\"noopener\">ZELEN\u00dd JA\u010cME\u0147 pr\u00edbalov\u00fd let\u00e1k<\/a><\/p>\n","protected":false},"excerpt":{"rendered":"<p>ORGANIC BARLEYGRASSPOWDER \/ ZELEN\u00dd JA\u010cME\u0147 200g<\/p>\n","protected":false},"featured_media":1973,"comment_status":"open","ping_status":"closed","template":"","meta":[],"product_brand":[],"product_cat":[39],"product_tag":[],"class_list":{"0":"post-2046","1":"product","2":"type-product","3":"status-publish","4":"has-post-thumbnail","6":"product_cat-vyziva-aunity","8":"first","9":"instock","10":"taxable","11":"shipping-taxable","12":"purchasable","13":"product-type-simple"},"_links":{"self":[{"href":"https:\/\/aunitypartner.com\/en\/wp-json\/wp\/v2\/product\/2046","targetHints":{"allow":["GET"]}}],"collection":[{"href":"https:\/\/aunitypartner.com\/en\/wp-json\/wp\/v2\/product"}],"about":[{"href":"https:\/\/aunitypartner.com\/en\/wp-json\/wp\/v2\/types\/product"}],"replies":[{"embeddable":true,"href":"https:\/\/aunitypartner.com\/en\/wp-json\/wp\/v2\/comments?post=2046"}],"wp:featuredmedia":[{"embeddable":true,"href":"https:\/\/aunitypartner.com\/en\/wp-json\/wp\/v2\/media\/1973"}],"wp:attachment":[{"href":"https:\/\/aunitypartner.com\/en\/wp-json\/wp\/v2\/media?parent=2046"}],"wp:term":[{"taxonomy":"product_brand","embeddable":true,"href":"https:\/\/aunitypartner.com\/en\/wp-json\/wp\/v2\/product_brand?post=2046"},{"taxonomy":"product_cat","embeddable":true,"href":"https:\/\/aunitypartner.com\/en\/wp-json\/wp\/v2\/product_cat?post=2046"},{"taxonomy":"product_tag","embeddable":true,"href":"https:\/\/aunitypartner.com\/en\/wp-json\/wp\/v2\/product_tag?post=2046"}],"curies":[{"name":"wp","href":"https:\/\/api.w.org\/{rel}","templated":true}]}}