 {"id":2045,"date":"2023-06-29T11:10:00","date_gmt":"2023-06-29T09:10:00","guid":{"rendered":"https:\/\/aunitypartner.com\/?post_type=product&#038;p=2045"},"modified":"2025-06-20T16:12:15","modified_gmt":"2025-06-20T14:12:15","slug":"eisen-vitamin-c-kupfer-zelezo-vitamin-c-med-60-kapsul","status":"publish","type":"product","link":"https:\/\/aunitypartner.com\/en\/produkt\/eisen-vitamin-c-kupfer-zelezo-vitamin-c-med-60-kapsul\/","title":{"rendered":"EISEN VITAMIN C + KUPFER (\u017dELEZO VITAM\u00cdN C + ME\u010e) 60 kaps\u00fal"},"content":{"rendered":"<p>EISEN VITAMIN C + KUPFER (\u017dELEZO VITAM\u00cdN C + ME\u010e) 60 kaps\u00fal<\/p>\n","protected":false},"excerpt":{"rendered":"<p>EISEN VITAMIN C + KUPFER (\u017dELEZO VITAM\u00cdN C + ME\u010e) 60 kaps\u00fal<\/p>\n","protected":false},"featured_media":1966,"comment_status":"open","ping_status":"closed","template":"","meta":[],"product_brand":[],"product_cat":[39],"product_tag":[],"class_list":{"0":"post-2045","1":"product","2":"type-product","3":"status-publish","4":"has-post-thumbnail","6":"product_cat-vyziva-aunity","8":"first","9":"instock","10":"taxable","11":"shipping-taxable","12":"purchasable","13":"product-type-simple"},"_links":{"self":[{"href":"https:\/\/aunitypartner.com\/en\/wp-json\/wp\/v2\/product\/2045","targetHints":{"allow":["GET"]}}],"collection":[{"href":"https:\/\/aunitypartner.com\/en\/wp-json\/wp\/v2\/product"}],"about":[{"href":"https:\/\/aunitypartner.com\/en\/wp-json\/wp\/v2\/types\/product"}],"replies":[{"embeddable":true,"href":"https:\/\/aunitypartner.com\/en\/wp-json\/wp\/v2\/comments?post=2045"}],"wp:featuredmedia":[{"embeddable":true,"href":"https:\/\/aunitypartner.com\/en\/wp-json\/wp\/v2\/media\/1966"}],"wp:attachment":[{"href":"https:\/\/aunitypartner.com\/en\/wp-json\/wp\/v2\/media?parent=2045"}],"wp:term":[{"taxonomy":"product_brand","embeddable":true,"href":"https:\/\/aunitypartner.com\/en\/wp-json\/wp\/v2\/product_brand?post=2045"},{"taxonomy":"product_cat","embeddable":true,"href":"https:\/\/aunitypartner.com\/en\/wp-json\/wp\/v2\/product_cat?post=2045"},{"taxonomy":"product_tag","embeddable":true,"href":"https:\/\/aunitypartner.com\/en\/wp-json\/wp\/v2\/product_tag?post=2045"}],"curies":[{"name":"wp","href":"https:\/\/api.w.org\/{rel}","templated":true}]}}