 {"id":2044,"date":"2023-06-29T11:08:00","date_gmt":"2023-06-29T09:08:00","guid":{"rendered":"https:\/\/aunitypartner.com\/?post_type=product&#038;p=2044"},"modified":"2026-04-21T18:52:34","modified_gmt":"2026-04-21T16:52:34","slug":"weihrauch-magnesium-botswelia-serrata-magnezium","status":"publish","type":"product","link":"https:\/\/aunitypartner.com\/en\/produkt\/weihrauch-magnesium-botswelia-serrata-magnezium\/","title":{"rendered":"WEIHRAUCH MAGNESIUM (Botswelia serrata + Magn\u00e9zium)"},"content":{"rendered":"<p><strong>Vysoko d\u00e1vkovan\u00fd pr\u00e9miov\u00fd komplex extraktu Boswellia Serrata z indick\u00e9ho kadidla s vysok\u00fdm obsahom kyseliny boswellovej 88,25 %<\/strong><\/p>\n<h4><strong>Inform\u00e1cie o produkte:<\/strong><\/h4>\n<p><strong>Odpor\u00fa\u010dan\u00e9 d\u00e1vkovanie: <\/strong>2 x denne 1 nerozhryzen\u00fa kapsulu vcelku zapi\u0165 dostato\u010dn\u00fdm mno\u017estvom tekutiny kr\u00e1tko pred jedlom<strong><br \/>\nBalenie obsahuje: <\/strong>60 kaps\u00fal (30 denn\u00fdch d\u00e1vok)<strong><br \/>\nNomin\u00e1lne mno\u017estvo: <\/strong>44,4 g<strong><br \/>\nObchodn\u00e9 ozna\u010denie: <\/strong>V\u00fd\u017eivov\u00fd doplnok s extraktom z Boswellia serrata a tri-magn\u00e9zium dicitr\u00e1tom<strong><br \/>\nSkladovanie: <\/strong>Skladujte na chladnom, suchom a tmavom mieste.<strong><br \/>\nMinim\u00e1lna doba pou\u017eite\u013enosti: <\/strong>Uveden\u00e1 na spodnej strane obalu<\/p>\n<p><strong>Bez obsahu:<\/strong> sladidiel, s\u00f3je, soli, \u0161krobu, p\u0161enice, vajec, lepku, mlieka, orechov, zeleru, r\u00fdb, m\u00e4kk\u00fd\u0161ov, k\u00f4rovcov, sezamu, hor\u010dice, sulf\u00e1tov, lupiny, oxidu siri\u010dit\u00e9ho, umel\u00fdch farb\u00edv, ar\u00f3m a konzerva\u010dn\u00fdch l\u00e1tok<\/p>\n<p>Podrobn\u00e9 zlo\u017eenie je uveden\u00e9 v pr\u00edbalovom let\u00e1ku.<\/p>\n<p><a href=\"https:\/\/aunitypartner.com\/wp-content\/uploads\/2025\/07\/WEIHRAUCHMAGNESIUM_pribalovy-letak.pdf\" target=\"_blank\" rel=\"noopener\">WEIHRAUCH MAGNESIUM (KADODLO HOR\u010c\u00cdK) pr\u00edbalov\u00fd let\u00e1k<\/a><\/p>\n","protected":false},"excerpt":{"rendered":"<p>Vysoko d\u00e1vkovan\u00fd pr\u00e9miov\u00fd komplex extraktu Boswellia Serrata z indick\u00e9ho kadidla s vysok\u00fdm obsahom kyseliny boswellovej 88,25 %<\/p>\n","protected":false},"featured_media":2015,"comment_status":"open","ping_status":"closed","template":"","meta":[],"product_brand":[],"product_cat":[39],"product_tag":[],"class_list":{"0":"post-2044","1":"product","2":"type-product","3":"status-publish","4":"has-post-thumbnail","6":"product_cat-vyziva-aunity","8":"first","9":"instock","10":"taxable","11":"shipping-taxable","12":"purchasable","13":"product-type-simple"},"_links":{"self":[{"href":"https:\/\/aunitypartner.com\/en\/wp-json\/wp\/v2\/product\/2044","targetHints":{"allow":["GET"]}}],"collection":[{"href":"https:\/\/aunitypartner.com\/en\/wp-json\/wp\/v2\/product"}],"about":[{"href":"https:\/\/aunitypartner.com\/en\/wp-json\/wp\/v2\/types\/product"}],"replies":[{"embeddable":true,"href":"https:\/\/aunitypartner.com\/en\/wp-json\/wp\/v2\/comments?post=2044"}],"wp:featuredmedia":[{"embeddable":true,"href":"https:\/\/aunitypartner.com\/en\/wp-json\/wp\/v2\/media\/2015"}],"wp:attachment":[{"href":"https:\/\/aunitypartner.com\/en\/wp-json\/wp\/v2\/media?parent=2044"}],"wp:term":[{"taxonomy":"product_brand","embeddable":true,"href":"https:\/\/aunitypartner.com\/en\/wp-json\/wp\/v2\/product_brand?post=2044"},{"taxonomy":"product_cat","embeddable":true,"href":"https:\/\/aunitypartner.com\/en\/wp-json\/wp\/v2\/product_cat?post=2044"},{"taxonomy":"product_tag","embeddable":true,"href":"https:\/\/aunitypartner.com\/en\/wp-json\/wp\/v2\/product_tag?post=2044"}],"curies":[{"name":"wp","href":"https:\/\/api.w.org\/{rel}","templated":true}]}}