 {"id":2042,"date":"2023-06-29T11:05:00","date_gmt":"2023-06-29T09:05:00","guid":{"rendered":"https:\/\/aunitypartner.com\/?post_type=product&#038;p=2042"},"modified":"2026-04-21T18:25:59","modified_gmt":"2026-04-21T16:25:59","slug":"vitamin-b-komplex","status":"publish","type":"product","link":"https:\/\/aunitypartner.com\/en\/produkt\/vitamin-b-komplex\/","title":{"rendered":"VITAMIN B-KOMPLEX"},"content":{"rendered":"<h4>PREMIUM BIO COMPLEX VITAM\u00cdNU B<\/h4>\n<p><strong>Inform\u00e1cie o produkte:<\/strong><\/p>\n<p><strong>Odpor\u00fa\u010dan\u00e9 d\u00e1vkovanie:<\/strong> U\u017e\u00edvajte 1 kapsulu denne, nerozhryznut\u00fa, s dostato\u010dn\u00fdm mno\u017estvom vody, kr\u00e1tko pred jedlom<br \/>\n<strong>Balenie obsahuje<\/strong>: 60 kaps\u00fal (60 denn\u00fdch d\u00e1vok)<br \/>\n<strong>Nomin\u00e1lne mno\u017estvo:<\/strong> 44 g<br \/>\n<strong>Obchodn\u00e9 ozna\u010denie:<\/strong> V\u00fd\u017eivov\u00fd doplnok s pr\u00e1\u0161kom z kl\u00ed\u010dkov poh\u00e1nky<br \/>\n<strong>Skladovanie<\/strong>: Skladujte na chladnom, suchom a tmavom mieste.<br \/>\n<strong>Minim\u00e1lna doba pou\u017eite\u013enosti<\/strong>: uveden\u00e1 na spodnej strane obalu<\/p>\n<p>Podrobn\u00e9 zlo\u017eenie je uveden\u00e9 v pr\u00edbalovom let\u00e1ku.<\/p>\n<p><a href=\"https:\/\/aunitypartner.com\/wp-content\/uploads\/2025\/05\/VITAMIN-B-COMPLEX_pribalovy-letak.pdf\" target=\"_blank\" rel=\"noopener\">VITAMIN B COMPLEX pr\u00edbalov\u00fd let\u00e1k<\/a><\/p>\n","protected":false},"excerpt":{"rendered":"<p>VITAMIN B-KOMPLEX<\/p>\n","protected":false},"featured_media":1989,"comment_status":"open","ping_status":"closed","template":"","meta":[],"product_brand":[],"product_cat":[39],"product_tag":[],"class_list":{"0":"post-2042","1":"product","2":"type-product","3":"status-publish","4":"has-post-thumbnail","6":"product_cat-vyziva-aunity","8":"first","9":"instock","10":"taxable","11":"shipping-taxable","12":"purchasable","13":"product-type-simple"},"_links":{"self":[{"href":"https:\/\/aunitypartner.com\/en\/wp-json\/wp\/v2\/product\/2042","targetHints":{"allow":["GET"]}}],"collection":[{"href":"https:\/\/aunitypartner.com\/en\/wp-json\/wp\/v2\/product"}],"about":[{"href":"https:\/\/aunitypartner.com\/en\/wp-json\/wp\/v2\/types\/product"}],"replies":[{"embeddable":true,"href":"https:\/\/aunitypartner.com\/en\/wp-json\/wp\/v2\/comments?post=2042"}],"wp:featuredmedia":[{"embeddable":true,"href":"https:\/\/aunitypartner.com\/en\/wp-json\/wp\/v2\/media\/1989"}],"wp:attachment":[{"href":"https:\/\/aunitypartner.com\/en\/wp-json\/wp\/v2\/media?parent=2042"}],"wp:term":[{"taxonomy":"product_brand","embeddable":true,"href":"https:\/\/aunitypartner.com\/en\/wp-json\/wp\/v2\/product_brand?post=2042"},{"taxonomy":"product_cat","embeddable":true,"href":"https:\/\/aunitypartner.com\/en\/wp-json\/wp\/v2\/product_cat?post=2042"},{"taxonomy":"product_tag","embeddable":true,"href":"https:\/\/aunitypartner.com\/en\/wp-json\/wp\/v2\/product_tag?post=2042"}],"curies":[{"name":"wp","href":"https:\/\/api.w.org\/{rel}","templated":true}]}}