 {"id":2036,"date":"2023-06-29T10:56:00","date_gmt":"2023-06-29T08:56:00","guid":{"rendered":"https:\/\/aunitypartner.com\/?post_type=product&#038;p=2036"},"modified":"2026-04-06T10:20:58","modified_gmt":"2026-04-06T08:20:58","slug":"piperin-extrakt-10-g-prasok","status":"publish","type":"product","link":"https:\/\/aunitypartner.com\/en\/produkt\/piperin-extrakt-10-g-prasok\/","title":{"rendered":"PIPERIN EXTRAKT 10 g, pr\u00e1\u0161ok"},"content":{"rendered":"<p><strong>Zlo\u017eenie:<\/strong> 100 % extrakt z \u010dierneho korenia (98 % piper\u00edn)<\/p>\n<p><strong>Kvalita:<\/strong> Spracovanie, plnenie a kontrola kvality sa vykon\u00e1va pod\u013ea najvy\u0161\u0161\u00edch \u0161tandardov vo v\u00fdrobnom z\u00e1vode v Nemecku v s\u00falade s koncepciou HACCP pre bezpe\u010dnos\u0165 potrav\u00edn.<\/p>\n<p><strong>Odpor\u00fa\u010dan\u00e9 pou\u017eitie:<\/strong> U\u017e\u00edvajte 10 &#8211; 20 mg pr\u00e1\u0161ku z piper\u00ednov\u00e9ho extraktu denne s dostato\u010dn\u00fdm mno\u017estvom vody po\u010das jedla.<br \/>\n<strong>10 mg<\/strong> (98 % piper\u00edn = <strong>9,8 mg<\/strong>)<\/p>\n<p><strong>Obsah:<\/strong> Pr\u00e1\u0161ok<br \/>\n<strong>Nomin\u00e1lna hmotnos\u0165:<\/strong> 10 g<br \/>\n<strong>Obchodn\u00e9 ozna\u010denie::<\/strong> 100 % extrakt z \u010dierneho korenia s obsahom 98 % piper\u00ednu<br \/>\n<strong>Skladovanie<\/strong>: Uchov\u00e1vajte na chladnom, suchom a tmavom mieste.<br \/>\n<strong>Minim\u00e1lna doba spotreby:<\/strong> vi\u010f potla\u010d na spodnej strane balenia<\/p>\n<p>Podrobn\u00fd popis produktu je uveden\u00fd v pr\u00edbalovom let\u00e1ku:<\/p>\n<p><a href=\"https:\/\/aunitypartner.com\/wp-content\/uploads\/2025\/03\/PIPERIN-EXTRAKT-10g_pribalovy-letak.pdf\" target=\"_blank\" rel=\"noopener\">PIPERIN EXPTRAKT obsah 10g pr\u00edbalov\u00fd let\u00e1k<\/a><\/p>\n","protected":false},"excerpt":{"rendered":"<p>Doplnok v\u00fd\u017eivy s extraktom z \u010dierneho korenia a sekund\u00e1rnymi rastlinn\u00fdmi l\u00e1tkami<\/p>\n","protected":false},"featured_media":2022,"comment_status":"open","ping_status":"closed","template":"","meta":[],"product_brand":[],"product_cat":[39],"product_tag":[],"class_list":{"0":"post-2036","1":"product","2":"type-product","3":"status-publish","4":"has-post-thumbnail","6":"product_cat-vyziva-aunity","8":"first","9":"instock","10":"taxable","11":"shipping-taxable","12":"purchasable","13":"product-type-simple"},"_links":{"self":[{"href":"https:\/\/aunitypartner.com\/en\/wp-json\/wp\/v2\/product\/2036","targetHints":{"allow":["GET"]}}],"collection":[{"href":"https:\/\/aunitypartner.com\/en\/wp-json\/wp\/v2\/product"}],"about":[{"href":"https:\/\/aunitypartner.com\/en\/wp-json\/wp\/v2\/types\/product"}],"replies":[{"embeddable":true,"href":"https:\/\/aunitypartner.com\/en\/wp-json\/wp\/v2\/comments?post=2036"}],"wp:featuredmedia":[{"embeddable":true,"href":"https:\/\/aunitypartner.com\/en\/wp-json\/wp\/v2\/media\/2022"}],"wp:attachment":[{"href":"https:\/\/aunitypartner.com\/en\/wp-json\/wp\/v2\/media?parent=2036"}],"wp:term":[{"taxonomy":"product_brand","embeddable":true,"href":"https:\/\/aunitypartner.com\/en\/wp-json\/wp\/v2\/product_brand?post=2036"},{"taxonomy":"product_cat","embeddable":true,"href":"https:\/\/aunitypartner.com\/en\/wp-json\/wp\/v2\/product_cat?post=2036"},{"taxonomy":"product_tag","embeddable":true,"href":"https:\/\/aunitypartner.com\/en\/wp-json\/wp\/v2\/product_tag?post=2036"}],"curies":[{"name":"wp","href":"https:\/\/api.w.org\/{rel}","templated":true}]}}