 {"id":2034,"date":"2023-06-29T10:55:00","date_gmt":"2023-06-29T08:55:00","guid":{"rendered":"https:\/\/aunitypartner.com\/?post_type=product&#038;p=2034"},"modified":"2026-03-23T14:22:16","modified_gmt":"2026-03-23T13:22:16","slug":"alkaline-booster-ph-kvapky-100ml","status":"publish","type":"product","link":"https:\/\/aunitypartner.com\/en\/produkt\/alkaline-booster-ph-kvapky-100ml\/","title":{"rendered":"ALKALINE BOOSTER pH kvapky 100ml"},"content":{"rendered":"<h4>Obnovte prirodzen\u00fa acidob\u00e1zick\u00fa rovnov\u00e1hu\u00a0alkalick\u00fdmi kvapkami na pr\u00edrodnej b\u00e1ze\u00a0a posilnite\u00a0svoj imunitn\u00fd syst\u00e9m.<\/h4>\n<p>Ka\u017ed\u00fa sekundu sa v n\u00e1s narodia a odumr\u00fa miliardy buniek. \u017diadny z t\u00fdchto procesov nie je mo\u017en\u00fd bez udr\u017eania acidob\u00e1zickej rovnov\u00e1hy. \u013dudsk\u00e9 zdravie priamo z\u00e1vis\u00ed od pH parametrov n\u00e1\u0161ho organizmu. Ve\u013ek\u00fd ne\u017eiad\u00faci dopad m\u00e1 aj \u017eivotn\u00e9 prostredie a pr\u00edsun potravy vo forme \u010dasto priemyselne spracovan\u00fdch potrav\u00edn.<\/p>\n<p>Pite 3-6 poh\u00e1rov alkalickej vody denne, aby ste zn\u00ed\u017eili kyslos\u0165 vo svojom tele.<\/p>\n<p>Harmonick\u00fd \u017eivot je mo\u017en\u00e9 dosiahnu\u0165 iba v rovnov\u00e1he. V\u0161etko, \u010do rob\u00edme, mysl\u00edme, jeme, pijeme a c\u00edtime, mus\u00ed by\u0165 vedom\u00e9. Udr\u017eiavan\u00edm kon\u0161tantn\u00e9ho pH vytv\u00e1rame prostredie, ktor\u00e9 zlep\u0161uje zdravie na v\u0161etk\u00fdch \u00farovniach. Prekyslenie tela je dnes mo\u017en\u00e9 pozorova\u0165 v d\u00f4sledku stravy, ktor\u00fa\u00a0jeme, stresu v na\u0161om \u017eivote a \u0161kodliv\u00edn v \u017eivotnom prostred\u00ed.<\/p>\n<ul>\n<li>Neutraliz\u00e1cia prebyto\u010dnej kyslosti\u00a0v tele<\/li>\n<li>Obnovenie acidob\u00e1zickej rovnov\u00e1hy<\/li>\n<li>Ka\u017edodenn\u00e9 posilnenie imunitn\u00e9ho syst\u00e9mu.<\/li>\n<\/ul>\n<p><strong>Odpor\u00fa\u010dan\u00e9 d\u00e1vkovanie:\u00a0<\/strong>Pre dospel\u00fdch 8-10 kvapiek do objemu\u00a00,2 &#8211; 0,33 litra vody alebo in\u00e9ho n\u00e1poja pod\u013ea potreby. Miner\u00e1lne kvapky pH pou\u017e\u00edvajte iba v rozpustenej forme. Pred pou\u017eit\u00edm dobre pretrepte.<br \/>\n<strong>Obsah:<\/strong>\u00a0100 ml<\/p>\n<p><strong>Pribli\u017en\u00fd po\u010det d\u00e1vok:<\/strong> 250<\/p>\n<p><strong>Zlo\u017eenie:<\/strong> Voda, so\u013e, pr\u00edrodn\u00e1 ru\u017eov\u00e1 so\u013e (Pakistan), regul\u00e1tor kyslosti pH (hydroxid draseln\u00fd), hydrog\u00e9nuhli\u010ditan am\u00f3nny<\/p>\n<p><strong>Skladovanie:<\/strong>\u00a0Skladujte na chladnom, suchom a tmavom mieste.<\/p>\n<p>Nepou\u017e\u00edvajte nerieden\u00e9!<\/p>\n<p>Podrobn\u00fd popis je uveden\u00fd v pr\u00edbalovom let\u00e1ku:<\/p>\n<p><a href=\"https:\/\/aunitypartner.com\/wp-content\/uploads\/2025\/01\/ALKALINE-BOOSTER_pribalovy-letak-1.pdf\">ALKALINE BOOSTER pr\u00edbalov\u00fd let\u00e1k<\/a><\/p>\n","protected":false},"excerpt":{"rendered":"<p>ALKALINE BOOSTER pH kvapky 100ml<\/p>\n","protected":false},"featured_media":1982,"comment_status":"open","ping_status":"closed","template":"","meta":[],"product_brand":[],"product_cat":[39],"product_tag":[],"class_list":{"0":"post-2034","1":"product","2":"type-product","3":"status-publish","4":"has-post-thumbnail","6":"product_cat-vyziva-aunity","8":"first","9":"instock","10":"taxable","11":"shipping-taxable","12":"purchasable","13":"product-type-simple"},"_links":{"self":[{"href":"https:\/\/aunitypartner.com\/en\/wp-json\/wp\/v2\/product\/2034","targetHints":{"allow":["GET"]}}],"collection":[{"href":"https:\/\/aunitypartner.com\/en\/wp-json\/wp\/v2\/product"}],"about":[{"href":"https:\/\/aunitypartner.com\/en\/wp-json\/wp\/v2\/types\/product"}],"replies":[{"embeddable":true,"href":"https:\/\/aunitypartner.com\/en\/wp-json\/wp\/v2\/comments?post=2034"}],"wp:featuredmedia":[{"embeddable":true,"href":"https:\/\/aunitypartner.com\/en\/wp-json\/wp\/v2\/media\/1982"}],"wp:attachment":[{"href":"https:\/\/aunitypartner.com\/en\/wp-json\/wp\/v2\/media?parent=2034"}],"wp:term":[{"taxonomy":"product_brand","embeddable":true,"href":"https:\/\/aunitypartner.com\/en\/wp-json\/wp\/v2\/product_brand?post=2034"},{"taxonomy":"product_cat","embeddable":true,"href":"https:\/\/aunitypartner.com\/en\/wp-json\/wp\/v2\/product_cat?post=2034"},{"taxonomy":"product_tag","embeddable":true,"href":"https:\/\/aunitypartner.com\/en\/wp-json\/wp\/v2\/product_tag?post=2034"}],"curies":[{"name":"wp","href":"https:\/\/api.w.org\/{rel}","templated":true}]}}