 {"id":2030,"date":"2023-06-29T10:50:00","date_gmt":"2023-06-29T08:50:00","guid":{"rendered":"https:\/\/aunitypartner.com\/?post_type=product&#038;p=2030"},"modified":"2026-03-17T13:56:55","modified_gmt":"2026-03-17T12:56:55","slug":"omega3-total-90-kapsul","status":"publish","type":"product","link":"https:\/\/aunitypartner.com\/en\/produkt\/omega3-total-90-kapsul\/","title":{"rendered":"OMEGA3 TOTAL 90 kaps\u00fal"},"content":{"rendered":"<p>Omega-3 nenas\u00fdten\u00e9 mastn\u00e9 kyseliny patria medzi esenci\u00e1lne l\u00e1tky, to znamen\u00e1, \u017ee si ich na\u0161e telo nedok\u00e1\u017ee samo vytvori\u0165 a je potrebn\u00e9 ich pravidelne prij\u00edma\u0165 prostredn\u00edctvom potravy.<\/p>\n<h4><strong>Inform\u00e1cie o produkte:<\/strong><\/h4>\n<p><strong>Odpor\u00fa\u010dan\u00e9 d\u00e1vkovanie: <\/strong>3 x denne 1 kapsulu vcelku a zapi\u0165 dostato\u010dn\u00fdm mno\u017estvom tekutiny.<strong><br \/>\nBalenie obsahuje: <\/strong>90 kaps\u00fal (30 denn\u00fdch d\u00e1vok)<strong><br \/>\nNomin\u00e1lne mno\u017estvo: <\/strong>120,7 g<strong><br \/>\nObchodn\u00e9 ozna\u010denie: <\/strong>V\u00fd\u017eivov\u00fd doplnok s omega-3 mastn\u00fdmi kyselinami a vitam\u00ednom E<strong><br \/>\nSkladovanie: <\/strong>Skladujte na chladnom, suchom a tmavom mieste.<strong><br \/>\nMinim\u00e1lna doba pou\u017eite\u013enosti: <\/strong>Uveden\u00e1 na spodnej strane obalu<\/p>\n<p>Podrobn\u00e9 zlo\u017eenie je uveden\u00e9 v pr\u00edbalovom let\u00e1ku.<\/p>\n<p><a href=\"https:\/\/aunitypartner.com\/wp-content\/uploads\/2025\/07\/Omega3TOTAL_pribalovy-letak.pdf\" target=\"_blank\" rel=\"noopener\">OMEGA3TOTAL pr\u00edbalov\u00fd let\u00e1k<\/a><\/p>\n","protected":false},"excerpt":{"rendered":"<p>V\u00fd\u017eivov\u00fd doplnok s omega-3 mastn\u00fdmi kyselinami a vitam\u00ednom E<\/p>\n","protected":false},"featured_media":2006,"comment_status":"open","ping_status":"closed","template":"","meta":[],"product_brand":[],"product_cat":[39],"product_tag":[],"class_list":{"0":"post-2030","1":"product","2":"type-product","3":"status-publish","4":"has-post-thumbnail","6":"product_cat-vyziva-aunity","8":"first","9":"instock","10":"taxable","11":"shipping-taxable","12":"purchasable","13":"product-type-simple"},"_links":{"self":[{"href":"https:\/\/aunitypartner.com\/en\/wp-json\/wp\/v2\/product\/2030","targetHints":{"allow":["GET"]}}],"collection":[{"href":"https:\/\/aunitypartner.com\/en\/wp-json\/wp\/v2\/product"}],"about":[{"href":"https:\/\/aunitypartner.com\/en\/wp-json\/wp\/v2\/types\/product"}],"replies":[{"embeddable":true,"href":"https:\/\/aunitypartner.com\/en\/wp-json\/wp\/v2\/comments?post=2030"}],"wp:featuredmedia":[{"embeddable":true,"href":"https:\/\/aunitypartner.com\/en\/wp-json\/wp\/v2\/media\/2006"}],"wp:attachment":[{"href":"https:\/\/aunitypartner.com\/en\/wp-json\/wp\/v2\/media?parent=2030"}],"wp:term":[{"taxonomy":"product_brand","embeddable":true,"href":"https:\/\/aunitypartner.com\/en\/wp-json\/wp\/v2\/product_brand?post=2030"},{"taxonomy":"product_cat","embeddable":true,"href":"https:\/\/aunitypartner.com\/en\/wp-json\/wp\/v2\/product_cat?post=2030"},{"taxonomy":"product_tag","embeddable":true,"href":"https:\/\/aunitypartner.com\/en\/wp-json\/wp\/v2\/product_tag?post=2030"}],"curies":[{"name":"wp","href":"https:\/\/api.w.org\/{rel}","templated":true}]}}