 {"id":2029,"date":"2023-06-29T10:49:00","date_gmt":"2023-06-29T08:49:00","guid":{"rendered":"https:\/\/aunitypartner.com\/?post_type=product&#038;p=2029"},"modified":"2026-02-28T20:13:29","modified_gmt":"2026-02-28T19:13:29","slug":"maternity-complex","status":"publish","type":"product","link":"https:\/\/aunitypartner.com\/en\/produkt\/maternity-complex\/","title":{"rendered":"MATERNITY+ COMPLEX"},"content":{"rendered":"<h3>MATERNITY+ COMPLEX\u00a0 \/\u00a0 obsah 90 kaps\u00fal<\/h3>\n<p>V\u00fd\u017eivov\u00fd doplnok s obsahom vitam\u00ednov a miner\u00e1lov a probiotick\u00fdch kult\u00far.<\/p>\n<p>Maternity+ Complex \u2013 d\u00f4le\u017eit\u00e9 mikronutrienty v obdob\u00ed pl\u00e1novania tehotenstva, v tehotenstve a po\u010das doj\u010denia.<\/p>\n<p>Optim\u00e1lna rovnov\u00e1ha stopov\u00fdch prvkov je nevyhnutn\u00e1 pre \u017eeny, ktor\u00e9 chc\u00fa ma\u0165 deti, tehotn\u00e9 a doj\u010diace. Maternity+ Complex \u2013 \u0161peci\u00e1lne upraven\u00fd nutri\u010dn\u00fd liek, ktor\u00fd bol vyvinut\u00fd na z\u00e1klade najnov\u0161\u00edch vedeck\u00fdch \u00fadajov za \u00fa\u010delom uspokojenia naliehavej potreby pri pl\u00e1novan\u00ed tehotenstva, po\u010das tehotenstva a doj\u010denia.<\/p>\n<p>\u017deny, ktor\u00e9 chc\u00fa ma\u0165 deti, tehotn\u00e9 alebo doj\u010diace potrebuj\u00fa \u010fal\u0161ie \u017eiviny, viac energie a ove\u013ea v\u00e4\u010d\u0161ie mno\u017estvo stopov\u00fdch prvkov.\u00a0Maternity+ Complex podporuje norm\u00e1lny v\u00fdvoj plodu v maternici a je u\u017eito\u010dn\u00fd pri k\u0155men\u00ed die\u0165a\u0165a.<\/p>\n<p><strong>Inform\u00e1cie o produkte:<\/strong><\/p>\n<p><strong>Odpor\u00fa\u010dan\u00e9 d\u00e1vkovanie:<\/strong>\u00a0Denne u\u017e\u00edvajte 2 nerozhryzen\u00e9 kapsuly\u00a0a zapite dostato\u010dn\u00fdm mno\u017estvom tekutiny.<br \/>\n<strong>Obsah:<\/strong> 90 kaps\u00fal | <strong>Netto hmotnos\u0165:<\/strong> 74,1 g<br \/>\n<strong>Obal kapsuly:<\/strong> Hydroxypropylmetylcelul\u00f3za (rastlinn\u00fd\u00a0obal kapsuly)<br \/>\n<strong>Obchodn\u00e9 zaradenie produktu:<\/strong> V\u00fd\u017eivov\u00fd doplnok s vitam\u00ednmi , miner\u00e1lmi a probiotick\u00fdmi kult\u00farami<br \/>\n<strong>Skladovanie:<\/strong> Skladujte na chladnom, suchom a tmavom mieste. | <strong>Minim\u00e1lna doba pou\u017eite\u013enosti<\/strong>: uveden\u00e1 na spodnej strane obalu spodnej strane obalu<\/p>\n<p>Podrobn\u00e9 zlo\u017eenie je uveden\u00e9 v pr\u00edbalovom let\u00e1ku.<\/p>\n<p><a href=\"https:\/\/aunitypartner.com\/wp-content\/uploads\/2025\/01\/MATERNITYCOMPLEX_pribalovy-letak.pdf\" target=\"_blank\" rel=\"noopener\">MATERNITY+COMPLEX pr\u00edbalov\u00fd let\u00e1k<\/a><\/p>\n","protected":false},"excerpt":{"rendered":"<p>MATERNITY+ COMPLEX \/ obsah 90 kaps\u00fal<\/p>\n<p>V\u00fd\u017eivov\u00fd doplnok s obsahom vitam\u00ednov a miner\u00e1lov a probiotick\u00fdch kult\u00far.<\/p>\n<p>Maternity+ Complex \u2013 d\u00f4le\u017eit\u00e9 mikronutrienty v obdob\u00ed pl\u00e1novania tehotenstva, v tehotenstve a po\u010das doj\u010denia.<\/p>\n","protected":false},"featured_media":1986,"comment_status":"open","ping_status":"closed","template":"","meta":[],"product_brand":[],"product_cat":[39],"product_tag":[],"class_list":{"0":"post-2029","1":"product","2":"type-product","3":"status-publish","4":"has-post-thumbnail","6":"product_cat-vyziva-aunity","8":"first","9":"instock","10":"taxable","11":"shipping-taxable","12":"purchasable","13":"product-type-simple"},"_links":{"self":[{"href":"https:\/\/aunitypartner.com\/en\/wp-json\/wp\/v2\/product\/2029","targetHints":{"allow":["GET"]}}],"collection":[{"href":"https:\/\/aunitypartner.com\/en\/wp-json\/wp\/v2\/product"}],"about":[{"href":"https:\/\/aunitypartner.com\/en\/wp-json\/wp\/v2\/types\/product"}],"replies":[{"embeddable":true,"href":"https:\/\/aunitypartner.com\/en\/wp-json\/wp\/v2\/comments?post=2029"}],"wp:featuredmedia":[{"embeddable":true,"href":"https:\/\/aunitypartner.com\/en\/wp-json\/wp\/v2\/media\/1986"}],"wp:attachment":[{"href":"https:\/\/aunitypartner.com\/en\/wp-json\/wp\/v2\/media?parent=2029"}],"wp:term":[{"taxonomy":"product_brand","embeddable":true,"href":"https:\/\/aunitypartner.com\/en\/wp-json\/wp\/v2\/product_brand?post=2029"},{"taxonomy":"product_cat","embeddable":true,"href":"https:\/\/aunitypartner.com\/en\/wp-json\/wp\/v2\/product_cat?post=2029"},{"taxonomy":"product_tag","embeddable":true,"href":"https:\/\/aunitypartner.com\/en\/wp-json\/wp\/v2\/product_tag?post=2029"}],"curies":[{"name":"wp","href":"https:\/\/api.w.org\/{rel}","templated":true}]}}