 {"id":2025,"date":"2023-06-29T10:41:00","date_gmt":"2023-06-29T08:41:00","guid":{"rendered":"https:\/\/aunitypartner.com\/?post_type=product&#038;p=2025"},"modified":"2026-04-22T13:09:46","modified_gmt":"2026-04-22T11:09:46","slug":"multimineral-complex-90-kapsul","status":"publish","type":"product","link":"https:\/\/aunitypartner.com\/en\/produkt\/multimineral-complex-90-kapsul\/","title":{"rendered":"MULTIMINERAL COMPLEX 90 kaps\u00fal"},"content":{"rendered":"<p>V multiminer\u00e1lnom komplexe s\u00fa vo fyziologickej rovnov\u00e1he skombinovan\u00e9 v\u00e1pnik, hor\u010d\u00edk, zinok, mang\u00e1n, drasl\u00edk, sel\u00e9n, chr\u00f3m, mang\u00e1n, L-metion\u00edn, L-glutam\u00edn, vitam\u00edn D a krem\u00edk.<\/p>\n<p>aunity MULTIMINERAL je obohaten\u00fd ani\u00f3nmi a neobsahuje \u017eiadne umel\u00e9 pr\u00edchute, farbiv\u00e1 ani pridan\u00e9 konzerva\u010dn\u00e9 l\u00e1tky.<\/p>\n<h4><strong>Inform\u00e1cie o produkte:<\/strong><\/h4>\n<p><strong>Odpor\u00fa\u010dan\u00e9 d\u00e1vkovanie: <\/strong>U\u017e\u00edvajte 3 kapsuly denne a zapite ich dostato\u010dn\u00fdm mno\u017estvom vody.<strong><br \/>\nBalenie obsahuje: <\/strong>90 kaps\u00fal (30 denn\u00fdch d\u00e1vok)<strong><br \/>\nNomin\u00e1lne mno\u017estvo: <\/strong>91,8 g<strong><br \/>\nObchodn\u00e9 ozna\u010denie: <\/strong>V\u00fd\u017eivov\u00fd doplnok s miner\u00e1lmi a aminokyselinami<strong><br \/>\nSkladovanie: <\/strong>Skladujte na chladnom, suchom a tmavom mieste.<strong><br \/>\nMinim\u00e1lna doba pou\u017eite\u013enosti: <\/strong>Uveden\u00e1 na spodnej strane obalu<\/p>\n<p>Podrobn\u00e9 zlo\u017eenie je uveden\u00e9 v pr\u00edbalovom let\u00e1ku.<\/p>\n<p><a href=\"https:\/\/aunitypartner.com\/wp-content\/uploads\/2025\/07\/MULTIMINERAL-COMPLEX_pribalovy-letak.pdf\" target=\"_blank\" rel=\"noopener\">MULTIMINERAL COMPLEX pr\u00edbalov\u00fd let\u00e1k<\/a><\/p>\n","protected":false},"excerpt":{"rendered":"<p>V\u00fd\u017eivov\u00fd doplnok s miner\u00e1lmi a aminokyselinami.<\/p>\n","protected":false},"featured_media":1957,"comment_status":"open","ping_status":"closed","template":"","meta":[],"product_brand":[],"product_cat":[39],"product_tag":[],"class_list":{"0":"post-2025","1":"product","2":"type-product","3":"status-publish","4":"has-post-thumbnail","6":"product_cat-vyziva-aunity","8":"first","9":"instock","10":"taxable","11":"shipping-taxable","12":"purchasable","13":"product-type-simple"},"_links":{"self":[{"href":"https:\/\/aunitypartner.com\/en\/wp-json\/wp\/v2\/product\/2025","targetHints":{"allow":["GET"]}}],"collection":[{"href":"https:\/\/aunitypartner.com\/en\/wp-json\/wp\/v2\/product"}],"about":[{"href":"https:\/\/aunitypartner.com\/en\/wp-json\/wp\/v2\/types\/product"}],"replies":[{"embeddable":true,"href":"https:\/\/aunitypartner.com\/en\/wp-json\/wp\/v2\/comments?post=2025"}],"wp:featuredmedia":[{"embeddable":true,"href":"https:\/\/aunitypartner.com\/en\/wp-json\/wp\/v2\/media\/1957"}],"wp:attachment":[{"href":"https:\/\/aunitypartner.com\/en\/wp-json\/wp\/v2\/media?parent=2025"}],"wp:term":[{"taxonomy":"product_brand","embeddable":true,"href":"https:\/\/aunitypartner.com\/en\/wp-json\/wp\/v2\/product_brand?post=2025"},{"taxonomy":"product_cat","embeddable":true,"href":"https:\/\/aunitypartner.com\/en\/wp-json\/wp\/v2\/product_cat?post=2025"},{"taxonomy":"product_tag","embeddable":true,"href":"https:\/\/aunitypartner.com\/en\/wp-json\/wp\/v2\/product_tag?post=2025"}],"curies":[{"name":"wp","href":"https:\/\/api.w.org\/{rel}","templated":true}]}}