 {"id":1896,"date":"2023-06-28T13:38:00","date_gmt":"2023-06-28T11:38:00","guid":{"rendered":"https:\/\/aunitypartner.com\/?post_type=product&#038;p=1896"},"modified":"2026-04-21T13:44:26","modified_gmt":"2026-04-21T11:44:26","slug":"anion-luxury-mix-10-x-denne-4-x-nocne-5-x-slipove","status":"publish","type":"product","link":"https:\/\/aunitypartner.com\/en\/produkt\/anion-luxury-mix-10-x-denne-4-x-nocne-5-x-slipove\/","title":{"rendered":"ANION LUXURY MIX \/  10 x denn\u00e9, 4 x no\u010dn\u00e9, 5 x slipov\u00e9"},"content":{"rendered":"<p><b>Aunity ANION<\/b> LUXURY = kvalitat\u00edvna \u0161pi\u010dka <b>hygienick\u00fdch vlo\u017eiek s\u00a0\u00fa\u010dinkom ani\u00f3nov<\/b><\/p>\n<p>Ani\u00f3nov\u00e9 hygienick\u00e9 slipov\u00e9 vlo\u017eky od spolo\u010dnosti aunity s\u00fa v\u010faka pr\u00edtomnosti turmal\u00ednu v\u00a02. vrstve vlo\u017eky obohaten\u00e9 o akt\u00edvny kysl\u00edk, ani\u00f3ny a\u00a0o nano \u2013 striebro v\u00a01. vrstve, pom\u00e1haj\u00fa v boji proti dyskomfortom, eliminuj\u00fa z\u00e1pach, z\u00e1rove\u0148 udr\u017eiavaj\u00fa optim\u00e1lne pH a zdravie vagin\u00e1lnej oblasti. Mieru komfortu a\u00a0zv\u00fd\u0161enie \u00fa\u010dinku ochrany zvy\u0161uje pr\u00edtomnos\u0165 chitosanu u\u00a0v\u0161etk\u00fdch druhov ani\u00f3nov\u00fdch hygienick\u00fdch vlo\u017eiek aunity ANION LUXURY.<\/p>\n<p>Prirodzene a bezpe\u010dne, bez pou\u017eitia chemik\u00e1li\u00ed, aromatick\u00fdch l\u00e1tok \u010di \u010fal\u0161\u00edch adit\u00edv.<\/p>\n<p>V\u010faka slipovej (int\u00edmnej) ani\u00f3novej hygienickej vlo\u017eke aunity ANION LUXURY je zabezpe\u010den\u00fd pr\u00edsun 9500 ani\u00f3nov kysl\u00edka \/ cm <sup>3<span class=\"Apple-converted-space\">\u00a0<\/span><\/sup> z jednej slipovej vlo\u017eky po\u010das 20 hod\u00edn, \u010do zabezpe\u010d\u00ed najlep\u0161iu ochranu pred radom gynekologick\u00fdch ochoren\u00ed a\u00a0d\u00e1va predpoklad zdravia a\u00a0rovnov\u00e1hy v\u00a0uro \u2013 genit\u00e1lnej oblasti, podporu endokrinn\u00e9ho hormon\u00e1lneho syst\u00e9mu a\u00a0vitalitu a\u00a0energiu po\u010das ka\u017ed\u00e9ho d\u0148a.<\/p>\n<p>Slipov\u00e9 (int\u00edmne) vlo\u017eky aunity ANION LUXURY<\/p>\n<p>Vn\u00fatorn\u00fd obsah bal\u00ed\u010dka<span class=\"Apple-converted-space\">\u00a0 <\/span>&#8211; <b>30 ks slipov\u00fdch (int\u00edmnych) vlo\u017eiek<\/b><\/p>\n<p>Vlastnosti:<\/p>\n<ul>\n<li>Povrch hygienickej vlo\u017eky aunity ANION LUXURY je bielen\u00fd vysoko oxidovanou vodou, neobsahuje \u017eiadne chemick\u00e9 bielidl\u00e1 ani fluorescentn\u00e9 l\u00e1tky.<\/li>\n<li>Hygienick\u00e1 vlo\u017eka aunity ANION LUXURY m\u00e1 antibakteri\u00e1lny \u00fa\u010dinok v\u010faka pr\u00edtomnosti nano striebra a\u00a0uvo\u013e\u0148uje sa z\u00a0nej min. 9500 ani\u00f3nov \/ cm<sup>3<span class=\"Apple-converted-space\">\u00a0<\/span><\/sup> po\u010das 20 hod\u00edn.<\/li>\n<li>Hygienick\u00e1 vlo\u017eka aunity ANION LUXURY je priedu\u0161n\u00e1, neobsahuje polyetyl\u00e9nov\u00fa f\u00f3liu a\u00a0je bez dr\u00e1\u017ediv\u00fdch \u00fa\u010dinkov.<\/li>\n<li>Hygienick\u00e1 vlo\u017eka aunity ANION LUXURY poskytuje st\u00e1ly a\u00a0okam\u017eit\u00fd pocit sucha a\u00a0komfortu.<\/li>\n<li>Pou\u017e\u00edvanie hygienickej vlo\u017eky aunity ANION LUXURY zabezpe\u010d\u00ed prevenciu proti infekci\u00e1m a\u00a0z\u00e1palov\u00fdm procesom a\u00a0podpor\u00ed regener\u00e1ciu sliznice maternice. V\u010faka pr\u00edtomnosti chitosanu sa podpor\u00ed detoxik\u00e1cia.<\/li>\n<li>Absorp\u010dn\u00e1 schopnos\u0165 slipovej hygienickej vlo\u017eky aunity ANION LUXURY je 30 ml prijatej tekutiny.<\/li>\n<li>Hygienick\u00e1 vlo\u017eka aunity ANION LUXURY v\u010faka svojmu zlo\u017eeniu eliminuje rozklad prijat\u00fdch biologick\u00fdch sekr\u00e9tov a\u00a0eliminuje vznik z\u00e1pachov.<\/li>\n<li>Hygienick\u00e1 vlo\u017eka aunity ANION LUXURY je po pou\u017eit\u00ed r\u00fdchlo a\u00a0\u013eahko odb\u00farate\u013en\u00e1 v\u00a0pr\u00edrode.<\/li>\n<\/ul>\n<p><img decoding=\"async\" class=\"alignnone wp-image-1613\" src=\"https:\/\/aunitypartner.com\/wp-content\/uploads\/2023\/05\/buttons-2.jpg\" alt=\"\" width=\"753\" height=\"162\" \/><\/p>\n<p><b>Pou\u017eitie int\u00edmiek aunity ANION LUXURY nie je iba v\u00fdsadou \u017eien, ale aj u\u00a0mu\u017eov a\u00a0det\u00ed m\u00e1 \u0161irok\u00e9 uplatnenie.<\/b><\/p>\n<p>\u017deny:<\/p>\n<ul>\n<li>Ako prevencia pred myk\u00f3zami, bakteri\u00e1lnymi vagin\u00f3zami a\u00a0dis\/dyskomfortom vo vagin\u00e1lnej a\u00a0uro-vagin\u00e1lnej oblasti,<\/li>\n<li>Ako prevencia pred z\u00e1palmi mo\u010dov\u00fdch ciest,<\/li>\n<li>Vhodn\u00e9 pou\u017e\u00edva\u0165 v\u00a0pr\u00edpade hemoroidov (aplik\u00e1cia slipovej vlo\u017eky do bl\u00edzkosti an\u00e1lneho otvoru),<\/li>\n<li>Vhodn\u00e9 aplikova\u0165 po\u010das nieko\u013ek\u00fdch dn\u00ed pred za\u010dat\u00edm men\u0161tru\u00e1cie ako prevencia dysmenorey,<span class=\"Apple-converted-space\">\u00a0<\/span><\/li>\n<li>Vhodn\u00e9 pri slab\u0161ej inkontinencii,<\/li>\n<li>Vhodn\u00e9 pou\u017e\u00edva\u0165 po\u010das tehotenstva ako prevencia pred tehotensk\u00fdmi myk\u00f3zami,<\/li>\n<li>Vhodn\u00e9 priklada\u0165 na dvorce bradaviek po\u010das doj\u010denia ako prevencia pred mastit\u00eddou,<\/li>\n<li>Vhodn\u00e9 na podporu spr\u00e1vneho fungovania endokrinn\u00e9ho a\u00a0hormon\u00e1lneho syst\u00e9mu,<\/li>\n<li>Vhodn\u00e9 ako podpora detoxik\u00e1cie pri mikrocyst\u00e1ch,<\/li>\n<li>Vhodn\u00e9 pou\u017e\u00edva\u0165 na dennej b\u00e1ze pri my\u00f3moch a\u00a0cyst\u00e1ch vo vaje\u010dn\u00edkoch,<\/li>\n<li>Vhodn\u00e9 pou\u017e\u00edva\u0165 na dennej b\u00e1ze pri my\u00f3moch na zmiernenie prekyslenia organizmu a\u00a0podporu hormon\u00e1lneho syst\u00e9mu,<\/li>\n<li>Pr\u00edsun ani\u00f3nov kysl\u00edka celkovo oslabuje potenci\u00e1l z\u00e1palov, d\u00e1 sa teda aplikova\u0165 v\u0161ade tam, kde je potrebn\u00e9 z\u00e1pal oslabi\u0165 .<\/li>\n<\/ul>\n<p>Mu\u017ei:<\/p>\n<ul>\n<li>Vhodn\u00e9 pre mu\u017eov pri hemoroidoch, z\u00e1paloch mo\u010dov\u00fdch ciest \u010di ako prevencia z\u00e1palu prostaty,<\/li>\n<li>Vhodn\u00e9 pre mu\u017eov v\u00a0pr\u00edpade nepriazniv\u00fdch parametrov spermiogramu ako podpora kvality spermy \u010di zv\u00fd\u0161enie motility (pohyblivosti spermi\u00ed),<\/li>\n<li>Vhodn\u00e9 zaklada\u0165 do podpazu\u0161ia \u010di do obuvi na eliminovanie pachov a\u00a0podporu detoxik\u00e1cie.<\/li>\n<\/ul>\n<p>Seniorsk\u00e9 kateg\u00f3rie (mu\u017ei aj \u017eeny):<\/p>\n<ul>\n<li>Po\u010das z\u00e1palov mo\u010dov\u00fdch ciest \u010di ako prevencia pred nimi,<\/li>\n<li>V\u00a0pr\u00edpade hemoroidov \u010di ako prevencia pred nimi,<\/li>\n<li>Vhodn\u00e9 priklada\u0165 na podporu a\u00a0ur\u00fdchlenie hojenia v\u00a0pr\u00edpade chronick\u00fdch r\u00e1n (B\u00e9rcov\u00e9 vredy, diabetick\u00e9 ulcer\u00e1cie, dekubity, rozsiahle pop\u00e1leniny, amputa\u010dn\u00e9 pah\u00fdle).<\/li>\n<\/ul>\n<p>Deti:<\/p>\n<ul>\n<li>Vhodn\u00e9 priklada\u0165 na odreniny, rozbit\u00e9 kolienka \u010di rezn\u00e9 rany na zabezpe\u010denie protiz\u00e1palov\u00e9ho prostredia a\u00a0ur\u00fdchlenie hojenia,<\/li>\n<li>Pri z\u00e1paloch mo\u010dov\u00fdch ciest vklada\u0165 do spodn\u00e9ho pr\u00e1dla,<\/li>\n<li>Zapareniny, infekcie \u010di u\u00a0plienkov\u00fdch dermatit\u00edd vlo\u017ei\u0165 int\u00edmku do detskej plienky,<\/li>\n<li>Z\u00e1pal stredn\u00e9ho ucha<span class=\"Apple-converted-space\">\u00a0 <\/span>&#8211;<span class=\"Apple-converted-space\">\u00a0 <\/span>vybra\u0165 z\u00a0int\u00edmky ani\u00f3nov\u00fd p\u00e1sik a\u00a0mierne navlh\u010den\u00fd (alebo jeho \u010das\u0165) vlo\u017ei\u0165 do ucha,<\/li>\n<li>V\u00a0pr\u00edpade za\u010d\u00ednaj\u00facej ang\u00edny, \u0161krabania v\u00a0hrdle je mo\u017en\u00e9 vybra\u0165 z\u00a0aunity int\u00edmky ani\u00f3nov\u00fd p\u00e1sik a\u00a0\u017euva\u0165 ho ako po\u010das \u010do najdlh\u0161ieho po\u010dtu hod\u00edn, aby sa eliminovalo rozmno\u017eenie patog\u00e9nu sp\u00f4sobuj\u00faceho ang\u00ednu \u010di z\u00e1pal v\u00a0d\u00fdchac\u00edch cest\u00e1ch.<\/li>\n<\/ul>\n<p>Na na\u0161tartovanie uvo\u013e\u0148ovania ani\u00f3nov kysl\u00edka je potrebn\u00e9 vlhk\u00e9 prostredie.<span class=\"Apple-converted-space\">\u00a0<\/span><\/p>\n<p>Odpor\u00fa\u010danie: Pred aplik\u00e1ciou povrch vlo\u017eky jemne navlh\u010dil \u010distou vodou. V\u00a0pr\u00edpade procesov ako je men\u0161tru\u00e1cia, inkontinencia nie je potrebn\u00e9 vlh\u010di\u0165.<\/p>\n<p>Rozmery:<\/p>\n<ul>\n<li>D\u013a\u017eka slipovej vlo\u017eky aunity ANION LUXURY: <b>180 mm<\/b><\/li>\n<li>\u0160\u00edrka: <b>55 mm \u2013 65 mm<\/b><\/li>\n<li>Hr\u00fabka: <b>0,6 mm<\/b><\/li>\n<\/ul>\n<p>Certifik\u00e1ty:<\/p>\n<ul>\n<li>Vyr\u00e1ban\u00e9 pod\u013ea ISO 9001<\/li>\n<li>Certifik\u00e1t BIO, HALAL, FDA, SGS<span class=\"Apple-converted-space\">\u00a0<\/span><\/li>\n<\/ul>\n","protected":false},"excerpt":{"rendered":"<p>Ani\u00f3nov\u00e9 luxusn\u00e9 hygienick\u00e9 vlo\u017eky aunity \/ obsah bal\u00ed\u010dka 10 x denn\u00e9, 4 x no\u010dn\u00e9, 5 x slipov\u00e9<\/p>\n","protected":false},"featured_media":1951,"comment_status":"closed","ping_status":"closed","template":"","meta":[],"product_brand":[],"product_cat":[36],"product_tag":[],"class_list":{"0":"post-1896","1":"product","2":"type-product","3":"status-publish","4":"has-post-thumbnail","6":"product_cat-anionove-hygienicke-vlozky-aunity","8":"first","9":"instock","10":"taxable","11":"shipping-taxable","12":"purchasable","13":"product-type-simple"},"_links":{"self":[{"href":"https:\/\/aunitypartner.com\/en\/wp-json\/wp\/v2\/product\/1896","targetHints":{"allow":["GET"]}}],"collection":[{"href":"https:\/\/aunitypartner.com\/en\/wp-json\/wp\/v2\/product"}],"about":[{"href":"https:\/\/aunitypartner.com\/en\/wp-json\/wp\/v2\/types\/product"}],"replies":[{"embeddable":true,"href":"https:\/\/aunitypartner.com\/en\/wp-json\/wp\/v2\/comments?post=1896"}],"wp:featuredmedia":[{"embeddable":true,"href":"https:\/\/aunitypartner.com\/en\/wp-json\/wp\/v2\/media\/1951"}],"wp:attachment":[{"href":"https:\/\/aunitypartner.com\/en\/wp-json\/wp\/v2\/media?parent=1896"}],"wp:term":[{"taxonomy":"product_brand","embeddable":true,"href":"https:\/\/aunitypartner.com\/en\/wp-json\/wp\/v2\/product_brand?post=1896"},{"taxonomy":"product_cat","embeddable":true,"href":"https:\/\/aunitypartner.com\/en\/wp-json\/wp\/v2\/product_cat?post=1896"},{"taxonomy":"product_tag","embeddable":true,"href":"https:\/\/aunitypartner.com\/en\/wp-json\/wp\/v2\/product_tag?post=1896"}],"curies":[{"name":"wp","href":"https:\/\/api.w.org\/{rel}","templated":true}]}}