 {"id":1895,"date":"2023-06-28T13:30:00","date_gmt":"2023-06-28T11:30:00","guid":{"rendered":"https:\/\/aunitypartner.com\/?post_type=product&#038;p=1895"},"modified":"2026-04-12T10:09:42","modified_gmt":"2026-04-12T08:09:42","slug":"anion-luxury-day-24-balickov-dennych-luxusnych-vloziek","status":"publish","type":"product","link":"https:\/\/aunitypartner.com\/en\/produkt\/anion-luxury-day-24-balickov-dennych-luxusnych-vloziek\/","title":{"rendered":"ANION LUXURY DAY \/ 24 bal\u00ed\u010dkov denn\u00fdch luxusn\u00fdch vlo\u017eiek"},"content":{"rendered":"<p><b>Aunity ANION LUXURY<\/b> = kvalitat\u00edvna \u0161pi\u010dka <b>super-absorp\u010dn\u00fdch hygienick\u00fdch vlo\u017eiek s\u00a0\u00fa\u010dinkom ani\u00f3nov<\/b><\/p>\n<p>Ani\u00f3nov\u00e9 hygienick\u00e9 men\u0161trua\u010dn\u00e9 vlo\u017eky od spolo\u010dnosti aunity s\u00fa v\u010faka pr\u00edtomnosti turmal\u00ednu v\u00a02. vrstve vlo\u017eky obohaten\u00e9 o akt\u00edvny kysl\u00edk, ani\u00f3ny a\u00a0o nano \u2013 striebro v\u00a01. vrstve, pom\u00e1haj\u00fa v boji proti dyskomfortom, eliminuj\u00fa z\u00e1pach, z\u00e1rove\u0148 udr\u017eiavaj\u00fa optim\u00e1lne pH a zdravie vagin\u00e1lnej oblasti. Mieru komfortu a\u00a0zv\u00fd\u0161enie \u00fa\u010dinku ochrany zvy\u0161uje pr\u00edtomnos\u0165 chitosanu u\u00a0v\u0161etk\u00fdch druhov ani\u00f3nov\u00fdch hygienick\u00fdch vlo\u017eiek aunity ANION LUXURY.<\/p>\n<p>Prirodzene a bezpe\u010dne, bez pou\u017eitia chemik\u00e1li\u00ed, aromatick\u00fdch l\u00e1tok \u010di \u010fal\u0161\u00edch adit\u00edv.<\/p>\n<p>V\u010faka ani\u00f3novej hygienickej vlo\u017eke aunity LUXURY m\u00e1 \u017eena po\u010das men\u0161tru\u00e1cie najlep\u0161iu ochranu, \u010do eliminuje n\u00e1chylnos\u0165 k radu gynekologick\u00fdch ochoren\u00ed a\u00a0d\u00e1va predpoklad zdravia a\u00a0rovnov\u00e1hy v\u00a0uro \u2013 genit\u00e1lnej oblasti a\u00a0podpor\u00ed detoxik\u00e1ciu po\u010das men\u0161tru\u00e1cie.<\/p>\n<p>Denn\u00e9 vlo\u017eky aunity ANION LUXURY<\/p>\n<p>Vn\u00fatorn\u00fd obsah bal\u00ed\u010dka<span class=\"Apple-converted-space\">\u00a0 <\/span>&#8211; <b>10 ks denn\u00fdch vlo\u017eiek<\/b><\/p>\n<p>Vlastnosti:<\/p>\n<ul>\n<li>Povrch hygienickej vlo\u017eky aunity ANION LUXURY je bielen\u00fd vysoko oxidovanou vodou, neobsahuje \u017eiadne chemick\u00e9 bielidl\u00e1 ani fluorescentn\u00e9 l\u00e1tky.<\/li>\n<li>Hygienick\u00e1 vlo\u017eka aunity ANION LUXURY m\u00e1 antibakteri\u00e1lny \u00fa\u010dinok v\u010faka pr\u00edtomnosti nano striebra a\u00a0uvo\u013e\u0148uje sa z\u00a0nej min. 9500 ani\u00f3nov \/ cm<sup>3<span class=\"Apple-converted-space\">\u00a0<\/span><\/sup> po\u010das 20 hod\u00edn.<\/li>\n<li>Hygienick\u00e1 vlo\u017eka aunity ANION LUXURY je priedu\u0161n\u00e1, neobsahuje polyetyl\u00e9nov\u00fa f\u00f3liu a\u00a0je bez dr\u00e1\u017ediv\u00fdch \u00fa\u010dinkov.<\/li>\n<li>Hygienick\u00e1 vlo\u017eka aunity ANION LUXURY poskytuje st\u00e1ly a\u00a0okam\u017eit\u00fd pocit sucha a komfort, prijat\u00e1 tekutina (krv \/ mo\u010d) sa v\u010faka polym\u00e9ru na b\u00e1ze kukuri\u010dn\u00e9ho \u0161krobu premie\u0148a na g\u00e9l.<\/li>\n<li>Pou\u017e\u00edvanie hygienickej vlo\u017eky aunity ANION LUXURY zabezpe\u010d\u00ed prevenciu proti infekci\u00e1m a\u00a0z\u00e1palov\u00fdm procesom a\u00a0podpor\u00ed regener\u00e1ciu sliznice maternice a\u00a0v\u010faka pr\u00edtomnosti chitosanu (chitnu) sa podpor\u00ed detoxik\u00e1cia.<\/li>\n<li>Absorp\u010dn\u00e1 schopnos\u0165 dennej hygienickej vlo\u017eky aunity ANION LUXURY je 160<span class=\"Apple-converted-space\">\u00a0 <\/span>&#8211; 180 ml prijatej tekutiny.<\/li>\n<li>Hygienick\u00e1 vlo\u017eka aunity ANION LUXURY v\u010faka svojmu zlo\u017eeniu eliminuje rozklad prijat\u00fdch biologick\u00fdch tekut\u00edn a\u00a0eliminuje vznik z\u00e1pachov.<\/li>\n<li>Hygienick\u00e1 vlo\u017eka aunity ANION LUXURY nie je z\u00e1\u0165a\u017eou pre \u017eivotn\u00e9 prostredie, preto\u017ee je po pou\u017eit\u00ed r\u00fdchlo a\u00a0\u013eahko odb\u00farate\u013en\u00e1.<\/li>\n<li>Technol\u00f3gia FIR a\u00a0MFT.<\/li>\n<\/ul>\n<p>&nbsp;<\/p>\n<p><img decoding=\"async\" class=\"alignnone wp-image-1613\" src=\"https:\/\/aunitypartner.com\/wp-content\/uploads\/2023\/05\/buttons-2.jpg\" alt=\"\" width=\"706\" height=\"152\" \/><\/p>\n<p>&nbsp;<\/p>\n<p>Pou\u017eitie:<\/p>\n<ul>\n<li>Po\u010das men\u0161trua\u010dn\u00fdch dn\u00ed 1 \u2013 2 ks denne pod\u013ea miery a intenzity krv\u00e1cania,<\/li>\n<li>V\u00fdborn\u00e9 po p\u00f4rode po\u010das \u0161estonedelia pod\u013ea potreby, v\u010faka \u00fa\u010dinku ani\u00f3nov sa ur\u00fdchli hojenie n\u00e1strihu hr\u00e1dze, resp. hojenie pr\u00edpadn\u00fdch p\u00f4rodn\u00fdch rupt\u00far a\u00a0o\u010distenie od pop\u00f4rodn\u00fdch o\u010distkov,<\/li>\n<li>Vhodn\u00e9 aj v\u00a0pr\u00edpade inkontinencie,<span class=\"Apple-converted-space\">\u00a0 <\/span>po\u010det kusov denne pod\u013ea potreby a\u00a0miery inkontinencie.<span class=\"Apple-converted-space\">\u00a0<\/span><\/li>\n<\/ul>\n<p>Rozmery:<\/p>\n<ul>\n<li>Celkov\u00e1 d\u013a\u017eka dennej vlo\u017eky aunity ANION LUXURY: <b>238 mm<\/b><\/li>\n<li>D\u013a\u017eka absorp\u010dnej vrstvy: <b>205 mm<\/b><\/li>\n<li>\u0160\u00edrka absorp\u010dnej vrstvy: <b>80 mm<\/b><\/li>\n<li>Hr\u00fabka: <b>0,8 mm<\/b><\/li>\n<li>Po stran\u00e1ch dennej vlo\u017eky aunity ANION LUXURY s\u00fa <b>2 kr\u00eddelk\u00e1<\/b> na bezpe\u010dn\u00e9 uchytenie v\u00a0nohavi\u010dk\u00e1ch (po jednom kr\u00eddelku na ka\u017edej strane)<\/li>\n<\/ul>\n<p>Certifik\u00e1ty:<\/p>\n<ul>\n<li>Vyr\u00e1ban\u00e9 pod\u013ea ISO 9001<\/li>\n<li>Certifik\u00e1t HALAL, FDA, SGS a\u00a0certifik\u00e1t bio-kvality<\/li>\n<\/ul>\n","protected":false},"excerpt":{"rendered":"<p>Ani\u00f3nov\u00e9 luxusn\u00e9 hygienick\u00e9 vlo\u017eky aunity denn\u00e9 \/ obsah bal\u00ed\u010dka 10 ks<\/p>\n","protected":false},"featured_media":1940,"comment_status":"closed","ping_status":"closed","template":"","meta":[],"product_brand":[],"product_cat":[36],"product_tag":[],"class_list":{"0":"post-1895","1":"product","2":"type-product","3":"status-publish","4":"has-post-thumbnail","6":"product_cat-anionove-hygienicke-vlozky-aunity","8":"first","9":"instock","10":"taxable","11":"shipping-taxable","12":"purchasable","13":"product-type-simple"},"_links":{"self":[{"href":"https:\/\/aunitypartner.com\/en\/wp-json\/wp\/v2\/product\/1895","targetHints":{"allow":["GET"]}}],"collection":[{"href":"https:\/\/aunitypartner.com\/en\/wp-json\/wp\/v2\/product"}],"about":[{"href":"https:\/\/aunitypartner.com\/en\/wp-json\/wp\/v2\/types\/product"}],"replies":[{"embeddable":true,"href":"https:\/\/aunitypartner.com\/en\/wp-json\/wp\/v2\/comments?post=1895"}],"wp:featuredmedia":[{"embeddable":true,"href":"https:\/\/aunitypartner.com\/en\/wp-json\/wp\/v2\/media\/1940"}],"wp:attachment":[{"href":"https:\/\/aunitypartner.com\/en\/wp-json\/wp\/v2\/media?parent=1895"}],"wp:term":[{"taxonomy":"product_brand","embeddable":true,"href":"https:\/\/aunitypartner.com\/en\/wp-json\/wp\/v2\/product_brand?post=1895"},{"taxonomy":"product_cat","embeddable":true,"href":"https:\/\/aunitypartner.com\/en\/wp-json\/wp\/v2\/product_cat?post=1895"},{"taxonomy":"product_tag","embeddable":true,"href":"https:\/\/aunitypartner.com\/en\/wp-json\/wp\/v2\/product_tag?post=1895"}],"curies":[{"name":"wp","href":"https:\/\/api.w.org\/{rel}","templated":true}]}}