 {"id":1736,"date":"2023-06-21T11:11:00","date_gmt":"2023-06-21T09:11:00","guid":{"rendered":"https:\/\/svetanionov.sk\/?post_type=product&#038;p=1736"},"modified":"2025-03-06T23:07:25","modified_gmt":"2025-03-06T22:07:25","slug":"citron-taliansky-2","status":"publish","type":"product","link":"https:\/\/aunitypartner.com\/en\/produkt\/citron-taliansky-2\/","title":{"rendered":"CITR\u00d3N TALIANSKY, 10ml, 100 % \u00e9terick\u00fd olej"},"content":{"rendered":"<p><b>CITR\u00d3N TALIANSKY<\/b><\/p>\n<p><b>100% pr\u00edrodn\u00fd esenci\u00e1lny olej, obsah 10ml<\/b><\/p>\n<p>100% pr\u00edrodn\u00fd esenci\u00e1lny olej Citr\u00f3n taliansky sa z\u00edskava z k\u00f4ry z plodov Citrus limon lisovan\u00edm za studena. Rastlina patr\u00ed do \u010de\u013eade Rutaceae a poch\u00e1dza z \u00c1zie. Dnes sa pestuje na celom svete, najm\u00e4 v Taliansku, kde je esenci\u00e1lny olej mimoriadne kvalitn\u00fd.<\/p>\n<p>Esenci\u00e1lny olej sa z\u00edskava \u0161etrnou met\u00f3dou extrakcie, aby sa zachovali pr\u00edrodn\u00e9 zlo\u017eky citr\u00f3novej k\u00f4ry. Olej m\u00e1 \u010d\u00edru \u017elt\u00fa farbu a svie\u017eu citr\u00f3nov\u00fa v\u00f4\u0148u. Pozost\u00e1va najm\u00e4 z monoterp\u00e9nov, ako s\u00fa limon\u00e9n, alfa-pin\u00e9n a beta-pin\u00e9n, a aldehydov, ako s\u00fa citral a geranial.<\/p>\n<p>Esenci\u00e1lny olej Citr\u00f3n taliansky m\u00e1 \u0161irok\u00e9 vyu\u017eitie v aromaterapii, preto\u017ee m\u00e1 povzbudzuj\u00facu a osvie\u017euj\u00facu v\u00f4\u0148u, ktor\u00e1 m\u00f4\u017ee zlep\u0161i\u0165 n\u00e1ladu. Vyu\u017e\u00edva sa aj v kozmetickom priemysle, preto\u017ee m\u00e1 vyp\u00ednacie a antioxida\u010dn\u00e9 vlastnosti. Okrem toho sa m\u00f4\u017ee pou\u017e\u00edva\u0165 ako pr\u00edrodn\u00fd \u010distiaci prostriedok, preto\u017ee m\u00e1 antibakteri\u00e1lne a antiv\u00edrusov\u00e9 vlastnosti.<\/p>\n<p><b>Mo\u017en\u00e9 pou\u017eitia 100 % pr\u00edrodn\u00e9ho esenci\u00e1lneho oleja Citr\u00f3n taliansky<\/b> <b>Aromaterapia:<\/b>\u00a0Esenci\u00e1lny olej sa m\u00f4\u017ee pou\u017e\u00edva\u0165 v difuz\u00e9ri alebo na vo\u0148avom kameni na zn\u00ed\u017eenie stresu, upokojenie nervov\u00e9ho syst\u00e9mu, vy\u010distenie mysle a podporu celkovej pohody.<\/p>\n<p>V aromaterapii sa citr\u00f3nov\u00fd olej \u010dasto pou\u017e\u00edva na zlep\u0161enie n\u00e1lady a zn\u00ed\u017eenie stresu a \u00fazkosti v\u010faka svojej svie\u017eej a povzbudzuj\u00facej v\u00f4ni. \u0160t\u00fadia z roku 2006 uk\u00e1zala, \u017ee aplik\u00e1cia citr\u00f3nov\u00e9ho oleja m\u00f4\u017ee ovplyvni\u0165 aktivitu ur\u010dit\u00fdch g\u00e9nov spojen\u00fdch s regul\u00e1ciou n\u00e1lady.<\/p>\n<p>Citr\u00f3nov\u00fd olej sa m\u00f4\u017ee pou\u017e\u00edva\u0165 aj ako pr\u00edrodn\u00fd dezodorant, preto\u017ee v\u010faka svojim antimikrobi\u00e1lnym vlastnostiam bojuje proti z\u00e1pachu. M\u00e1 tie\u017e spev\u0148uj\u00face a antioxida\u010dn\u00e9 vlastnosti, preto sa \u010dasto pou\u017e\u00edva v kozmetickom priemysle ako zlo\u017eka v\u00fdrobkov starostlivosti o ple\u0165, ako s\u00fa kr\u00e9my a s\u00e9ra.<\/p>\n<p>Pri \u010disten\u00ed sa citr\u00f3nov\u00fd olej m\u00f4\u017ee pou\u017e\u00edva\u0165 ako pr\u00edrodn\u00fd \u010distiaci prostriedok v\u010faka svojim antiv\u00edrusov\u00fdm a antibakteri\u00e1lnym vlastnostiam. \u0160t\u00fadia z roku 2019 uk\u00e1zala, \u017ee citr\u00f3nov\u00fd olej je \u00fa\u010dinn\u00fd proti niektor\u00fdm bakt\u00e9ri\u00e1m, ako s\u00fa Escherichia coli a Staphylococcus aureus.<\/p>\n<p>Sp\u00f4sob \u00fa\u010dinku citr\u00f3nov\u00e9ho oleja je zalo\u017een\u00fd na jeho hlavn\u00fdch zlo\u017ek\u00e1ch, monoterp\u00e9noch a aldehydoch. Limon\u00e9n, monoterp\u00e9n, m\u00e1 antioxida\u010dn\u00e9 a protiz\u00e1palov\u00e9 vlastnosti a m\u00f4\u017ee pom\u00e1ha\u0165 spoma\u013eova\u0165 starnutie poko\u017eky. Citral a geranial, dva aldehydy, maj\u00fa antimikrobi\u00e1lne vlastnosti, a preto m\u00f4\u017eu pom\u00f4c\u0165 v boji proti bakt\u00e9ri\u00e1m a v\u00edrusom.<\/p>\n<p>Upozornenie:<\/p>\n<p>Je d\u00f4le\u017eit\u00e9 si uvedomi\u0165, \u017ee esenci\u00e1lne oleje s\u00fa siln\u00e9 a pred ich pou\u017eit\u00edm je potrebn\u00e9 prija\u0165 ur\u010dit\u00e9 bezpe\u010dnostn\u00e9 opatrenia.<\/p>\n<p>\u00c9terick\u00e9 oleje by sa mali v\u017edy riedi\u0165 a pou\u017e\u00edva\u0165 opatrne, preto\u017ee pri nespr\u00e1vnom pou\u017e\u00edvan\u00ed m\u00f4\u017eu ma\u0165 aj ved\u013eaj\u0161ie \u00fa\u010dinky. Osobitn\u00fa pozornos\u0165 treba venova\u0165 de\u0165om a tehotn\u00fdm \u017een\u00e1m.<\/p>\n<p>Takisto by ich mali pou\u017e\u00edva\u0165 len kvalifikovan\u00e9 osoby alebo pod veden\u00edm odborn\u00edka. Pred pou\u017eit\u00edm sa odpor\u00fa\u010da vykona\u0165 test na alergiu.<\/p>\n","protected":false},"excerpt":{"rendered":"<p>100% pr\u00edrodn\u00fd esenci\u00e1lny olej, obsah 10ml<\/p>\n","protected":false},"featured_media":1729,"comment_status":"closed","ping_status":"closed","template":"","meta":[],"product_brand":[],"product_cat":[40],"product_tag":[],"class_list":{"0":"post-1736","1":"product","2":"type-product","3":"status-publish","4":"has-post-thumbnail","6":"product_cat-etericke-oleje-aunity","8":"first","9":"instock","10":"taxable","11":"shipping-taxable","12":"purchasable","13":"product-type-simple"},"_links":{"self":[{"href":"https:\/\/aunitypartner.com\/en\/wp-json\/wp\/v2\/product\/1736","targetHints":{"allow":["GET"]}}],"collection":[{"href":"https:\/\/aunitypartner.com\/en\/wp-json\/wp\/v2\/product"}],"about":[{"href":"https:\/\/aunitypartner.com\/en\/wp-json\/wp\/v2\/types\/product"}],"replies":[{"embeddable":true,"href":"https:\/\/aunitypartner.com\/en\/wp-json\/wp\/v2\/comments?post=1736"}],"wp:featuredmedia":[{"embeddable":true,"href":"https:\/\/aunitypartner.com\/en\/wp-json\/wp\/v2\/media\/1729"}],"wp:attachment":[{"href":"https:\/\/aunitypartner.com\/en\/wp-json\/wp\/v2\/media?parent=1736"}],"wp:term":[{"taxonomy":"product_brand","embeddable":true,"href":"https:\/\/aunitypartner.com\/en\/wp-json\/wp\/v2\/product_brand?post=1736"},{"taxonomy":"product_cat","embeddable":true,"href":"https:\/\/aunitypartner.com\/en\/wp-json\/wp\/v2\/product_cat?post=1736"},{"taxonomy":"product_tag","embeddable":true,"href":"https:\/\/aunitypartner.com\/en\/wp-json\/wp\/v2\/product_tag?post=1736"}],"curies":[{"name":"wp","href":"https:\/\/api.w.org\/{rel}","templated":true}]}}