 {"id":1734,"date":"2023-06-21T11:09:00","date_gmt":"2023-06-21T09:09:00","guid":{"rendered":"https:\/\/svetanionov.sk\/?post_type=product&#038;p=1734"},"modified":"2025-09-23T11:28:23","modified_gmt":"2025-09-23T09:28:23","slug":"101-bylin","status":"publish","type":"product","link":"https:\/\/aunitypartner.com\/en\/produkt\/101-bylin\/","title":{"rendered":"101 BYL\u00cdN, 10ml, 100 % \u00e9terick\u00fd olej"},"content":{"rendered":"<p><b>101 BYL\u00cdN<\/b><\/p>\n<p><b>100% pr\u00edrodn\u00fd esenci\u00e1lny olej, obsah 10ml<\/b><\/p>\n<p>100% pr\u00edrodn\u00fd esenci\u00e1lny olej z\u00edskan\u00fd zo 101 byl\u00edn je komplexn\u00e1 zmes \u00e9terick\u00fdch lipofiln\u00fdch zl\u00fa\u010den\u00edn z\u00edskan\u00fdch z\u00a0r\u00f4znych rastl\u00edn parnou destil\u00e1ciou a lisovan\u00edm za studena.<span class=\"Apple-converted-space\">\u00a0<\/span><\/p>\n<p>\u00c9terick\u00fd olej zo 101 byl\u00edn obsahuje \u0161irok\u00fa \u0161k\u00e1lu \u00fa\u010dinn\u00fdch l\u00e1tok vr\u00e1tane terp\u00e9nov, aldehydov, ket\u00f3nov, esterov a alkoholov. Tieto zl\u00fa\u010deniny m\u00f4\u017eu ma\u0165 antibakteri\u00e1lne, antiv\u00edrusov\u00e9, protiples\u0148ov\u00e9, antioxida\u010dn\u00e9 a protiz\u00e1palov\u00e9 vlastnosti, antioxida\u010dn\u00e9, relaxa\u010dn\u00e9, analgetick\u00e9 a n\u00e1ladu zlep\u0161uj\u00face vlastnosti.<\/p>\n<p>Pou\u017e\u00edvanie esenci\u00e1lneho oleja zo 101 byl\u00edn je \u0161iroko vyu\u017e\u00edvan\u00e9 v\u00a0aromaterapii, preto\u017ee sa m\u00f4\u017ee pou\u017ei\u0165 na zlep\u0161enie fyzickej a emocion\u00e1lnej pohody.<span class=\"Apple-converted-space\">\u00a0<\/span><\/p>\n<p>Je v\u0161ak d\u00f4le\u017eit\u00e9, aby sa \u00e9terick\u00e9 oleje pou\u017e\u00edvali spr\u00e1vne, je potrebn\u00e9 ich riedi\u0165 s\u00a0rastlinn\u00fdmi olejmi. Pou\u017e\u00edvanie \u010dist\u00fdch, nerieden\u00fdch<span class=\"Apple-converted-space\">\u00a0 <\/span>koncentr\u00e1tov m\u00f4\u017ee by\u0165 nebezpe\u010dn\u00e9.<\/p>\n<p>Stopercentn\u00fd pr\u00edrodn\u00fd esenci\u00e1lny olej 101 byl\u00edn sa m\u00f4\u017ee v\u010faka svojmu r\u00f4znorod\u00e9mu zlo\u017eeniu a \u00fa\u010dinn\u00fdm l\u00e1tkam pou\u017e\u00edva\u0165 v r\u00f4znych oblastiach<\/p>\n<p><b>Mo\u017enosti pou\u017eitia a sp\u00f4sob \u00fa\u010dinku esenci\u00e1lneho oleja:<\/b><\/p>\n<p>Aromaterapia: <span class=\"Apple-converted-space\">\u00a0<\/span><\/p>\n<p>Esenci\u00e1lny olej 101 byl\u00edn sa m\u00f4\u017ee pou\u017e\u00edva\u0165 na <b>zn\u00ed\u017eenie stresu, upokojenie nervov\u00e9ho syst\u00e9mu, vy\u010distenie mysle a podporu celkovej pohody.<\/b><\/p>\n<p>Esenci\u00e1lny olej zo 101 byl\u00edn obsahuje \u0161irok\u00fa \u0161k\u00e1lu \u00fa\u010dinn\u00fdch zl\u00fa\u010den\u00edn, ktor\u00e9 m\u00f4\u017eu synergicky p\u00f4sobi\u0165 spolo\u010dne a poskytova\u0165 r\u00f4zne zdravotn\u00e9 v\u00fdhody.<span class=\"Apple-converted-space\">\u00a0<\/span><\/p>\n<p>Je v\u0161ak d\u00f4le\u017eit\u00e9, aby sa \u00e9terick\u00fd olej pou\u017e\u00edval len v odpor\u00fa\u010danej d\u00e1vke a pod odborn\u00fdm veden\u00edm, aby sa predi\u0161lo pr\u00edpadn\u00fdm negat\u00edvnym \u00fa\u010dinkom.<\/p>\n<p>Upozornenie:<\/p>\n<p>Je d\u00f4le\u017eit\u00e9 si uvedomi\u0165, \u017ee esenci\u00e1lne oleje s\u00fa siln\u00e9 a pred ich pou\u017eit\u00edm je potrebn\u00e9 prija\u0165 ur\u010dit\u00e9 bezpe\u010dnostn\u00e9 opatrenia. \u00c9terick\u00e9 oleje by sa mali v\u017edy riedi\u0165 a pou\u017e\u00edva\u0165 opatrne, preto\u017ee pri nespr\u00e1vnom pou\u017e\u00edvan\u00ed m\u00f4\u017eu ma\u0165 aj ved\u013eaj\u0161ie \u00fa\u010dinky. Osobitn\u00fa pozornos\u0165 treba venova\u0165 de\u0165om a tehotn\u00fdm \u017een\u00e1m.<span class=\"Apple-converted-space\">\u00a0<\/span><\/p>\n<p>Takisto by ich mali pou\u017e\u00edva\u0165 len kvalifikovan\u00e9 osoby alebo pod veden\u00edm odborn\u00edka. Pred pou\u017eit\u00edm sa odpor\u00fa\u010da vykona\u0165 test na alergiu.<\/p>\n","protected":false},"excerpt":{"rendered":"<p>100% pr\u00edrodn\u00fd esenci\u00e1lny olej, obsah 10ml<\/p>\n","protected":false},"featured_media":1735,"comment_status":"closed","ping_status":"closed","template":"","meta":[],"product_brand":[],"product_cat":[40],"product_tag":[],"class_list":{"0":"post-1734","1":"product","2":"type-product","3":"status-publish","4":"has-post-thumbnail","6":"product_cat-etericke-oleje-aunity","8":"first","9":"instock","10":"taxable","11":"shipping-taxable","12":"purchasable","13":"product-type-simple"},"_links":{"self":[{"href":"https:\/\/aunitypartner.com\/en\/wp-json\/wp\/v2\/product\/1734","targetHints":{"allow":["GET"]}}],"collection":[{"href":"https:\/\/aunitypartner.com\/en\/wp-json\/wp\/v2\/product"}],"about":[{"href":"https:\/\/aunitypartner.com\/en\/wp-json\/wp\/v2\/types\/product"}],"replies":[{"embeddable":true,"href":"https:\/\/aunitypartner.com\/en\/wp-json\/wp\/v2\/comments?post=1734"}],"wp:featuredmedia":[{"embeddable":true,"href":"https:\/\/aunitypartner.com\/en\/wp-json\/wp\/v2\/media\/1735"}],"wp:attachment":[{"href":"https:\/\/aunitypartner.com\/en\/wp-json\/wp\/v2\/media?parent=1734"}],"wp:term":[{"taxonomy":"product_brand","embeddable":true,"href":"https:\/\/aunitypartner.com\/en\/wp-json\/wp\/v2\/product_brand?post=1734"},{"taxonomy":"product_cat","embeddable":true,"href":"https:\/\/aunitypartner.com\/en\/wp-json\/wp\/v2\/product_cat?post=1734"},{"taxonomy":"product_tag","embeddable":true,"href":"https:\/\/aunitypartner.com\/en\/wp-json\/wp\/v2\/product_tag?post=1734"}],"curies":[{"name":"wp","href":"https:\/\/api.w.org\/{rel}","templated":true}]}}