 {"id":1732,"date":"2023-06-21T11:07:00","date_gmt":"2023-06-21T09:07:00","guid":{"rendered":"https:\/\/svetanionov.sk\/?post_type=product&#038;p=1732"},"modified":"2026-03-31T19:59:26","modified_gmt":"2026-03-31T17:59:26","slug":"34-bylin","status":"publish","type":"product","link":"https:\/\/aunitypartner.com\/en\/produkt\/34-bylin\/","title":{"rendered":"34 BYL\u00cdN, 10ml, 100 % \u00e9terick\u00fd olej"},"content":{"rendered":"<p><b>34 BYL\u00cdN<\/b><\/p>\n<p><b>100% pr\u00edrodn\u00fd esenci\u00e1lny olej, obsah 10ml<\/b><\/p>\n<p>100% pr\u00edrodn\u00fd esenci\u00e1lny olej z\u00edskan\u00fd z 34 r\u00f4znych byl\u00edn je komplexn\u00e1 zmes \u00e9terick\u00fdch zl\u00fa\u010den\u00edn, ktor\u00e9 sa z rastl\u00edn z\u00edskavaj\u00fa parnou destil\u00e1ciou a lisovan\u00edm za studena. T\u00fdchto 34 byl\u00edn obsahuje r\u00f4zne aromatick\u00e9 druhy rastl\u00edn, ako napr\u00edklad levandu\u013eu, m\u00e4tu pieporn\u00fa, eukalyptus, \u0161koricu, z\u00e1zvor, tymian, oregano, citr\u00f3nov\u00fa tr\u00e1vu a mnoh\u00e9 \u010fal\u0161ie.<span class=\"Apple-converted-space\">\u00a0<\/span><\/p>\n<p>Upozornenie:<\/p>\n<p>Je d\u00f4le\u017eit\u00e9 si uvedomi\u0165, \u017ee esenci\u00e1lne oleje s\u00fa siln\u00e9 a pred ich pou\u017eit\u00edm je potrebn\u00e9 prija\u0165 ur\u010dit\u00e9 bezpe\u010dnostn\u00e9 opatrenia. \u00c9terick\u00e9 oleje by sa mali v\u017edy riedi\u0165 a pou\u017e\u00edva\u0165 opatrne, preto\u017ee pri nespr\u00e1vnom pou\u017e\u00edvan\u00ed m\u00f4\u017eu ma\u0165 aj ved\u013eaj\u0161ie \u00fa\u010dinky. Osobitn\u00fa pozornos\u0165 treba venova\u0165 de\u0165om a tehotn\u00fdm \u017een\u00e1m.<span class=\"Apple-converted-space\">\u00a0<\/span><\/p>\n<p>Takisto by ich mali pou\u017e\u00edva\u0165 len kvalifikovan\u00e9 osoby alebo pod veden\u00edm odborn\u00edka. Pred pou\u017eit\u00edm sa odpor\u00fa\u010da vykona\u0165 test na alergiu.<\/p>\n","protected":false},"excerpt":{"rendered":"<p>100% pr\u00edrodn\u00fd esenci\u00e1lny olej, obsah 10ml<\/p>\n","protected":false},"featured_media":1733,"comment_status":"closed","ping_status":"closed","template":"","meta":[],"product_brand":[],"product_cat":[40],"product_tag":[],"class_list":{"0":"post-1732","1":"product","2":"type-product","3":"status-publish","4":"has-post-thumbnail","6":"product_cat-etericke-oleje-aunity","8":"first","9":"instock","10":"taxable","11":"shipping-taxable","12":"purchasable","13":"product-type-simple"},"_links":{"self":[{"href":"https:\/\/aunitypartner.com\/en\/wp-json\/wp\/v2\/product\/1732","targetHints":{"allow":["GET"]}}],"collection":[{"href":"https:\/\/aunitypartner.com\/en\/wp-json\/wp\/v2\/product"}],"about":[{"href":"https:\/\/aunitypartner.com\/en\/wp-json\/wp\/v2\/types\/product"}],"replies":[{"embeddable":true,"href":"https:\/\/aunitypartner.com\/en\/wp-json\/wp\/v2\/comments?post=1732"}],"wp:featuredmedia":[{"embeddable":true,"href":"https:\/\/aunitypartner.com\/en\/wp-json\/wp\/v2\/media\/1733"}],"wp:attachment":[{"href":"https:\/\/aunitypartner.com\/en\/wp-json\/wp\/v2\/media?parent=1732"}],"wp:term":[{"taxonomy":"product_brand","embeddable":true,"href":"https:\/\/aunitypartner.com\/en\/wp-json\/wp\/v2\/product_brand?post=1732"},{"taxonomy":"product_cat","embeddable":true,"href":"https:\/\/aunitypartner.com\/en\/wp-json\/wp\/v2\/product_cat?post=1732"},{"taxonomy":"product_tag","embeddable":true,"href":"https:\/\/aunitypartner.com\/en\/wp-json\/wp\/v2\/product_tag?post=1732"}],"curies":[{"name":"wp","href":"https:\/\/api.w.org\/{rel}","templated":true}]}}