 {"id":1728,"date":"2023-06-21T11:03:00","date_gmt":"2023-06-21T09:03:00","guid":{"rendered":"https:\/\/svetanionov.sk\/?post_type=product&#038;p=1728"},"modified":"2026-01-09T20:00:54","modified_gmt":"2026-01-09T19:00:54","slug":"citron-taliansky","status":"publish","type":"product","link":"https:\/\/aunitypartner.com\/en\/produkt\/citron-taliansky\/","title":{"rendered":"LEVANDU\u013dA RUSK\u00c1, 10ml, 100 % \u00e9terick\u00fd olej"},"content":{"rendered":"<p><b>LEVANDU\u013dA RUSK\u00c1<\/b><\/p>\n<p><b>100% pr\u00edrodn\u00fd esenci\u00e1lny olej, obsah 10ml<\/b><\/p>\n<p>100% pr\u00edrodn\u00fd l esenci\u00e1lny olej Levandu\u013ea rusk\u00e1 sa z\u00edskava parnou destil\u00e1ciou kvetov levandule \u00fazkolistej (Lavandula angustifolia), ktor\u00e1 sa pestuje v r\u00f4znych oblastiach Ruska. Olej m\u00e1 prieh\u013eadn\u00fa a\u017e mierne \u017eltkast\u00fa farbu a charakteristick\u00fa v\u00f4\u0148u, ktor\u00fa mo\u017eno op\u00edsa\u0165 ako kvetinov\u00fa, svie\u017eu a upokojuj\u00facu.<\/p>\n<p>Zlo\u017eenie levandu\u013eov\u00e9ho oleja v Rusku sa l\u00ed\u0161i v z\u00e1vislosti od pestovate\u013eskej oblasti, ale vo v\u0161eobecnosti obsahuje linalool, linalyl-acet\u00e1t, geraniol, cineol a g\u00e1for, ako aj stopy in\u00fdch prchav\u00fdch \u00e9terick\u00fdch<span class=\"Apple-converted-space\">\u00a0 <\/span>zl\u00fa\u010den\u00edn. Tieto zlo\u017eky s\u00fa zodpovedn\u00e9 za upokojuj\u00face a relaxa\u010dn\u00e9 vlastnosti levandu\u013eov\u00e9ho oleja.<\/p>\n<p><b>Oblasti pou\u017eitia 100% pr\u00edrodn\u00e9ho \u00e9terick\u00e9ho levandu\u013eov\u00e9ho oleja<\/b><\/p>\n<p>V aromaterapii sa levandu\u013eov\u00fd olej pou\u017e\u00edva na relax\u00e1ciu a zmiernenie stresu. M\u00f4\u017ee sa pou\u017e\u00edva\u0165 aj pri poruch\u00e1ch sp\u00e1nku, \u00fazkosti a na zmiernenie bolesti hlavy a svalov\u00e9ho nap\u00e4tia.<\/p>\n<p>Je d\u00f4le\u017eit\u00e9 zd\u00f4razni\u0165, \u017ee 100 % pr\u00edrodn\u00fd levandu\u013eov\u00fd esenci\u00e1lny olej rusk\u00fd neobsahuje syntetick\u00e9 pr\u00edsady a ne\u010distoty, \u010do zaru\u010duje jeho vysok\u00fa kvalitu a \u010distotu.<\/p>\n<p>100% pr\u00edrodn\u00fd esenci\u00e1lny olej Levandu\u013ea rusk\u00e1 m\u00e1 r\u00f4zne sp\u00f4soby pou\u017eitia a \u0161irok\u00fa \u0161k\u00e1lu \u00fa\u010dinkov na telo a myse\u013e. Niektor\u00e9 mo\u017en\u00e9 pou\u017eitia a \u00fa\u010dinky s\u00fa op\u00edsan\u00e9 ni\u017e\u0161ie:<\/p>\n<p><b>Uvo\u013enenie a odb\u00faranie stresu:<\/b>\u00a0Esenci\u00e1lny olej Levandu\u013ea rusk\u00e1 m\u00e1 upokojuj\u00faci \u00fa\u010dinok na nervov\u00fd syst\u00e9m a m\u00f4\u017ee pom\u00f4c\u0165 odb\u00fara\u0165 stres. \u010casto sa pou\u017e\u00edva v aromaterapii pri relax\u00e1cii a poruch\u00e1ch sp\u00e1nku. Na tento \u00fa\u010del m\u00f4\u017eete da\u0165 nieko\u013eko kvapiek oleja na vreckovku alebo vank\u00fa\u0161 alebo ho necha\u0165 odparova\u0165 vo vonnej lampe.<\/p>\n<p><b>Zlep\u0161enie d\u00fdchac\u00edch ciest:<\/b>\u00a0Esenci\u00e1lny olej Levandu\u013ea rusk\u00e1 sa m\u00f4\u017ee pou\u017e\u00edva\u0165 aj na zlep\u0161enie d\u00fdchac\u00edch ciest. M\u00e1 expektora\u010dn\u00fd \u00fa\u010dinok a m\u00f4\u017ee pom\u00f4c\u0165 pri ka\u0161li, prechladnut\u00ed a astme. Na tento \u00fa\u010del m\u00f4\u017eete olej odparova\u0165 vo vonnej lampe alebo inhalova\u0165.<\/p>\n<p><b>Zlep\u0161enie n\u00e1lady:<\/b>\u00a0Esenci\u00e1lny olej Levandu\u013ea rusk\u00e1 m\u00f4\u017ee pom\u00f4c\u0165 aj pri zlep\u0161en\u00ed n\u00e1lady. M\u00e1 upokojuj\u00faci \u00fa\u010dinok na nervov\u00fd syst\u00e9m a m\u00f4\u017ee pom\u00f4c\u0165 pri \u00fazkosti, depresii a zmen\u00e1ch n\u00e1lady. Na tento \u00fa\u010del m\u00f4\u017eete olej odparova\u0165 vo vonnej lampe alebo vo vonnom kameni.<\/p>\n<p>\u00da\u010dinky esenci\u00e1lneho oleja Levandu\u013ea rusk\u00e1 s\u00fa sp\u00f4soben\u00e9 jeho zlo\u017ekami, najm\u00e4 linalolom a linalyl acet\u00e1tom. Tieto zlo\u017eky maj\u00fa upokojuj\u00faci a protiz\u00e1palov\u00fd \u00fa\u010dinok na organizmus a m\u00f4\u017eu pom\u00f4c\u0165 zn\u00ed\u017ei\u0165 stres a zmierni\u0165 nepr\u00edjemn\u00e9 pocity.<\/p>\n<p>Upozornenie:<\/p>\n<p>Je d\u00f4le\u017eit\u00e9 si uvedomi\u0165, \u017ee esenci\u00e1lne oleje s\u00fa siln\u00e9 a pred ich pou\u017eit\u00edm je potrebn\u00e9 prija\u0165 ur\u010dit\u00e9 bezpe\u010dnostn\u00e9 opatrenia.<\/p>\n<p>\u00c9terick\u00e9 oleje by sa mali v\u017edy riedi\u0165 a pou\u017e\u00edva\u0165 opatrne, preto\u017ee pri nespr\u00e1vnom pou\u017e\u00edvan\u00ed m\u00f4\u017eu ma\u0165 aj ved\u013eaj\u0161ie \u00fa\u010dinky. Osobitn\u00fa pozornos\u0165 treba venova\u0165 de\u0165om a tehotn\u00fdm \u017een\u00e1m.<\/p>\n<p>Takisto by ich mali pou\u017e\u00edva\u0165 len kvalifikovan\u00e9 osoby alebo pod veden\u00edm odborn\u00edka. Pred pou\u017eit\u00edm sa odpor\u00fa\u010da vykona\u0165 test na alergiu.<\/p>\n","protected":false},"excerpt":{"rendered":"<p>100% pr\u00edrodn\u00fd esenci\u00e1lny olej, obsah 10ml<\/p>\n","protected":false},"featured_media":1730,"comment_status":"closed","ping_status":"closed","template":"","meta":[],"product_brand":[],"product_cat":[40],"product_tag":[],"class_list":{"0":"post-1728","1":"product","2":"type-product","3":"status-publish","4":"has-post-thumbnail","6":"product_cat-etericke-oleje-aunity","8":"first","9":"instock","10":"taxable","11":"shipping-taxable","12":"purchasable","13":"product-type-simple"},"_links":{"self":[{"href":"https:\/\/aunitypartner.com\/en\/wp-json\/wp\/v2\/product\/1728","targetHints":{"allow":["GET"]}}],"collection":[{"href":"https:\/\/aunitypartner.com\/en\/wp-json\/wp\/v2\/product"}],"about":[{"href":"https:\/\/aunitypartner.com\/en\/wp-json\/wp\/v2\/types\/product"}],"replies":[{"embeddable":true,"href":"https:\/\/aunitypartner.com\/en\/wp-json\/wp\/v2\/comments?post=1728"}],"wp:featuredmedia":[{"embeddable":true,"href":"https:\/\/aunitypartner.com\/en\/wp-json\/wp\/v2\/media\/1730"}],"wp:attachment":[{"href":"https:\/\/aunitypartner.com\/en\/wp-json\/wp\/v2\/media?parent=1728"}],"wp:term":[{"taxonomy":"product_brand","embeddable":true,"href":"https:\/\/aunitypartner.com\/en\/wp-json\/wp\/v2\/product_brand?post=1728"},{"taxonomy":"product_cat","embeddable":true,"href":"https:\/\/aunitypartner.com\/en\/wp-json\/wp\/v2\/product_cat?post=1728"},{"taxonomy":"product_tag","embeddable":true,"href":"https:\/\/aunitypartner.com\/en\/wp-json\/wp\/v2\/product_tag?post=1728"}],"curies":[{"name":"wp","href":"https:\/\/api.w.org\/{rel}","templated":true}]}}