 {"id":1726,"date":"2023-06-21T11:00:00","date_gmt":"2023-06-21T09:00:00","guid":{"rendered":"https:\/\/svetanionov.sk\/?post_type=product&#038;p=1726"},"modified":"2026-02-13T11:02:50","modified_gmt":"2026-02-13T10:02:50","slug":"pomaranc-sladky-taliansky","status":"publish","type":"product","link":"https:\/\/aunitypartner.com\/en\/produkt\/pomaranc-sladky-taliansky\/","title":{"rendered":"POMARAN\u010c SLADK\u00dd TALIANSKY, 10ml, 100 % \u00e9terick\u00fd olej"},"content":{"rendered":"<p><b>POMARAN\u010c SLADK\u00dd TALIANSKY<\/b><\/p>\n<p><b>100% pr\u00edrodn\u00fd esenci\u00e1lny olej, obsah 10ml<\/b><\/p>\n<p>Esenci\u00e1lne oleje sa z\u00edskavaj\u00fa z r\u00f4znych rastl\u00edn destil\u00e1ciou alebo lisovan\u00edm za studena a \u010dasto sa pou\u017e\u00edvaj\u00fa pre svoje terapeutick\u00e9 a aromaterapeutick\u00e9 vlastnosti. Jedn\u00fdm z t\u00fdchto esenci\u00e1lnych olejov je 100 % pr\u00edrodn\u00fd esenci\u00e1lny olej Pomaran\u010d sladk\u00fd taliansky, ktor\u00fd sa z\u00edskava zo \u0161upky sladk\u00e9ho pomaran\u010da (Citrus sinensis).<\/p>\n<p>Chemick\u00e9 zlo\u017eenie esenci\u00e1lneho oleja Pomaran\u010d sladk\u00fd taliansky sa l\u00ed\u0161i v z\u00e1vislosti od toho, kde a za ak\u00fdch podmienok sa pestuje, ale zvy\u010dajne obsahuje vysok\u00e9 mno\u017estvo monoterp\u00e9nov, ako s\u00fa limon\u00e9n, myrcen a alfa-pin\u00e9n. Obsahuje aj mno\u017estvo \u010fal\u0161\u00edch zl\u00fa\u010den\u00edn, ako s\u00fa aldehydy (citral, citronellal) a estery (etylbutyr\u00e1t, oktanal). Tieto zl\u00fa\u010deniny dod\u00e1vaj\u00fa pomaran\u010dovej silici charakteristick\u00e9 vlastnosti vr\u00e1tane sladkej ovocnej v\u00f4ne a r\u00f4znych terapeutick\u00fdch \u00fa\u010dinkov.<\/p>\n<p>Pou\u017eitie 100% pr\u00edrodn\u00e9ho esenci\u00e1lneho oleja zo sladk\u00e9ho talianskeho pomaran\u010da<\/p>\n<p>100 % pr\u00edrodn\u00fd esenci\u00e1lny olej Pomaran\u010d sladk\u00fd taliansky m\u00e1 upokojuj\u00faci \u00fa\u010dinok na nervov\u00fd syst\u00e9m a m\u00f4\u017ee pom\u00f4c\u0165 pri \u00fazkosti, depresii a strese.<\/p>\n<p>100 % pr\u00edrodn\u00fd esenci\u00e1lny olej Pomaran\u010d sladk\u00fd taliansky m\u00e1 v\u010faka svojmu zlo\u017eeniu rozmanit\u00e9 vyu\u017eitie a \u00fa\u010dinky. Niektor\u00e9 z najd\u00f4le\u017eitej\u0161\u00edch pou\u017eit\u00ed a \u00fa\u010dinkov:<\/p>\n<p><b>Uvo\u013enenie a zn\u00ed\u017eenie stresu<\/b>:\u00a0Esenci\u00e1lny olej Pomaran\u010d sladk\u00fd taliansky m\u00e1 upokojuj\u00faci \u00fa\u010dinok na nervov\u00fd syst\u00e9m a m\u00f4\u017ee pom\u00f4c\u0165 zn\u00ed\u017ei\u0165 stres a \u00fazkos\u0165. M\u00f4\u017ee sa pou\u017e\u00edva\u0165 ako pr\u00edrodn\u00e9 sedat\u00edvum a pom\u00e1ha pri poruch\u00e1ch sp\u00e1nku.<\/p>\n<p><b>Zlep\u0161enie n\u00e1lady<\/b>:\u00a0Sladk\u00e1 a ovocn\u00e1 v\u00f4\u0148a pomaran\u010dov\u00e9ho esenci\u00e1lneho oleja m\u00f4\u017ee ma\u0165 pozit\u00edvny vplyv na n\u00e1ladu a pom\u00e1ha zmierni\u0165 depres\u00edvne n\u00e1lady.<\/p>\n<p><b>\u00da\u013eava od bolesti<\/b>:\u00a0Esenci\u00e1lny olej Pomaran\u010d sladk\u00fd taliansky m\u00e1 protiz\u00e1palov\u00e9 a boles\u0165 zmier\u0148uj\u00face vlastnosti a m\u00f4\u017ee pom\u00f4c\u0165 pri bolestiach hlavy, migr\u00e9ne a reumatick\u00fdch \u0165a\u017ekostiach.<\/p>\n<p><b>Aromaterapia:<\/b>\u00a0Esenci\u00e1lny olej Pomaran\u010d sladk\u00fd taliansky sa \u010dasto pou\u017e\u00edva v aromaterapii na zlep\u0161enie n\u00e1lady, zmiernenie stresu a podporu celkovej pohody.<\/p>\n<p>Sp\u00f4sob \u00fa\u010dinku tohto esenci\u00e1lneho oleja je sp\u00f4soben\u00fd jeho zlo\u017een\u00edm. Hlavn\u00fdmi zlo\u017ekami oleja s\u00fa monoterp\u00e9ny, ako s\u00fa limon\u00e9n, myrcen a alfa-pin\u00e9n. Tieto zl\u00fa\u010deniny maj\u00fa protiz\u00e1palov\u00e9, analgetick\u00e9 a antimikrobi\u00e1lne vlastnosti. Okrem toho olej obsahuje aj aldehydy ako citral a citronellal, ako aj estery ako etylbutyr\u00e1t a oktanal, ktor\u00e9 maj\u00fa upokojuj\u00faci \u00fa\u010dinok na nervov\u00fd syst\u00e9m a m\u00f4\u017eu pom\u00f4c\u0165 pri strese a \u00fazkosti.<\/p>\n<p>S\u00fahrnne mo\u017eno poveda\u0165, \u017ee 100 % pr\u00edrodn\u00fd esenci\u00e1lny olej Pomaran\u010d sladk\u00fd taliansky je v\u0161estrann\u00fd a u\u017eito\u010dn\u00fd esenci\u00e1lny olej so \u0161irokou \u0161k\u00e1lou terapeutick\u00fdch vlastnost\u00ed. Je v\u0161ak d\u00f4le\u017eit\u00e9 pou\u017e\u00edva\u0165 ho bezpe\u010dne a vo vhodn\u00fdch koncentr\u00e1ci\u00e1ch.<\/p>\n<p>Upozornenie:<\/p>\n<p>Je d\u00f4le\u017eit\u00e9 si uvedomi\u0165, \u017ee esenci\u00e1lne oleje s\u00fa siln\u00e9 a pred ich pou\u017eit\u00edm je potrebn\u00e9 prija\u0165 ur\u010dit\u00e9 bezpe\u010dnostn\u00e9 opatrenia.<\/p>\n<p>\u00c9terick\u00e9 oleje by sa mali v\u017edy riedi\u0165 a pou\u017e\u00edva\u0165 opatrne, preto\u017ee pri nespr\u00e1vnom pou\u017e\u00edvan\u00ed m\u00f4\u017eu ma\u0165 aj ved\u013eaj\u0161ie \u00fa\u010dinky. Osobitn\u00fa pozornos\u0165 treba venova\u0165 de\u0165om a tehotn\u00fdm \u017een\u00e1m.<\/p>\n<p>Takisto by ich mali pou\u017e\u00edva\u0165 len kvalifikovan\u00e9 osoby alebo pod veden\u00edm odborn\u00edka. Pred pou\u017eit\u00edm sa odpor\u00fa\u010da vykona\u0165 test na alergiu.<\/p>\n<p>Je d\u00f4le\u017eit\u00e9 si uvedomi\u0165, \u017ee esenci\u00e1lny olej Pomaran\u010d sladk\u00fd taliansky je ve\u013emi koncentrovan\u00fd, a preto by sa mal pred aplik\u00e1ciou na poko\u017eku alebo po\u017eit\u00edm zriedi\u0165.<span class=\"Apple-converted-space\">\u00a0<\/span><\/p>\n<p>U niektor\u00fdch \u013eud\u00ed m\u00f4\u017ee sp\u00f4sobi\u0165 aj alergick\u00e9 reakcie, preto by sa mal v\u017edy pou\u017e\u00edva\u0165 s opatrnos\u0165ou.<\/p>\n","protected":false},"excerpt":{"rendered":"<p>100% pr\u00edrodn\u00fd esenci\u00e1lny olej, obsah 10ml<\/p>\n","protected":false},"featured_media":1727,"comment_status":"closed","ping_status":"closed","template":"","meta":[],"product_brand":[],"product_cat":[40],"product_tag":[],"class_list":{"0":"post-1726","1":"product","2":"type-product","3":"status-publish","4":"has-post-thumbnail","6":"product_cat-etericke-oleje-aunity","8":"first","9":"instock","10":"taxable","11":"shipping-taxable","12":"purchasable","13":"product-type-simple"},"_links":{"self":[{"href":"https:\/\/aunitypartner.com\/en\/wp-json\/wp\/v2\/product\/1726","targetHints":{"allow":["GET"]}}],"collection":[{"href":"https:\/\/aunitypartner.com\/en\/wp-json\/wp\/v2\/product"}],"about":[{"href":"https:\/\/aunitypartner.com\/en\/wp-json\/wp\/v2\/types\/product"}],"replies":[{"embeddable":true,"href":"https:\/\/aunitypartner.com\/en\/wp-json\/wp\/v2\/comments?post=1726"}],"wp:featuredmedia":[{"embeddable":true,"href":"https:\/\/aunitypartner.com\/en\/wp-json\/wp\/v2\/media\/1727"}],"wp:attachment":[{"href":"https:\/\/aunitypartner.com\/en\/wp-json\/wp\/v2\/media?parent=1726"}],"wp:term":[{"taxonomy":"product_brand","embeddable":true,"href":"https:\/\/aunitypartner.com\/en\/wp-json\/wp\/v2\/product_brand?post=1726"},{"taxonomy":"product_cat","embeddable":true,"href":"https:\/\/aunitypartner.com\/en\/wp-json\/wp\/v2\/product_cat?post=1726"},{"taxonomy":"product_tag","embeddable":true,"href":"https:\/\/aunitypartner.com\/en\/wp-json\/wp\/v2\/product_tag?post=1726"}],"curies":[{"name":"wp","href":"https:\/\/api.w.org\/{rel}","templated":true}]}}