 {"id":1724,"date":"2023-06-21T10:58:00","date_gmt":"2023-06-21T08:58:00","guid":{"rendered":"https:\/\/svetanionov.sk\/?post_type=product&#038;p=1724"},"modified":"2025-09-22T07:51:05","modified_gmt":"2025-09-22T05:51:05","slug":"zazvor-indicky","status":"publish","type":"product","link":"https:\/\/aunitypartner.com\/en\/produkt\/zazvor-indicky\/","title":{"rendered":"Z\u00c1ZVOR INDICK\u00dd, 10ml, 100 % \u00e9terick\u00fd olej"},"content":{"rendered":"<p><b>Z\u00c1ZVOR INDICK\u00dd<\/b><\/p>\n<p><b>100% pr\u00edrodn\u00fd esenci\u00e1lny olej, obsah 10ml<\/b><\/p>\n<p>Esenci\u00e1lny olej Z\u00e1zvor indick\u00fd je olej zo z\u00e1zvoru (Zingiber officinale) je cenn\u00fdm zdrojom \u00fa\u010dinn\u00fdch l\u00e1tok so \u0161irok\u00fdm spektrom farmakologick\u00fdch vlastnost\u00ed. Stopercentn\u00fd pr\u00edrodn\u00fd z\u00e1zvorov\u00fd esenci\u00e1lny olej z Indie sa z\u00edskava parnou destil\u00e1ciou kore\u0148a astliny a je zn\u00e1my vysokou koncentr\u00e1ciou gingerolov a shogaolov.<\/p>\n<p>Zlo\u017eenie z\u00e1zvorov\u00e9ho esenci\u00e1lneho oleja sa m\u00f4\u017ee l\u00ed\u0161i\u0165 v z\u00e1vislosti od miesta pestovania, \u010dasu zberu a pou\u017eit\u00fdch met\u00f3d spracovania, ale vo v\u0161eobecnosti obsahuje cel\u00fd rad bioakt\u00edvnych zl\u00fa\u010den\u00edn, ako s\u00fa seskviterp\u00e9ny, monoterp\u00e9ny a fenylprop\u00e1ny. Tieto zl\u00fa\u010deniny dod\u00e1vaj\u00fa z\u00e1zvorov\u00e9mu \u00e9terick\u00e9mu oleju jeho jedine\u010dn\u00e9 vlastnosti.<\/p>\n<p>Je mimoriadne ob\u013e\u00faben\u00fd v aromaterapii ako prostriedok na zlep\u0161enie n\u00e1lady a na zmiernenie stresu a \u00fazkosti.<\/p>\n<p>100% pr\u00edrodn\u00fd esenci\u00e1lny olej Z\u00e1zvor indick\u00fd je vysokokvalitn\u00fd produkt z\u00edskan\u00fd \u0161etrn\u00fdm spracovan\u00edm a starostliv\u00fdm v\u00fdberom surov\u00edn. Neobsahuje syntetick\u00e9 pr\u00edsady a m\u00e1 prirodzen\u00fd korenist\u00fd n\u00e1dych, ktor\u00fd z neho rob\u00ed univerz\u00e1lnu zlo\u017eku na v\u00fdrobu parfumov, kozmetiky a aromatick\u00fdch zmes\u00ed.<\/p>\n<p><b>Mo\u017enosti pou\u017eitia 100% pr\u00edrodn\u00e9ho esenci\u00e1lneho oleja Z\u00e1zvor indick\u00fd<\/b><\/p>\n<p><b>Aromaterapia:<\/b>\u00a0Esenci\u00e1lny olej Z\u00e1zvor indick\u00fd m\u00e1 povzbudzuj\u00faci \u00fa\u010dinok na myse\u013e a m\u00f4\u017ee pom\u00f4c\u0165 zmierni\u0165 stres, \u00fazkos\u0165 a \u00fanavu. \u010casto sa pou\u017e\u00edva v aromaterapii na zlep\u0161enie n\u00e1lady a podporu pocitu uvo\u013enenia.<\/p>\n<p>Jeho vyu\u017eitie je \u0161irok\u00e9 v\u010faka svojim rozmanit\u00fdm farmakologick\u00fdm vlastnostiam.<\/p>\n<p>Upozornenie:<\/p>\n<p>Je d\u00f4le\u017eit\u00e9 si uvedomi\u0165, \u017ee esenci\u00e1lne oleje s\u00fa siln\u00e9 a pred ich pou\u017eit\u00edm je potrebn\u00e9 prija\u0165 ur\u010dit\u00e9 bezpe\u010dnostn\u00e9 opatrenia.<\/p>\n<p>\u00c9terick\u00e9 oleje by sa mali v\u017edy riedi\u0165 a pou\u017e\u00edva\u0165 opatrne, preto\u017ee pri nespr\u00e1vnom pou\u017e\u00edvan\u00ed m\u00f4\u017eu ma\u0165 aj ved\u013eaj\u0161ie \u00fa\u010dinky. Osobitn\u00fa pozornos\u0165 treba venova\u0165 ich pou\u017e\u00edvaniu u det\u00ed a tehotn\u00fdch \u017eien.<\/p>\n<p>Mali by ich tie\u017e pou\u017e\u00edva\u0165 len kvalifikovan\u00e9 osoby alebo pod veden\u00edm odborn\u00edka. Pred pou\u017eit\u00edm sa odpor\u00fa\u010da urobi\u0165 test na alergiu.<\/p>\n<p>Hoci sa pova\u017euje za bezpe\u010dn\u00fd, tehotn\u00e9 \u017eeny a osoby, ktor\u00e9 u\u017e\u00edvaj\u00fa lieky alebo trpia chronick\u00fdmi ochoreniami, by sa mali pred pou\u017eit\u00edm poradi\u0165 s lek\u00e1rom alebo lek\u00e1rnikom.<\/p>\n","protected":false},"excerpt":{"rendered":"<p>100% pr\u00edrodn\u00fd esenci\u00e1lny olej, obsah 10ml<\/p>\n","protected":false},"featured_media":1725,"comment_status":"closed","ping_status":"closed","template":"","meta":[],"product_brand":[],"product_cat":[40],"product_tag":[],"class_list":{"0":"post-1724","1":"product","2":"type-product","3":"status-publish","4":"has-post-thumbnail","6":"product_cat-etericke-oleje-aunity","8":"first","9":"instock","10":"taxable","11":"shipping-taxable","12":"purchasable","13":"product-type-simple"},"_links":{"self":[{"href":"https:\/\/aunitypartner.com\/en\/wp-json\/wp\/v2\/product\/1724","targetHints":{"allow":["GET"]}}],"collection":[{"href":"https:\/\/aunitypartner.com\/en\/wp-json\/wp\/v2\/product"}],"about":[{"href":"https:\/\/aunitypartner.com\/en\/wp-json\/wp\/v2\/types\/product"}],"replies":[{"embeddable":true,"href":"https:\/\/aunitypartner.com\/en\/wp-json\/wp\/v2\/comments?post=1724"}],"wp:featuredmedia":[{"embeddable":true,"href":"https:\/\/aunitypartner.com\/en\/wp-json\/wp\/v2\/media\/1725"}],"wp:attachment":[{"href":"https:\/\/aunitypartner.com\/en\/wp-json\/wp\/v2\/media?parent=1724"}],"wp:term":[{"taxonomy":"product_brand","embeddable":true,"href":"https:\/\/aunitypartner.com\/en\/wp-json\/wp\/v2\/product_brand?post=1724"},{"taxonomy":"product_cat","embeddable":true,"href":"https:\/\/aunitypartner.com\/en\/wp-json\/wp\/v2\/product_cat?post=1724"},{"taxonomy":"product_tag","embeddable":true,"href":"https:\/\/aunitypartner.com\/en\/wp-json\/wp\/v2\/product_tag?post=1724"}],"curies":[{"name":"wp","href":"https:\/\/api.w.org\/{rel}","templated":true}]}}