 {"id":1722,"date":"2023-06-21T10:56:00","date_gmt":"2023-06-21T08:56:00","guid":{"rendered":"https:\/\/svetanionov.sk\/?post_type=product&#038;p=1722"},"modified":"2025-01-02T21:20:09","modified_gmt":"2025-01-02T20:20:09","slug":"eukalyptus-10ml","status":"publish","type":"product","link":"https:\/\/aunitypartner.com\/en\/produkt\/eukalyptus-10ml\/","title":{"rendered":"EUKALYPTUS, 10ml, 100 % \u00e9terick\u00fd olej"},"content":{"rendered":"<p><b>EUKALYPTUS<\/b><\/p>\n<p><b>100% pr\u00edrodn\u00fd esenci\u00e1lny olej, obsah 10ml<\/b><\/p>\n<p>100% pr\u00edrodn\u00fd esenci\u00e1lny olej EUKALYPTUS sa z\u00edskava parnou destil\u00e1ciou listov a vetvi\u010diek eukalyptu (Eucalyptus globulus). V\u00fdsledkom je bezfarebn\u00e1 a\u017e bledo\u017elt\u00e1 kvapalina s charakteristickou svie\u017eou bylinnou v\u00f4\u0148ou.<\/p>\n<p>Chemick\u00fdm zlo\u017een\u00edm sa esenci\u00e1lny olej sklad\u00e1 hlavne z monoterp\u00e9nov, najm\u00e4 z alfa-pin\u00e9nu, limon\u00e9nu a 1,8-cineolu (zn\u00e1meho aj ako eukalyptol). Tieto zl\u00fa\u010deniny s\u00fa zodpovedn\u00e9 za terapeutick\u00e9 vlastnosti oleja, ako s\u00fa jeho protiz\u00e1palov\u00e9, analgetick\u00e9, expektora\u010dn\u00e9 a antiseptick\u00e9 \u00fa\u010dinky.<\/p>\n<p>Eukalyptov\u00fd \u00e9terick\u00fd olej sa \u010dasto pou\u017e\u00edva v aromaterapii.<\/p>\n<p><b>Oblasti pou\u017eitia 100% pr\u00edrodn\u00e9ho esenci\u00e1lneho eukalyptov\u00e9ho oleja<\/b><\/p>\n<p>100% pr\u00edrodn\u00fd eukalyptov\u00fd \u00e9terick\u00fd olej m\u00e1 r\u00f4zne vyu\u017eitie a rozmanit\u00e9 \u00fa\u010dinky na \u013eudsk\u00fd organizmus. Niektor\u00e9 z najd\u00f4le\u017eitej\u0161\u00edch oblast\u00ed pou\u017eitia a \u00fa\u010dinkov s\u00fa uveden\u00e9 ni\u017e\u0161ie:<\/p>\n<p><b>Ochorenia d\u00fdchac\u00edch ciest:<\/b>\u00a0V\u010faka svojim expektora\u010dn\u00fdm a antiseptick\u00fdm \u00fa\u010dinkom sa eukalyptov\u00fd olej \u010dasto pou\u017e\u00edva na zmiernenie ochoren\u00ed d\u00fdchac\u00edch ciest, ako je ka\u0161e\u013e, bronchit\u00edda a astma.<\/p>\n<p><b>Zmiernenie stresu:<\/b>\u00a0V\u00f4\u0148a eukalyptov\u00e9ho oleja m\u00e1 upokojuj\u00faci \u00fa\u010dinok na organizmus a m\u00f4\u017ee pom\u00f4c\u0165 zn\u00ed\u017ei\u0165 stres a \u00fazkos\u0165.<\/p>\n<p><b>Odpudzova\u010d hmyzu:<\/b>\u00a0Eukalyptov\u00fd olej m\u00e1 aj odpudzuj\u00face vlastnosti vo\u010di hmyzu a m\u00f4\u017ee sa pou\u017e\u00edva\u0165 ako pr\u00edrodn\u00fd insektic\u00edd.<\/p>\n<p>\u00da\u010dinok eukalyptov\u00e9ho oleja je zalo\u017een\u00fd hlavne na \u00fa\u010dinku monoterp\u00e9nov, ktor\u00e9 obsahuje, najm\u00e4 na zlo\u017eke 1,8-cineol (eukalyptol). T\u00e1to l\u00e1tka m\u00e1 antibakteri\u00e1lne, antiv\u00edrusov\u00e9, protiz\u00e1palov\u00e9 a expektora\u010dn\u00e9 \u00fa\u010dinky. Okrem toho eukalyptov\u00fd olej obsahuje aj \u010fal\u0161ie zl\u00fa\u010deniny, ako s\u00fa limon\u00e9n, alfa-pin\u00e9n a alfa-terpineol, ktor\u00e9 tie\u017e m\u00f4\u017eu prispieva\u0165 k lie\u010debn\u00e9mu \u00fa\u010dinku.<\/p>\n<p>Upozornenie:<\/p>\n<p>Je d\u00f4le\u017eit\u00e9 si uvedomi\u0165, \u017ee esenci\u00e1lne oleje s\u00fa siln\u00e9 a pred ich pou\u017eit\u00edm je potrebn\u00e9 prija\u0165 ur\u010dit\u00e9 bezpe\u010dnostn\u00e9 opatrenia.<\/p>\n<p>\u00c9terick\u00e9 oleje by sa mali v\u017edy riedi\u0165 a pou\u017e\u00edva\u0165 opatrne, preto\u017ee pri nespr\u00e1vnom pou\u017e\u00edvan\u00ed m\u00f4\u017eu ma\u0165 aj ved\u013eaj\u0161ie \u00fa\u010dinky. Osobitn\u00fa pozornos\u0165 treba venova\u0165 ich pou\u017e\u00edvaniu u det\u00ed a tehotn\u00fdch \u017eien.<\/p>\n<p>Mali by ich tie\u017e pou\u017e\u00edva\u0165 len kvalifikovan\u00e9 osoby alebo pod veden\u00edm odborn\u00edka. Pred pou\u017eit\u00edm sa odpor\u00fa\u010da vykona\u0165 test na alergiu.<\/p>\n","protected":false},"excerpt":{"rendered":"<p>100% pr\u00edrodn\u00fd esenci\u00e1lny olej, obsah 10ml<\/p>\n","protected":false},"featured_media":1723,"comment_status":"closed","ping_status":"closed","template":"","meta":[],"product_brand":[],"product_cat":[40],"product_tag":[],"class_list":{"0":"post-1722","1":"product","2":"type-product","3":"status-publish","4":"has-post-thumbnail","6":"product_cat-etericke-oleje-aunity","8":"first","9":"instock","10":"taxable","11":"shipping-taxable","12":"purchasable","13":"product-type-simple"},"_links":{"self":[{"href":"https:\/\/aunitypartner.com\/en\/wp-json\/wp\/v2\/product\/1722","targetHints":{"allow":["GET"]}}],"collection":[{"href":"https:\/\/aunitypartner.com\/en\/wp-json\/wp\/v2\/product"}],"about":[{"href":"https:\/\/aunitypartner.com\/en\/wp-json\/wp\/v2\/types\/product"}],"replies":[{"embeddable":true,"href":"https:\/\/aunitypartner.com\/en\/wp-json\/wp\/v2\/comments?post=1722"}],"wp:featuredmedia":[{"embeddable":true,"href":"https:\/\/aunitypartner.com\/en\/wp-json\/wp\/v2\/media\/1723"}],"wp:attachment":[{"href":"https:\/\/aunitypartner.com\/en\/wp-json\/wp\/v2\/media?parent=1722"}],"wp:term":[{"taxonomy":"product_brand","embeddable":true,"href":"https:\/\/aunitypartner.com\/en\/wp-json\/wp\/v2\/product_brand?post=1722"},{"taxonomy":"product_cat","embeddable":true,"href":"https:\/\/aunitypartner.com\/en\/wp-json\/wp\/v2\/product_cat?post=1722"},{"taxonomy":"product_tag","embeddable":true,"href":"https:\/\/aunitypartner.com\/en\/wp-json\/wp\/v2\/product_tag?post=1722"}],"curies":[{"name":"wp","href":"https:\/\/api.w.org\/{rel}","templated":true}]}}