 {"id":1720,"date":"2023-06-21T10:56:00","date_gmt":"2023-06-21T08:56:00","guid":{"rendered":"https:\/\/svetanionov.sk\/?post_type=product&#038;p=1720"},"modified":"2026-04-20T23:17:36","modified_gmt":"2026-04-20T21:17:36","slug":"mata-japonska","status":"publish","type":"product","link":"https:\/\/aunitypartner.com\/en\/produkt\/mata-japonska\/","title":{"rendered":"M\u00c4TA JAPONSK\u00c1, 10ml, 100 % \u00e9terick\u00fd olej"},"content":{"rendered":"<p><b>M\u00c4TA JAPONSK\u00c1<\/b><\/p>\n<p><b>100% pr\u00edrodn\u00fd esenci\u00e1lny olej, obsah 10ml<\/b><\/p>\n<p>100% pr\u00edrodn\u00fd esenci\u00e1lny olej z\u00edskan\u00fd zo 101 byl\u00edn je komplexn\u00e1 zmes \u00e9terick\u00fdch lipofiln\u00fdch zl\u00fa\u010den\u00edn z\u00edskan\u00fdch z\u00a0r\u00f4znych rastl\u00edn parnou destil\u00e1ciou a lisovan\u00edm za studena.<span class=\"Apple-converted-space\">\u00a0<\/span><\/p>\n<p>100% pr\u00edrodn\u00fd esenci\u00e1lny m\u00e4tov\u00fd olej je z\u00edskan\u00fd parnou destil\u00e1ciou z listov m\u00e4ty japonskej (Mentha arvensis var. piperascens). Tento \u00e9terick\u00fd esenci\u00e1lny olej sa vyzna\u010duje typickou svie\u017eou bylinkovou v\u00f4\u0148ou a\u00a0je zn\u00e1my svojim vysok\u00fdm obsahom mentolu.<\/p>\n<p>\u010casto sa pou\u017e\u00edva v potravin\u00e1rskom, kozmetickom a farmaceutickom priemysle.<\/p>\n<p>Chemick\u00e9 zlo\u017eenie m\u00e4tov\u00e9ho esenci\u00e1lneho oleja pozost\u00e1va najm\u00e4 z monoterp\u00e9nov, ako s\u00fa mentol, ment\u00f3n, izoment\u00f3n a limon\u00e9n, ako aj zo seskviterp\u00e9nov, ako je karyofyl\u00e9n. Tieto zl\u00fa\u010deniny dod\u00e1vaj\u00fa oleju jeho charakteristick\u00e9 vlastnosti, ako je osvie\u017euj\u00faca v\u00f4\u0148a, chladiv\u00fd \u00fa\u010dinok na poko\u017eku a schopnos\u0165 otv\u00e1ra\u0165 d\u00fdchacie cesty.<\/p>\n<p><b>Oblasti pou\u017eitia 100% pr\u00edrodn\u00e9ho esenci\u00e1lneho m\u00e4tov\u00e9ho oleja japonsk\u00e9ho typu:<\/b><\/p>\n<p>M\u00e4tov\u00fd esenci\u00e1lny olej typick\u00fd pre Japonsko sa \u010dasto pou\u017e\u00edva na zmiernenie bolest\u00ed hlavy, nevo\u013enosti a pr\u00edznakov nachladnutia. M\u00e1 tie\u017e antimikrobi\u00e1lne a protiz\u00e1palov\u00e9 vlastnosti a m\u00f4\u017ee by\u0165 u\u017eito\u010dn\u00fd pri lie\u010dbe ko\u017en\u00fdch probl\u00e9mov, ako je svrbenie, boles\u0165 a podr\u00e1\u017edenie poko\u017eky.<\/p>\n<p>100% pr\u00edrodn\u00fd esenci\u00e1lny olej M\u00e4ta japonsk\u00e1 m\u00e1 rozmanit\u00e9 vyu\u017eitie a \u00fa\u010dinky na \u013eudsk\u00fd organizmus. Tu s\u00fa niektor\u00e9 z t\u00fdch najd\u00f4le\u017eitej\u0161\u00edch:<\/p>\n<p><b>D\u00fdchacie \u0165a\u017ekosti:<\/b>\u00a0V\u010faka svojim osvie\u017euj\u00facim a povzbudzuj\u00facim vlastnostiam esenci\u00e1lny olej z m\u00e4ty japonskej m\u00f4\u017ee pom\u00f4c\u0165 otvori\u0165 d\u00fdchacie cesty a zmierni\u0165 pr\u00edznaky prechladnutia, chr\u00edpky a in\u00fdch ochoren\u00ed d\u00fdchac\u00edch ciest. M\u00f4\u017ee tie\u017e pom\u00f4c\u0165 zn\u00ed\u017ei\u0165 z\u00e1chvaty astmy t\u00fdm, \u017ee roz\u0161iruje priedu\u0161ky.<\/p>\n<p><b>Antimikrobi\u00e1lne:<\/b>\u00a0M\u00e4tov\u00fd olej m\u00e1 antimikrobi\u00e1lne vlastnosti a m\u00f4\u017ee pom\u00f4c\u0165 v boji proti bakteri\u00e1lnym, v\u00edrusov\u00fdm a ples\u0148ov\u00fdm infekci\u00e1m.<\/p>\n<p><b>\u00da\u013eava od stresu:<\/b>\u00a0Osvie\u017euj\u00faca a upokojuj\u00faca v\u00f4\u0148a m\u00e4tov\u00e9ho esenci\u00e1lneho oleja m\u00f4\u017ee pom\u00f4c\u0165 zmierni\u0165 stres a zlep\u0161i\u0165 n\u00e1ladu.<\/p>\n<p>\u00da\u010dinok esenci\u00e1lneho oleja m\u00e4ty japonskej je sp\u00f4soben\u00fd p\u00f4soben\u00edm jej hlavnej zlo\u017eky mentolu, ktor\u00fd m\u00e1 chladiv\u00fd a osvie\u017euj\u00faci \u00fa\u010dinok. Mentol p\u00f4sob\u00ed ako vazodilat\u00e1tor, roz\u0161iruje cievy a zlep\u0161uje krvn\u00fd obeh. M\u00f4\u017ee tie\u017e pom\u00f4c\u0165 blokova\u0165 sign\u00e1ly bolesti a zn\u00ed\u017ei\u0165 uvo\u013e\u0148ovanie z\u00e1palov\u00fdch medi\u00e1torov.<\/p>\n<p>Upozornenie:<\/p>\n<p>Je d\u00f4le\u017eit\u00e9 si uvedomi\u0165, \u017ee esenci\u00e1lne oleje s\u00fa siln\u00e9 a pred ich pou\u017eit\u00edm je potrebn\u00e9 prija\u0165 ur\u010dit\u00e9 bezpe\u010dnostn\u00e9 opatrenia.<\/p>\n<p>\u00c9terick\u00e9 oleje by sa mali v\u017edy riedi\u0165 a pou\u017e\u00edva\u0165 opatrne, preto\u017ee pri nespr\u00e1vnom pou\u017e\u00edvan\u00ed m\u00f4\u017eu ma\u0165 aj ved\u013eaj\u0161ie \u00fa\u010dinky. Osobitn\u00fa pozornos\u0165 treba venova\u0165 ich pou\u017e\u00edvaniu u det\u00ed a tehotn\u00fdch \u017eien.<\/p>\n<p>Mali by ich tie\u017e pou\u017e\u00edva\u0165 len kvalifikovan\u00e9 osoby alebo pod veden\u00edm odborn\u00edka. Pred pou\u017eit\u00edm sa odpor\u00fa\u010da vykona\u0165 test na alergiu.<\/p>\n<p>Je d\u00f4le\u017eit\u00e9 si uvedomi\u0165, \u017ee m\u00e4tov\u00fd esenci\u00e1lny olej je ve\u013emi siln\u00fd a vo vysok\u00fdch d\u00e1vkach m\u00f4\u017ee by\u0165 toxick\u00fd. Mal by sa v\u017edy riedi\u0165 a pou\u017e\u00edva\u0165 opatrne, najm\u00e4 pri peror\u00e1lnom u\u017e\u00edvan\u00ed<\/p>\n","protected":false},"excerpt":{"rendered":"<p>100% pr\u00edrodn\u00fd esenci\u00e1lny olej, obsah 10ml<\/p>\n","protected":false},"featured_media":1721,"comment_status":"closed","ping_status":"closed","template":"","meta":[],"product_brand":[],"product_cat":[40],"product_tag":[],"class_list":{"0":"post-1720","1":"product","2":"type-product","3":"status-publish","4":"has-post-thumbnail","6":"product_cat-etericke-oleje-aunity","8":"first","9":"instock","10":"taxable","11":"shipping-taxable","12":"purchasable","13":"product-type-simple"},"_links":{"self":[{"href":"https:\/\/aunitypartner.com\/en\/wp-json\/wp\/v2\/product\/1720","targetHints":{"allow":["GET"]}}],"collection":[{"href":"https:\/\/aunitypartner.com\/en\/wp-json\/wp\/v2\/product"}],"about":[{"href":"https:\/\/aunitypartner.com\/en\/wp-json\/wp\/v2\/types\/product"}],"replies":[{"embeddable":true,"href":"https:\/\/aunitypartner.com\/en\/wp-json\/wp\/v2\/comments?post=1720"}],"wp:featuredmedia":[{"embeddable":true,"href":"https:\/\/aunitypartner.com\/en\/wp-json\/wp\/v2\/media\/1721"}],"wp:attachment":[{"href":"https:\/\/aunitypartner.com\/en\/wp-json\/wp\/v2\/media?parent=1720"}],"wp:term":[{"taxonomy":"product_brand","embeddable":true,"href":"https:\/\/aunitypartner.com\/en\/wp-json\/wp\/v2\/product_brand?post=1720"},{"taxonomy":"product_cat","embeddable":true,"href":"https:\/\/aunitypartner.com\/en\/wp-json\/wp\/v2\/product_cat?post=1720"},{"taxonomy":"product_tag","embeddable":true,"href":"https:\/\/aunitypartner.com\/en\/wp-json\/wp\/v2\/product_tag?post=1720"}],"curies":[{"name":"wp","href":"https:\/\/api.w.org\/{rel}","templated":true}]}}