 {"id":159,"date":"2023-05-16T15:56:00","date_gmt":"2023-05-16T13:56:00","guid":{"rendered":"https:\/\/beta.svetanionov.sk\/?post_type=product&#038;p=159"},"modified":"2026-03-02T11:12:07","modified_gmt":"2026-03-02T10:12:07","slug":"anion-face-tonic-regeneracne-pletove-tonikum","status":"publish","type":"product","link":"https:\/\/aunitypartner.com\/en\/produkt\/anion-face-tonic-regeneracne-pletove-tonikum\/","title":{"rendered":"ANION FACE-TONIC regenera\u010dn\u00e9 tonikum PR\u00cdRODN\u00c1 KOZMETIKA 200 ml"},"content":{"rendered":"<p><b>ANION FACE-TONIC<\/b><\/p>\n<p><b>pr\u00edrodn\u00e9 regenera\u010dn\u00e9 tonikum<\/b><\/p>\n<ul>\n<li>Kombin\u00e1cia \u010distiacej micel\u00e1rnej vody, hydrata\u010dn\u00e9ho koncentr\u00e1tu a\u00a0upokojuj\u00faceho tonika vyzna\u010duj\u00faca sa jemnou a\u00a0l\u00e1skavou starostlivos\u0165ou.<\/li>\n<li>Pr\u00edrodn\u00e9 ani\u00f3nov\u00e9 regenera\u010dn\u00e9 tonikum vhodn\u00e9 pre \u0148u aj pre neho. V\u00fdborn\u00e9 pre dospievaj\u00facu ple\u0165 adolescentov.<\/li>\n<\/ul>\n<p>Obsahuje pr\u00edrodn\u00e9 zlo\u017eky a <b>jedine\u010dn\u00fa ani\u00f3nov\u00fa formulu, vyvinut\u00fa spolo\u010dnos\u0165ou aunity<\/b><\/p>\n<p>\u00da\u010dinky:<\/p>\n<p>Kombin\u00e1cia pr\u00edrodn\u00fdch l\u00e1tok,\u00a0micel\u00e1rnej vody a\u00a0ani\u00f3nov v\u00a0zlo\u017een\u00ed tohto produktu<\/p>\n<ul>\n<li>Poko\u017eku hlad\u00ed a odstra\u0148uje v\u0161etky ne\u010distoty<span class=\"Apple-converted-space\">\u00a0 <\/span>(zvy\u0161ky make-upu, prebyto\u010dn\u00fd tuk, odumret\u00e9 bunky)<span class=\"Apple-converted-space\">\u00a0<\/span><\/li>\n<li>Poko\u017eku hydratuje a vy\u017eivuje<\/li>\n<li>S\u0165ahuje p\u00f3ry, upokojuje a\u00a0regeneruje<\/li>\n<li>Reguluje tvorbu ko\u017en\u00e9ho mazu<\/li>\n<li>Vyrovn\u00e1va pH pleti a<span class=\"Apple-converted-space\">\u00a0 <\/span>tonizuje ju<\/li>\n<li>Rozjas\u0148uje a d\u00e1va poko\u017eke pocit svie\u017eosti<\/li>\n<\/ul>\n<p><b>Zlo\u017eenia \/ Akt\u00edvne l\u00e1tky:<span class=\"Apple-converted-space\">\u00a0<\/span><\/b><\/p>\n<p><b>Provitam\u00edn B5, Terry\u00ae Aloe Vera Gel, Thalassine\u00ae 2G (Seppic), Zink-PCA, Allantoin, Inositol.<\/b><\/p>\n<p>Ingrediencie: AQUA (VODA), GLYCERIN, PROPANEDIOL, PENTYLENE GLYCOL, INOSITOL, ALOE BARBADENSIS LEAF JUICE POWDER, MARIS SAL (MORSK\u00c1 SO\u013d), PANTHENOL, ZINC PCA, SODIUM HYALURONATE, <b>TRIPLEUROSPERMUM MARITIMUM EXTRACT<\/b>, ALLANTOIN, HYDROXYACETOPHENONE, LACTIC ACID, SODIUM HYDROXIDE, CITRIC ACID<\/p>\n<p><b>Pou\u017eitie:<\/b><\/p>\n<p>ANION FACE- TONIC aplikujte na m\u00e4kk\u00fd vatov\u00fd tamp\u00f3nik a z\u013eahka votrite do umytej poko\u017eky tv\u00e1re, krku a dekoltu. Tonikum<span class=\"Apple-converted-space\">\u00a0 <\/span>neoplachujte, nechajte ho p\u00f4sobi\u0165, preto\u017ee len tak sa do pleti dostan\u00fa hydrata\u010dn\u00e9 a vy\u017eivuj\u00face l\u00e1tky.<\/p>\n<p>Pou\u017e\u00edvajte r\u00e1no a ve\u010der,<span class=\"Apple-converted-space\">\u00a0 <\/span>pr\u00edpadne pod\u013ea potreby.<span class=\"Apple-converted-space\">\u00a0<\/span><\/p>\n<p>Aplik\u00e1cia ANION FACE \u2013 TONIC dostane poko\u017eku do formy a priprav\u00ed ju na \u010fal\u0161ie o\u0161etrenie. <span class=\"Apple-converted-space\">\u00a0<\/span><\/p>\n<p><b>Priprav\u00ed ple\u0165, podpor\u00ed a umocn\u00ed \u00fa\u010dinky n\u00e1sledne pou\u017eitej kozmetiky ANION ANTI-AGING BALANCE,<span class=\"Apple-converted-space\">\u00a0 <\/span>pr\u00edrodn\u00e9ho kr\u00e9mu na such\u00fa alebo norm\u00e1lnu ple\u0165.<\/b><\/p>\n<p>Popis akt\u00edvnych zlo\u017eiek:<\/p>\n<p><b>THALASSINE \u00ae 2G (Seppic)<\/b><\/p>\n<ul>\n<li>Extrakt Tripleurospermum maritimum Thalassine 2 \u2122 G<span class=\"Apple-converted-space\">\u00a0<\/span><\/li>\n<li>Extrakt z harman\u010deka morsk\u00e9ho<span class=\"Apple-converted-space\">\u00a0<\/span><\/li>\n<li>Jedine\u010dn\u00e9 relaxa\u010dn\u00e9 vlastnosti, podobn\u00fd botoxu s priamym vplyvom na zn\u00ed\u017eenie v\u00fdskytu v\u00fdrazov\u00fdch \u010diar a vr\u00e1sok.<\/li>\n<li>Thalassine 2 \u2122 G poko\u017eku hydratuje, upokojuje a zjem\u0148uje<\/li>\n<li>Zdroj aminokysel\u00edn a\u00a0frukt\u00f3zy<\/li>\n<\/ul>\n<p><b>TERRY\u00ae ALOE VERA GEL<\/b><\/p>\n<ul>\n<li>Aloe Vera je pln\u00e1 vitam\u00ednov (A, B, C, E), miner\u00e1lov, aminokysel\u00edn a \u010fal\u0161\u00edch blahodarn\u00fdch l\u00e1tok. Vynik\u00e1 hlavne svojimi hydrata\u010dn\u00fdmi a upokojuj\u00facimi \u00fa\u010dinkami. Ve\u013emi priaznivo p\u00f4sob\u00ed na podr\u00e1\u017eden\u00fa, \u010di sp\u00e1len\u00fa poko\u017eku od slnie\u010dka, ktor\u00fa chlad\u00ed a hoj\u00ed z\u00e1rove\u0148<\/li>\n<li>Poko\u017eke navracia straten\u00fa hydrat\u00e1ciu a elasticitu, podporuje hojenie buniek. Podporuje regenera\u010dn\u00e9 schopnosti poko\u017eky, je vhodn\u00e1 aj na hojenie drobn\u00fdch r\u00e1n. Je to siln\u00fd antioxidant, vyu\u017e\u00edva sa aj pri lie\u010dbe ko\u017en\u00fdch probl\u00e9mov ako s\u00fa ekz\u00e9my, lupienka, dermatit\u00edda<\/li>\n<\/ul>\n<p><b>PANTENOL<\/b><\/p>\n<ul>\n<li>Panthenol \u2013 prekurzor vitam\u00ednu B5,<span class=\"Apple-converted-space\">\u00a0 <\/span>po preniknut\u00ed do poko\u017eky sa premen\u00ed na kyselinu pantot\u00e9nov\u00fa.<\/li>\n<li>Stimul\u00e1cia synt\u00e9zy keratinocytov a mno\u017eenie fibroblastov (buniek epidermy, ktor\u00e9 ju tvoria)<\/li>\n<li>Hojenie l\u00e9zi\u00ed a ur\u00fdchlenie regener\u00e1cie poko\u017eky<\/li>\n<li>Zv\u00fd\u0161enie hydrat\u00e1cie<span class=\"Apple-converted-space\">\u00a0<\/span><\/li>\n<li>Protiz\u00e1palov\u00fd \u00fa\u010dinok<\/li>\n<\/ul>\n<p><b>ZINC PCA<\/b><\/p>\n<ul>\n<li>Zn<sup>2+<\/sup> so\u013e kys. pyrrolidonkarboxylovej<span class=\"Apple-converted-space\">\u00a0 <\/span>(PCA)<\/li>\n<li>Prirodzen\u00e1 s\u00fa\u010das\u0165 polo\u017eky s \u00falohou udr\u017eiava\u0165 jej prirodzen\u00fa mieru vlhkosti<\/li>\n<li>Adstringentn\u00e9 a antibakteri\u00e1lne \u00fa\u010dinky a pom\u00e1ha regulova\u0165 produkciu mazu a pom\u00e1ha v boji proti akn\u00e9<\/li>\n<li>Ple\u0165ov\u00fd kondicion\u00e9r, zlep\u0161uje celkov\u00fd stav poko\u017eky trpiaci such\u00fdmi \u0161upinkami alebo seboroick\u00fa dermatit\u00eddou<\/li>\n<li>Podporuje hydrat\u00e1ciu a pru\u017enos\u0165 poko\u017eky<\/li>\n<li>Zinc PCA chr\u00e1ni poko\u017eku pred pred\u010dasn\u00fdmi zn\u00e1mkami starnutia, najm\u00e4 pred tvorbou vr\u00e1sok<\/li>\n<li>Anti-age \u00fa\u010dinky.<span class=\"Apple-converted-space\">\u00a0<\/span><\/li>\n<\/ul>\n<p><b>GLYCER\u00cdN<\/b><\/p>\n<ul>\n<li>Prirodzene s\u00fa\u010das\u0165 vyskytuj\u00faca sa v\u00a0rastlin\u00e1ch, zvierat\u00e1ch a v<span class=\"Apple-converted-space\">\u00a0<\/span><\/li>\n<li>Nedr\u00e1\u017edi a nesp\u00f4sobuje alergie<\/li>\n<li>M\u00e1 v\u00fdrazn\u00e9 hydrata\u010dn\u00e9 a zvlh\u010duj\u00face \u00fa\u010dinky. Napom\u00e1ha vstreb\u00e1vaniu ostatn\u00fdch zlo\u017eiek<span class=\"Apple-converted-space\">\u00a0<\/span><\/li>\n<li>Napom\u00e1ha lep\u0161ej funkcii ochrannej bari\u00e9ry poko\u017eky, prirodzene ju chr\u00e1ni pred vonkaj\u0161\u00edmi vplyvmi<\/li>\n<\/ul>\n<p><b>MICEL\u00c1RNA VODA<\/b><\/p>\n<ul>\n<li>Je to zmes miciel (estery MK) vo vodnom roztoku<\/li>\n<li>Via\u017eu na seba ne\u010distoty a prebyto\u010dn\u00fd maz<\/li>\n<li>Bez obsahu alkoholu, vonn\u00fdch l\u00e1tok a in\u00fdch<span class=\"Apple-converted-space\">\u00a0 <\/span>dr\u00e1\u017ediv\u00fdch l\u00e1tok<\/li>\n<li>Rozp\u00fa\u0161\u0165a ne\u010distoty, ple\u0165 vy\u010dist\u00ed jemne a bez podr\u00e1\u017edenia<\/li>\n<li>Je ur\u010den\u00e1 pre v\u0161etky typy pleti, je vhodn\u00e1 aj pre citliv\u00fa oblas\u0165 o\u010d\u00ed a o\u010dn\u00e9ho okolia<\/li>\n<\/ul>\n","protected":false},"excerpt":{"rendered":"<p>ANION<span class=\"Apple-converted-space\">\u00a0 <\/span>FACE-TONIC regenera\u010dn\u00e9 ple\u0165ov\u00e9 tonikum \/ obsah 200ml<\/p>\n","protected":false},"featured_media":171,"comment_status":"open","ping_status":"closed","template":"","meta":[],"product_brand":[],"product_cat":[37],"product_tag":[],"class_list":{"0":"post-159","1":"product","2":"type-product","3":"status-publish","4":"has-post-thumbnail","6":"product_cat-anionova-kozmetika-aunity","8":"first","9":"instock","10":"taxable","11":"shipping-taxable","12":"purchasable","13":"product-type-simple"},"_links":{"self":[{"href":"https:\/\/aunitypartner.com\/en\/wp-json\/wp\/v2\/product\/159","targetHints":{"allow":["GET"]}}],"collection":[{"href":"https:\/\/aunitypartner.com\/en\/wp-json\/wp\/v2\/product"}],"about":[{"href":"https:\/\/aunitypartner.com\/en\/wp-json\/wp\/v2\/types\/product"}],"replies":[{"embeddable":true,"href":"https:\/\/aunitypartner.com\/en\/wp-json\/wp\/v2\/comments?post=159"}],"wp:featuredmedia":[{"embeddable":true,"href":"https:\/\/aunitypartner.com\/en\/wp-json\/wp\/v2\/media\/171"}],"wp:attachment":[{"href":"https:\/\/aunitypartner.com\/en\/wp-json\/wp\/v2\/media?parent=159"}],"wp:term":[{"taxonomy":"product_brand","embeddable":true,"href":"https:\/\/aunitypartner.com\/en\/wp-json\/wp\/v2\/product_brand?post=159"},{"taxonomy":"product_cat","embeddable":true,"href":"https:\/\/aunitypartner.com\/en\/wp-json\/wp\/v2\/product_cat?post=159"},{"taxonomy":"product_tag","embeddable":true,"href":"https:\/\/aunitypartner.com\/en\/wp-json\/wp\/v2\/product_tag?post=159"}],"curies":[{"name":"wp","href":"https:\/\/api.w.org\/{rel}","templated":true}]}}