 {"id":1577,"date":"2023-06-14T10:59:00","date_gmt":"2023-06-14T08:59:00","guid":{"rendered":"https:\/\/svetanionov.sk\/?post_type=product&#038;p=1577"},"modified":"2026-01-13T17:03:22","modified_gmt":"2026-01-13T16:03:22","slug":"deepure-pu-erh-tee-essence-100-ks","status":"publish","type":"product","link":"https:\/\/aunitypartner.com\/en\/produkt\/deepure-pu-erh-tee-essence-100-ks\/","title":{"rendered":"DEEPURE-PU-ERH-TEE Essence 100ks 0,5g (50ks Classic Or. + 50 ks so \u017een\u0161enom)"},"content":{"rendered":"<p>Deepure Pu &#8211; Erh Tee, esenci\u00e1lny detoxika\u010dn\u00fd \u010daj 100 ks (50 x Classic Original + 50 x so \u017een\u0161enom)<\/p>\n<p>Pr\u00edprava \u010daju<br \/>\n\u2022 Do \u0161\u00e1lky nasypte 1 vrec\u00fa\u0161ko (0,5g) \u010dajovej esencie.<br \/>\n\u2022 Zalejte 200 \u2013300 ml vody s teplotou max. 60 \u00b0a\u017e 70\u00b0C<br \/>\n\u2022 Pre najlep\u0161\u00ed \u00fa\u010dinok sa odpor\u00fa\u010da pravideln\u00e9 pitie 2 a\u017e 3 \u0161\u00e1lok denne<br \/>\n\u2022 \u010cajov\u00fa esenciu m\u00f4\u017eete zalieva\u0165 aj studenou vodou alebo prid\u00e1va\u0165 do ovocn\u00fdch \u0161tiav<\/p>\n<p>Podrobn\u00fd popis produktu je uveden\u00fd v pr\u00edbalovom let\u00e1ku<\/p>\n<p><a href=\"https:\/\/aunitypartner.com\/wp-content\/uploads\/2025\/03\/DEEPURE-PU-ERH-TEE_pribalovy-letak.pdf\" target=\"_blank\" rel=\"noopener\">DEEPURE PU ERH TEE pr\u00edbalov\u00fd let\u00e1k<\/a><\/p>\n","protected":false},"excerpt":{"rendered":"<p>Deepure Pu &#8211; Erh Tee, esenci\u00e1lny detoxika\u010dn\u00fd \u010daj 100 ks (50 x Classic Original + 50 x so \u017een\u0161enom)<\/p>\n","protected":false},"featured_media":1578,"comment_status":"closed","ping_status":"closed","template":"","meta":[],"product_brand":[],"product_cat":[38],"product_tag":[],"class_list":{"0":"post-1577","1":"product","2":"type-product","3":"status-publish","4":"has-post-thumbnail","6":"product_cat-kakao-kava-a-caj-aunity","8":"first","9":"instock","10":"taxable","11":"shipping-taxable","12":"purchasable","13":"product-type-simple"},"_links":{"self":[{"href":"https:\/\/aunitypartner.com\/en\/wp-json\/wp\/v2\/product\/1577","targetHints":{"allow":["GET"]}}],"collection":[{"href":"https:\/\/aunitypartner.com\/en\/wp-json\/wp\/v2\/product"}],"about":[{"href":"https:\/\/aunitypartner.com\/en\/wp-json\/wp\/v2\/types\/product"}],"replies":[{"embeddable":true,"href":"https:\/\/aunitypartner.com\/en\/wp-json\/wp\/v2\/comments?post=1577"}],"wp:featuredmedia":[{"embeddable":true,"href":"https:\/\/aunitypartner.com\/en\/wp-json\/wp\/v2\/media\/1578"}],"wp:attachment":[{"href":"https:\/\/aunitypartner.com\/en\/wp-json\/wp\/v2\/media?parent=1577"}],"wp:term":[{"taxonomy":"product_brand","embeddable":true,"href":"https:\/\/aunitypartner.com\/en\/wp-json\/wp\/v2\/product_brand?post=1577"},{"taxonomy":"product_cat","embeddable":true,"href":"https:\/\/aunitypartner.com\/en\/wp-json\/wp\/v2\/product_cat?post=1577"},{"taxonomy":"product_tag","embeddable":true,"href":"https:\/\/aunitypartner.com\/en\/wp-json\/wp\/v2\/product_tag?post=1577"}],"curies":[{"name":"wp","href":"https:\/\/api.w.org\/{rel}","templated":true}]}}