 {"id":1569,"date":"2023-06-14T10:53:00","date_gmt":"2023-06-14T08:53:00","guid":{"rendered":"https:\/\/svetanionov.sk\/?post_type=product&#038;p=1569"},"modified":"2026-03-06T11:28:56","modified_gmt":"2026-03-06T10:28:56","slug":"energie-vital-kaffee","status":"publish","type":"product","link":"https:\/\/aunitypartner.com\/en\/produkt\/energie-vital-kaffee\/","title":{"rendered":"ENERGIE &#8211; VITAL KAFFEE 1 d\u00f3za s obsahom 210 g (30 d\u00e1vok po 7 g)"},"content":{"rendered":"<p>ENERGIE &#8211; VITAL KAFFEE 1 d\u00f3za s obsahom 210 g (30 d\u00e1vok po 7 g)<\/p>\n<p>s najjemnej\u0161\u00edm k\u00e1vov\u00fdm pr\u00e1\u0161kom (Arabica k\u00e1va), extraktom z plodnice huby Reishi (Ganoderma lucidum), extraktom z myc\u00e9lia \u010d\u00ednskej h\u00fasenicovej huby (Cordyceps sinensis), extraktom z plodnice Maitake, extraktom z plodnice Hericium erinaceus, chol\u00ednom, bio prote\u00ednov\u00fdm pr\u00e1\u0161kom z konopn\u00fdch semien (Cannabis sativa), v\u00e1pnikom, extraktom zo semien guarany, vitam\u00ednmi B12 a B6, chr\u00f3mom, niac\u00ednom (B3) a extraktom zo zelen\u00fdch k\u00e1vov\u00fdch z\u0155n.<\/p>\n<p>VIAC ENERGIE, VITALITY A PSYCHICKEJ ODOLNOSTI\u00a0v\u010faka<br \/>\n\u2022 AKTIV\u00c1CII ENERGETICK\u00c9HO METABOLIZMU*<br \/>\n\u2022 UDR\u017dIAVANIU HLADINY CUKRU V KRVI**<br \/>\n\u2022 MENEJ \u00daNAVY***<\/p>\n<p>*Niac\u00edn (vitam\u00edn B3) prispieva k norm\u00e1lnemu energetick\u00e9mu metabolizmu.<br \/>\n**Chr\u00f3m ako esenci\u00e1lny stopov\u00fd prvok prispieva k udr\u017eiavaniu norm\u00e1lnej hladiny cukru v krvi.<br \/>\n***Niac\u00edn (vitam\u00edn B3) prispieva k zn\u00ed\u017eeniu \u00fanavy a vy\u010derpania.<\/p>\n<p>Vegetari\u00e1nske, bez lakt\u00f3zy, bez lepku<\/p>\n<p>Podrobn\u00e9 zlo\u017eenie je uveden\u00e9 v pr\u00edbalovom let\u00e1ku.<\/p>\n<p><a href=\"https:\/\/aunitypartner.com\/wp-content\/uploads\/2025\/01\/ENERGY-VITAL-KAFFEE_pribalovy-letak.pdf\">ENERGIE VITAL KAFFEE pr\u00edbalov\u00fd let\u00e1k<\/a><\/p>\n","protected":false},"excerpt":{"rendered":"<p>ENERGIE &#8211; VITAL KAFFEE 1 d\u00f3za s obsahom 210 g (30 d\u00e1vok po 7 g)<\/p>\n<p>s k\u00e1vou Arabica, s extraktmi z medicin\u00e1lnych h\u00fab Reishi, Cordyceps sinensis, Maitake a Hericium a \u010fal\u0161\u00edmi zlo\u017ekami.<\/p>\n","protected":false},"featured_media":1570,"comment_status":"closed","ping_status":"closed","template":"","meta":[],"product_brand":[],"product_cat":[38],"product_tag":[],"class_list":{"0":"post-1569","1":"product","2":"type-product","3":"status-publish","4":"has-post-thumbnail","6":"product_cat-kakao-kava-a-caj-aunity","8":"first","9":"instock","10":"taxable","11":"shipping-taxable","12":"purchasable","13":"product-type-simple"},"_links":{"self":[{"href":"https:\/\/aunitypartner.com\/en\/wp-json\/wp\/v2\/product\/1569","targetHints":{"allow":["GET"]}}],"collection":[{"href":"https:\/\/aunitypartner.com\/en\/wp-json\/wp\/v2\/product"}],"about":[{"href":"https:\/\/aunitypartner.com\/en\/wp-json\/wp\/v2\/types\/product"}],"replies":[{"embeddable":true,"href":"https:\/\/aunitypartner.com\/en\/wp-json\/wp\/v2\/comments?post=1569"}],"wp:featuredmedia":[{"embeddable":true,"href":"https:\/\/aunitypartner.com\/en\/wp-json\/wp\/v2\/media\/1570"}],"wp:attachment":[{"href":"https:\/\/aunitypartner.com\/en\/wp-json\/wp\/v2\/media?parent=1569"}],"wp:term":[{"taxonomy":"product_brand","embeddable":true,"href":"https:\/\/aunitypartner.com\/en\/wp-json\/wp\/v2\/product_brand?post=1569"},{"taxonomy":"product_cat","embeddable":true,"href":"https:\/\/aunitypartner.com\/en\/wp-json\/wp\/v2\/product_cat?post=1569"},{"taxonomy":"product_tag","embeddable":true,"href":"https:\/\/aunitypartner.com\/en\/wp-json\/wp\/v2\/product_tag?post=1569"}],"curies":[{"name":"wp","href":"https:\/\/api.w.org\/{rel}","templated":true}]}}