 {"id":129,"date":"2023-05-16T12:35:00","date_gmt":"2023-05-16T10:35:00","guid":{"rendered":"https:\/\/beta.svetanionov.sk\/?post_type=product&#038;p=129"},"modified":"2026-04-20T10:41:27","modified_gmt":"2026-04-20T08:41:27","slug":"aniodent-mineral-zubna-pasta","status":"publish","type":"product","link":"https:\/\/aunitypartner.com\/en\/produkt\/aniodent-mineral-zubna-pasta\/","title":{"rendered":"ANIODENT Mineral zubn\u00e1 pasta  165g  x 1ks"},"content":{"rendered":"<blockquote><p><b>ZUBN\u00c1 PASTA ANIODENT MINERAL<span class=\"Apple-converted-space\">\u00a0<\/span><\/b><\/p><\/blockquote>\n<p>aunity ANIODENT miner\u00e1lna zubn\u00e1 pasta s ani\u00f3nmi, bez cukru a bez fluoru, s miner\u00e1lnymi so\u013eami<span class=\"Apple-converted-space\">\u00a0<\/span><\/p>\n<p>Obsah n\u00e1plne:<span class=\"Apple-converted-space\">\u00a0 <\/span>165g<\/p>\n<p><b>Svie\u017ei dych po\u010das cel\u00e9ho d\u0148a v\u010faka jemnej m\u00e4tovej chuti a\u00a0zubn\u00e1 sklovina bez nepr\u00edjemn\u00e9ho povlaku<\/b><\/p>\n<p>Charakteristick\u00fd \u00fa\u010dinok zubnej pasty ANIODENT MINERAL je zabezpe\u010den\u00fd v\u010faka jednej z\u00a0dominantn\u00fdch zlo\u017eiek &#8211;<span class=\"Apple-converted-space\">\u00a0 <\/span>himal\u00e1jskych prvohorn\u00fdch sol\u00ed (tibetskej starovekej soli).<\/p>\n<p>Po\u010das \u010distenia zubov sa prostredn\u00edctvom teploty v \u00fastnej dutine, pr\u00edtomnosti vody a\u00a0trenia pri um\u00fdvan\u00ed zubov v\u010faka pr\u00edtomnosti miner\u00e1lnych sol\u00ed vytv\u00e1raj\u00fa ani\u00f3ny. Ani\u00f3ny eliminuj\u00fa anaer\u00f3bne kmene bakt\u00e9ri\u00ed v \u00fastnej dutine, zab\u00edjaj\u00fa ich a\u00a0eliminuj\u00fa ich \u010fal\u0161ie rozmno\u017eovanie.\u00a0T\u00fdm sa zni\u017euje tvorba povlaku (plaku) a \u010fasn\u00e1 s\u00fa dobre z\u00e1soben\u00e9 krvou a\u00a0zabra\u0148uje sa vzniku proz\u00e1palov\u00e9ho prostredia.<\/p>\n<p>Miner\u00e1lne soli poskytuj\u00fa pr\u00edrodn\u00e9 stopov\u00e9 prvky, podporuj\u00fa tvorbu probiotick\u00fdch bakt\u00e9ri\u00ed v \u00fastnej dutine a podporuj\u00fa prekrvenie \u010fasien.\u00a0\u0160kodliv\u00e9 bakt\u00e9rie s\u00fa zab\u00edjan\u00e9 a zabra\u0148uje sa z\u00e1pachu z \u00fast.\u00a0V\u00fdsledkom s\u00fa \u010dist\u00e9 a zdrav\u00e9 zuby.<\/p>\n<p><b>ZUBN\u00c1 PASTA ANI\u00d3NOV\u00c1 MINER\u00c1LNA SO\u013d SVOJ \u00da\u010cINOK VYV\u00cdJA PROSTREDN\u00cdCTVOM ANIONIZOVANEJ PRIM\u00c1LNEJ SOLI<\/b><\/p>\n<p>Pri \u010disten\u00ed zubov teplota v \u00fastnej dutine a trenie zabezpe\u010duj\u00fa z\u00e1sobovanie zubnej pasty energiou.\u00a0Voda sa absorbuje a op\u00e4\u0165 uvo\u013e\u0148uje, \u010d\u00edm vznikaj\u00fa ani\u00f3ny.\u00a0Ani\u00f3ny absorbuj\u00fa anaer\u00f3bne kmene bakt\u00e9ri\u00ed v \u00fastnej dutine, zab\u00edjaj\u00fa ich a br\u00e1nia nov\u00e9mu rastu.\u00a0T\u00fdm sa zni\u017euje tvorba plaku a \u010fasn\u00e1 s\u00fa dobre z\u00e1soben\u00e9 krvou.\u00a0Miner\u00e1lne soli poskytuj\u00fa pr\u00edrodn\u00e9 stopov\u00e9 prvky, podporuj\u00fa tvorbu probiotick\u00fdch bakt\u00e9ri\u00ed v \u00fastnej dutine a podporuj\u00fa prekrvenie \u010fasien.\u00a0\u0160kodliv\u00e9 bakt\u00e9rie s\u00fa zab\u00edjan\u00e9 a zabra\u0148uje sa z\u00e1pachu z \u00fast.\u00a0V\u00fdsledkom s\u00fa \u010dist\u00e9 a zdrav\u00e9 zuby.<\/p>\n<p>Miner\u00e1lne soli udr\u017eiavaj\u00fa zdrav\u00e9 \u010fasn\u00e1, poskytuj\u00fa cel\u00fd rad stopov\u00fdch prvkov a zabezpe\u010duj\u00fa tvorbu probiotick\u00fdch bakt\u00e9ri\u00ed v \u00fastach.<\/p>\n<p><b>TIBETSK\u00c1 STAROVEK\u00c1 SO\u013d<\/b><\/p>\n<p>Prvotn\u00e1 so\u013e, ktor\u00e1 sa \u0165a\u017e\u00ed najm\u00e4 v Tibete a \u010c\u00edne, vznikla pri vyparovan\u00ed morskej vody asi pred 300 mili\u00f3nmi rokov.\u00a0Tibetsk\u00e1 starovek\u00e1 so\u013e<span class=\"Apple-converted-space\">\u00a0 <\/span>sa sklad\u00e1 hlavne z chloridu sodn\u00e9ho (NaCl), \u200b\u200bale m\u00e1 aj \u010fal\u0161ie neutr\u00e1lne zlo\u017eky, ktor\u00e9 mo\u017eno n\u00e1js\u0165 v \u013eudskom tele, ako je j\u00f3d, drasl\u00edk, v\u00e1pnik, hor\u010d\u00edk, \u017eelezo, krem\u00edk a \u010fal\u0161ie pre \u010dloveka d\u00f4le\u017eit\u00e9 l\u00e1tky.\u00a0Tibetsk\u00e1 starovek\u00e1 so\u013e<span class=\"Apple-converted-space\">\u00a0 <\/span>pom\u00e1ha regulova\u0165 metabolizmus \u010dloveka.<\/p>\n<p>Zubn\u00e1 pasta ANIODENT MINERAL s\u00a0ani\u00f3nmi a\u00a0miner\u00e1lnymi so\u013eami sa sklad\u00e1 z r\u00f4znych rastlinn\u00fdch extraktov, ktor\u00e9 spolu s ani\u00f3nmi optim\u00e1lne chr\u00e1nia zuby a \u00fastnu dutinu.<br \/>\nPr\u00edrodn\u00e1 m\u00e4ta osvie\u017euje a zais\u0165uje svie\u017ei pocit v \u00fastach.\u00a0Svie\u017ea a chu\u0165 zelen\u00e9ho \u010daju dok\u00e1\u017ee odstr\u00e1ni\u0165 z\u00e1pach z\u00a0\u00fast a\u00a0p\u00f4sob\u00ed protiz\u00e1palovo. T\u00e1to zubn\u00e1 pasta je vyroben\u00e1 bez cukru a p\u00f4sob\u00ed proti po\u0161kodeniu zubov sp\u00f4soben\u00e9mu cukrom.<\/p>\n<p><b>\u00da\u010dinok zubnej pasty ANIODDENT MINERAL ocen\u00edte:<\/b><\/p>\n<ul>\n<li>Pri elimin\u00e1cii zubn\u00e9ho kame\u0148a a prevencii pred jeho tvorbou,<\/li>\n<li>Odstra\u0148ovan\u00ed povlaku a\u00a0f\u013eakov na zubnej sklovine<span class=\"Apple-converted-space\">\u00a0 <\/span>a\u00a0predch\u00e1dzanie ich tvorbe,<\/li>\n<li>Vyhladen\u00ed<span class=\"Apple-converted-space\">\u00a0 <\/span>a\u00a0ochrana zubnej skloviny pomocou prvkov nach\u00e1dzaj\u00facich sa v\u00a0himal\u00e1jskych soliach,<\/li>\n<li>Mineraliz\u00e1cii zubov, \u010fasien a\u00a0slizn\u00edc ,<\/li>\n<li>\u00daprave<span class=\"Apple-converted-space\">\u00a0 <\/span>pH v\u00a0\u00fastnej dutine,<\/li>\n<li>Ochrane \u010fasien, slizn\u00edc \u00fastnej dutiny a\u00a0jazyka pred z\u00e1palom, krv\u00e1cavos\u0165ou \u010fasien, paradent\u00f3zou,<\/li>\n<li>V\u00fdskytom \u00e1ft alebo vriedkov v \u00fastnej dutine,<\/li>\n<li>Elimin\u00e1cii bieleho povlaku na jazyku<\/li>\n<\/ul>\n","protected":false},"excerpt":{"rendered":"<p>ANIODENT MINERAL zubn\u00e1 pasta \/ obsah 165 g<\/p>\n","protected":false},"featured_media":1996,"comment_status":"closed","ping_status":"closed","template":"","meta":[],"product_brand":[],"product_cat":[37],"product_tag":[],"class_list":{"0":"post-129","1":"product","2":"type-product","3":"status-publish","4":"has-post-thumbnail","6":"product_cat-anionova-kozmetika-aunity","8":"first","9":"instock","10":"taxable","11":"shipping-taxable","12":"purchasable","13":"product-type-simple"},"_links":{"self":[{"href":"https:\/\/aunitypartner.com\/en\/wp-json\/wp\/v2\/product\/129","targetHints":{"allow":["GET"]}}],"collection":[{"href":"https:\/\/aunitypartner.com\/en\/wp-json\/wp\/v2\/product"}],"about":[{"href":"https:\/\/aunitypartner.com\/en\/wp-json\/wp\/v2\/types\/product"}],"replies":[{"embeddable":true,"href":"https:\/\/aunitypartner.com\/en\/wp-json\/wp\/v2\/comments?post=129"}],"wp:featuredmedia":[{"embeddable":true,"href":"https:\/\/aunitypartner.com\/en\/wp-json\/wp\/v2\/media\/1996"}],"wp:attachment":[{"href":"https:\/\/aunitypartner.com\/en\/wp-json\/wp\/v2\/media?parent=129"}],"wp:term":[{"taxonomy":"product_brand","embeddable":true,"href":"https:\/\/aunitypartner.com\/en\/wp-json\/wp\/v2\/product_brand?post=129"},{"taxonomy":"product_cat","embeddable":true,"href":"https:\/\/aunitypartner.com\/en\/wp-json\/wp\/v2\/product_cat?post=129"},{"taxonomy":"product_tag","embeddable":true,"href":"https:\/\/aunitypartner.com\/en\/wp-json\/wp\/v2\/product_tag?post=129"}],"curies":[{"name":"wp","href":"https:\/\/api.w.org\/{rel}","templated":true}]}}